{"id":1088,"date":"2016-10-13T14:31:55","date_gmt":"2016-10-13T14:31:55","guid":{"rendered":"http:\/\/www.fondazionefrancescofabbri.it\/it\/?page_id=1088"},"modified":"2016-10-13T14:31:55","modified_gmt":"2016-10-13T14:31:55","slug":"renato-ruffini","status":"publish","type":"page","link":"https:\/\/www.fondazionefrancescofabbri.it\/it\/about\/governance\/renato-ruffini\/","title":{"rendered":"Renato Ruffini"},"content":{"rendered":"<section class=\"wpb-content-wrapper\"><p>[vc_row][vc_column width=&#8221;1\/4&#8243;][vc_single_image image=&#8221;1089&#8243; img_size=&#8221;full&#8221;][\/vc_column][vc_column width=&#8221;3\/4&#8243;][vc_column_text]Renato Ruffini \u00e8 Professore di Economia aziendale e di Economia delle amministrazioni pubbliche all&#8217;Universit\u00e0 C. Cattaneo &#8211; LIUC di Castellanza (Va). Ha insegnato anche Organizzazione del lavoro presso diverse universit\u00e0 (LUMSA, Link campus) e corporate governance. Socio fondatore della Scuola di economia civile di Loppiano, \u00e8 inoltre Direttore della rivista RUPA (risorse umane nella pubblica amministrazione) e giornalista pubblicista.[\/vc_column_text][\/vc_column][\/vc_row]<\/p>\n<\/section>","protected":false},"excerpt":{"rendered":"<p>[vc_row][vc_column width=&#8221;1\/4&#8243;][vc_single_image image=&#8221;1089&#8243; img_size=&#8221;full&#8221;][\/vc_column][vc_column width=&#8221;3\/4&#8243;][vc_column_text]Renato Ruffini \u00e8 Professore di Economia aziendale e di Economia delle amministrazioni pubbliche all&#8217;Universit\u00e0 C. Cattaneo &#8211; LIUC di Castellanza (Va). Ha insegnato anche Organizzazione del <\/p>\n","protected":false},"author":3,"featured_media":0,"parent":84,"menu_order":0,"comment_status":"closed","ping_status":"closed","template":"duecolonne.php","meta":[],"acf":[],"yoast_head":"<!-- This site is optimized with the Yoast SEO plugin v20.8 - https:\/\/yoast.com\/wordpress\/plugins\/seo\/ -->\n<title>Renato Ruffini - Governance Fondazione Francesco Fabbri<\/title>\n<meta name=\"description\" content=\"Renato Ruffini \u00e8 Professore di Economia aziendale e di Economia delle amministrazioni pubbliche all&#039;Universit\u00e0 C. Cattaneo - LIUC di Castellanza (Va).\" \/>\n<meta name=\"robots\" content=\"index, follow, max-snippet:-1, max-image-preview:large, max-video-preview:-1\" \/>\n<link rel=\"canonical\" href=\"https:\/\/www.fondazionefrancescofabbri.it\/it\/about\/governance\/renato-ruffini\/\" \/>\n<meta property=\"og:locale\" content=\"it_IT\" \/>\n<meta property=\"og:type\" content=\"article\" \/>\n<meta property=\"og:title\" content=\"Renato Ruffini - Governance Fondazione Francesco Fabbri\" \/>\n<meta property=\"og:description\" content=\"Renato Ruffini \u00e8 Professore di Economia aziendale e di Economia delle amministrazioni pubbliche all&#039;Universit\u00e0 C. Cattaneo - LIUC di Castellanza (Va).\" \/>\n<meta property=\"og:url\" content=\"https:\/\/www.fondazionefrancescofabbri.it\/it\/about\/governance\/renato-ruffini\/\" \/>\n<meta property=\"og:site_name\" content=\"Fondazione Francesco Fabbri\" \/>\n<meta name=\"twitter:card\" content=\"summary_large_image\" \/>\n<script type=\"application\/ld+json\" class=\"yoast-schema-graph\">{\"@context\":\"https:\/\/schema.org\",\"@graph\":[{\"@type\":\"WebPage\",\"@id\":\"https:\/\/www.fondazionefrancescofabbri.it\/it\/about\/governance\/renato-ruffini\/\",\"url\":\"https:\/\/www.fondazionefrancescofabbri.it\/it\/about\/governance\/renato-ruffini\/\",\"name\":\"Renato Ruffini - Governance Fondazione Francesco Fabbri\",\"isPartOf\":{\"@id\":\"https:\/\/www.fondazionefrancescofabbri.it\/en\/#website\"},\"datePublished\":\"2016-10-13T14:31:55+00:00\",\"dateModified\":\"2016-10-13T14:31:55+00:00\",\"description\":\"Renato Ruffini \u00e8 Professore di Economia aziendale e di Economia delle amministrazioni pubbliche all'Universit\u00e0 C. Cattaneo - LIUC di Castellanza (Va).\",\"breadcrumb\":{\"@id\":\"https:\/\/www.fondazionefrancescofabbri.it\/it\/about\/governance\/renato-ruffini\/#breadcrumb\"},\"inLanguage\":\"it-IT\",\"potentialAction\":[{\"@type\":\"ReadAction\",\"target\":[\"https:\/\/www.fondazionefrancescofabbri.it\/it\/about\/governance\/renato-ruffini\/\"]}]},{\"@type\":\"BreadcrumbList\",\"@id\":\"https:\/\/www.fondazionefrancescofabbri.it\/it\/about\/governance\/renato-ruffini\/#breadcrumb\",\"itemListElement\":[{\"@type\":\"ListItem\",\"position\":1,\"name\":\"Home\",\"item\":\"https:\/\/www.fondazionefrancescofabbri.it\/it\/\"},{\"@type\":\"ListItem\",\"position\":2,\"name\":\"About\",\"item\":\"https:\/\/www.fondazionefrancescofabbri.it\/it\/about\/\"},{\"@type\":\"ListItem\",\"position\":3,\"name\":\"Governance\",\"item\":\"https:\/\/www.fondazionefrancescofabbri.it\/it\/about\/governance\/\"},{\"@type\":\"ListItem\",\"position\":4,\"name\":\"Renato Ruffini\"}]},{\"@type\":\"WebSite\",\"@id\":\"https:\/\/www.fondazionefrancescofabbri.it\/en\/#website\",\"url\":\"https:\/\/www.fondazionefrancescofabbri.it\/en\/\",\"name\":\"Fondazione Francesco Fabbri\",\"description\":\"Just another WordPress site\",\"potentialAction\":[{\"@type\":\"SearchAction\",\"target\":{\"@type\":\"EntryPoint\",\"urlTemplate\":\"https:\/\/www.fondazionefrancescofabbri.it\/en\/?s={search_term_string}\"},\"query-input\":\"required name=search_term_string\"}],\"inLanguage\":\"it-IT\"}]}<\/script>\n<!-- \/ Yoast SEO plugin. -->","yoast_head_json":{"title":"Renato Ruffini - Governance Fondazione Francesco Fabbri","description":"Renato Ruffini \u00e8 Professore di Economia aziendale e di Economia delle amministrazioni pubbliche all'Universit\u00e0 C. Cattaneo - LIUC di Castellanza (Va).","robots":{"index":"index","follow":"follow","max-snippet":"max-snippet:-1","max-image-preview":"max-image-preview:large","max-video-preview":"max-video-preview:-1"},"canonical":"https:\/\/www.fondazionefrancescofabbri.it\/it\/about\/governance\/renato-ruffini\/","og_locale":"it_IT","og_type":"article","og_title":"Renato Ruffini - Governance Fondazione Francesco Fabbri","og_description":"Renato Ruffini \u00e8 Professore di Economia aziendale e di Economia delle amministrazioni pubbliche all'Universit\u00e0 C. Cattaneo - LIUC di Castellanza (Va).","og_url":"https:\/\/www.fondazionefrancescofabbri.it\/it\/about\/governance\/renato-ruffini\/","og_site_name":"Fondazione Francesco Fabbri","twitter_card":"summary_large_image","schema":{"@context":"https:\/\/schema.org","@graph":[{"@type":"WebPage","@id":"https:\/\/www.fondazionefrancescofabbri.it\/it\/about\/governance\/renato-ruffini\/","url":"https:\/\/www.fondazionefrancescofabbri.it\/it\/about\/governance\/renato-ruffini\/","name":"Renato Ruffini - Governance Fondazione Francesco Fabbri","isPartOf":{"@id":"https:\/\/www.fondazionefrancescofabbri.it\/en\/#website"},"datePublished":"2016-10-13T14:31:55+00:00","dateModified":"2016-10-13T14:31:55+00:00","description":"Renato Ruffini \u00e8 Professore di Economia aziendale e di Economia delle amministrazioni pubbliche all'Universit\u00e0 C. Cattaneo - LIUC di Castellanza (Va).","breadcrumb":{"@id":"https:\/\/www.fondazionefrancescofabbri.it\/it\/about\/governance\/renato-ruffini\/#breadcrumb"},"inLanguage":"it-IT","potentialAction":[{"@type":"ReadAction","target":["https:\/\/www.fondazionefrancescofabbri.it\/it\/about\/governance\/renato-ruffini\/"]}]},{"@type":"BreadcrumbList","@id":"https:\/\/www.fondazionefrancescofabbri.it\/it\/about\/governance\/renato-ruffini\/#breadcrumb","itemListElement":[{"@type":"ListItem","position":1,"name":"Home","item":"https:\/\/www.fondazionefrancescofabbri.it\/it\/"},{"@type":"ListItem","position":2,"name":"About","item":"https:\/\/www.fondazionefrancescofabbri.it\/it\/about\/"},{"@type":"ListItem","position":3,"name":"Governance","item":"https:\/\/www.fondazionefrancescofabbri.it\/it\/about\/governance\/"},{"@type":"ListItem","position":4,"name":"Renato Ruffini"}]},{"@type":"WebSite","@id":"https:\/\/www.fondazionefrancescofabbri.it\/en\/#website","url":"https:\/\/www.fondazionefrancescofabbri.it\/en\/","name":"Fondazione Francesco Fabbri","description":"Just another WordPress site","potentialAction":[{"@type":"SearchAction","target":{"@type":"EntryPoint","urlTemplate":"https:\/\/www.fondazionefrancescofabbri.it\/en\/?s={search_term_string}"},"query-input":"required name=search_term_string"}],"inLanguage":"it-IT"}]}},"_links":{"self":[{"href":"https:\/\/www.fondazionefrancescofabbri.it\/it\/wp-json\/wp\/v2\/pages\/1088"}],"collection":[{"href":"https:\/\/www.fondazionefrancescofabbri.it\/it\/wp-json\/wp\/v2\/pages"}],"about":[{"href":"https:\/\/www.fondazionefrancescofabbri.it\/it\/wp-json\/wp\/v2\/types\/page"}],"author":[{"embeddable":true,"href":"https:\/\/www.fondazionefrancescofabbri.it\/it\/wp-json\/wp\/v2\/users\/3"}],"replies":[{"embeddable":true,"href":"https:\/\/www.fondazionefrancescofabbri.it\/it\/wp-json\/wp\/v2\/comments?post=1088"}],"version-history":[{"count":1,"href":"https:\/\/www.fondazionefrancescofabbri.it\/it\/wp-json\/wp\/v2\/pages\/1088\/revisions"}],"predecessor-version":[{"id":1091,"href":"https:\/\/www.fondazionefrancescofabbri.it\/it\/wp-json\/wp\/v2\/pages\/1088\/revisions\/1091"}],"up":[{"embeddable":true,"href":"https:\/\/www.fondazionefrancescofabbri.it\/it\/wp-json\/wp\/v2\/pages\/84"}],"wp:attachment":[{"href":"https:\/\/www.fondazionefrancescofabbri.it\/it\/wp-json\/wp\/v2\/media?parent=1088"}],"curies":[{"name":"wp","href":"https:\/\/api.w.org\/{rel}","templated":true}]}}