{"id":1268,"date":"2017-05-16T08:12:08","date_gmt":"2017-05-16T08:12:08","guid":{"rendered":"http:\/\/www.fondazionefrancescofabbri.it\/?page_id=1268\/"},"modified":"2018-03-21T10:29:41","modified_gmt":"2018-03-21T10:29:41","slug":"premio-francesco-fabbri-2017","status":"publish","type":"page","link":"https:\/\/www.fondazionefrancescofabbri.it\/it\/arti\/premio-francesco-fabbri-2017\/","title":{"rendered":"Premio Francesco Fabbri 2017"},"content":{"rendered":"<section class=\"wpb-content-wrapper\"><p>[vc_row][vc_column width=&#8221;2\/3&#8243;][vc_column_text el_class=&#8221;titolo&#8221;]Premio Francesco Fabbri 2017[\/vc_column_text][vc_single_image image=&#8221;1497&#8243; img_size=&#8221;full&#8221;][vc_column_text]Il 22 maggio 2017 apre il bando della sesta edizione del Premio Francesco Fabbri per le Arti Contemporanee. La manifestazione \u00e8 oramai un punto di riferimento per quegli operatori e pubblico che rivolgono la loro attenzione alle istanze di ricerca nell&#8217;arte contemporanea.<\/p>\n<p>&nbsp;<\/p>\n<p>Il Premio si articola in due sezioni: Arte emergente e Fotografia contemporanea. La prima \u00e8 dedicata agli autori under 35 che, secondo una logica intermediale, potranno partecipare con ogni forma creativa visiva: dalla pittura all\u2019installazione, dalla fotografia alla videoarte, dalla performance e sound art fino al disegno e alla grafica.<br \/>\nLa seconda sezione invece, priva di limiti anagrafici, \u00e8 dedicata alla Fotografia contemporanea attraverso una variet\u00e0 di concezioni dello specifico medium, in continuit\u00e0 con l&#8217;attivit\u00e0 di Fondazione Francesco Fabbri che promuove il Festival F4 \/ un&#8217;idea di Fotografia ed il Master in Photography dell&#8217;Universit\u00e0 IUAV. A entrambe le sezioni potranno partecipare autori da ogni paese del mondo.<\/p>\n<p>&nbsp;<\/p>\n<p>Il <strong>bando<\/strong> rimarr\u00e0 aperto dal <strong>22 maggio<\/strong> al <strong>4 settembre 2017<\/strong> e gli artisti potranno iscriversi via web o tramite posta ordinaria. I due vincitori riceveranno un premio acquisto di 5.000 euro ciascuno, le opere entreranno nella collezione permanente di Fondazione Francesco Fabbri e saranno custodite nel centro residenziale di Casa Fabbri.<\/p>\n<p>&nbsp;<\/p>\n<p>La giuria inoltre attribuir\u00e0 delle menzioni speciali della critica, per segnalare alcune opere particolarmente valenti e favorirne una visibilit\u00e0 sulla stampa di settore.<\/p>\n<p>&nbsp;<\/p>\n<p>Il premio, curato da <strong>Carlo Sala<\/strong>, gode di una prestigiosa giuria composta da critici e curatori, quali <strong>Matteo Balduzzi<\/strong>, <strong>Martina Cavallarin<\/strong>, <strong>Stefano Coletto<\/strong>, <strong>Daniele De Luigi<\/strong>, <strong>Francesca Lazzarini<\/strong>, <strong>Stefano Raimondi<\/strong>, <strong>Eugenio Viola<\/strong> e <strong>Francesco Zanot<\/strong>.<\/p>\n<p>&nbsp;<\/p>\n<p>Le opere finaliste saranno esposte a Villa Brandolini a Pieve di Soligo (Tv) dal 25 novembre al 17 dicembre 2017; durante il vernissage saranno proclamati i vincitori alla presenza degli operatori, della stampa e del pubblico.<\/p>\n<p>&nbsp;<\/p>\n<p>Info:<br \/>\n<a href=\"mailto:premio@fondazionefrancescofabbri.it\">premio@fondazionefrancescofabbri.it<\/a>[\/vc_column_text][\/vc_column][vc_column width=&#8221;1\/3&#8243;][vc_wp_custommenu nav_menu=&#8221;31&#8243; title=&#8221;Approfondimenti&#8221;][vc_wp_custommenu nav_menu=&#8221;15&#8243; title=&#8221;Progetti&#8221;][\/vc_column][\/vc_row]<\/p>\n<\/section>","protected":false},"excerpt":{"rendered":"<p>[vc_row][vc_column width=&#8221;2\/3&#8243;][vc_column_text el_class=&#8221;titolo&#8221;]Premio Francesco Fabbri 2017[\/vc_column_text][vc_single_image image=&#8221;1497&#8243; img_size=&#8221;full&#8221;][vc_column_text]Il 22 maggio 2017 apre il bando della sesta edizione del Premio Francesco Fabbri per le Arti Contemporanee. La manifestazione \u00e8 oramai un <\/p>\n","protected":false},"author":3,"featured_media":1285,"parent":95,"menu_order":0,"comment_status":"closed","ping_status":"closed","template":"","meta":[],"acf":[],"yoast_head":"<!-- This site is optimized with the Yoast SEO plugin v20.8 - https:\/\/yoast.com\/wordpress\/plugins\/seo\/ -->\n<title>Premio Francesco Fabbri 2017 - Fondazione Francesco Fabbri<\/title>\n<meta name=\"robots\" content=\"index, follow, max-snippet:-1, max-image-preview:large, max-video-preview:-1\" \/>\n<link rel=\"canonical\" href=\"https:\/\/www.fondazionefrancescofabbri.it\/it\/arti\/premio-francesco-fabbri-2017\/\" \/>\n<meta property=\"og:locale\" content=\"it_IT\" \/>\n<meta property=\"og:type\" content=\"article\" \/>\n<meta property=\"og:title\" content=\"Premio Francesco Fabbri 2017 - Fondazione Francesco Fabbri\" \/>\n<meta property=\"og:description\" content=\"[vc_row][vc_column width=&#8221;2\/3&#8243;][vc_column_text el_class=&#8221;titolo&#8221;]Premio Francesco Fabbri 2017[\/vc_column_text][vc_single_image image=&#8221;1497&#8243; img_size=&#8221;full&#8221;][vc_column_text]Il 22 maggio 2017 apre il bando della sesta edizione del Premio Francesco Fabbri per le Arti Contemporanee. La manifestazione \u00e8 oramai un\" \/>\n<meta property=\"og:url\" content=\"https:\/\/www.fondazionefrancescofabbri.it\/it\/arti\/premio-francesco-fabbri-2017\/\" \/>\n<meta property=\"og:site_name\" content=\"Fondazione Francesco Fabbri\" \/>\n<meta property=\"article:modified_time\" content=\"2018-03-21T10:29:41+00:00\" \/>\n<meta property=\"og:image\" content=\"https:\/\/www.fondazionefrancescofabbri.it\/wp-content\/uploads\/2017\/05\/premio-francesco-fabbri-2017-c.jpg\" \/>\n\t<meta property=\"og:image:width\" content=\"1100\" \/>\n\t<meta property=\"og:image:height\" content=\"688\" \/>\n\t<meta property=\"og:image:type\" content=\"image\/jpeg\" \/>\n<meta name=\"twitter:card\" content=\"summary_large_image\" \/>\n<meta name=\"twitter:label1\" content=\"Tempo di lettura stimato\" \/>\n\t<meta name=\"twitter:data1\" content=\"2 minuti\" \/>\n<script type=\"application\/ld+json\" class=\"yoast-schema-graph\">{\"@context\":\"https:\/\/schema.org\",\"@graph\":[{\"@type\":\"WebPage\",\"@id\":\"https:\/\/www.fondazionefrancescofabbri.it\/it\/arti\/premio-francesco-fabbri-2017\/\",\"url\":\"https:\/\/www.fondazionefrancescofabbri.it\/it\/arti\/premio-francesco-fabbri-2017\/\",\"name\":\"Premio Francesco Fabbri 2017 - Fondazione Francesco Fabbri\",\"isPartOf\":{\"@id\":\"https:\/\/www.fondazionefrancescofabbri.it\/en\/#website\"},\"datePublished\":\"2017-05-16T08:12:08+00:00\",\"dateModified\":\"2018-03-21T10:29:41+00:00\",\"breadcrumb\":{\"@id\":\"https:\/\/www.fondazionefrancescofabbri.it\/it\/arti\/premio-francesco-fabbri-2017\/#breadcrumb\"},\"inLanguage\":\"it-IT\",\"potentialAction\":[{\"@type\":\"ReadAction\",\"target\":[\"https:\/\/www.fondazionefrancescofabbri.it\/it\/arti\/premio-francesco-fabbri-2017\/\"]}]},{\"@type\":\"BreadcrumbList\",\"@id\":\"https:\/\/www.fondazionefrancescofabbri.it\/it\/arti\/premio-francesco-fabbri-2017\/#breadcrumb\",\"itemListElement\":[{\"@type\":\"ListItem\",\"position\":1,\"name\":\"Home\",\"item\":\"https:\/\/www.fondazionefrancescofabbri.it\/it\/\"},{\"@type\":\"ListItem\",\"position\":2,\"name\":\"Arti\",\"item\":\"https:\/\/www.fondazionefrancescofabbri.it\/it\/arti\/\"},{\"@type\":\"ListItem\",\"position\":3,\"name\":\"Premio Francesco Fabbri 2017\"}]},{\"@type\":\"WebSite\",\"@id\":\"https:\/\/www.fondazionefrancescofabbri.it\/en\/#website\",\"url\":\"https:\/\/www.fondazionefrancescofabbri.it\/en\/\",\"name\":\"Fondazione Francesco Fabbri\",\"description\":\"Just another WordPress site\",\"potentialAction\":[{\"@type\":\"SearchAction\",\"target\":{\"@type\":\"EntryPoint\",\"urlTemplate\":\"https:\/\/www.fondazionefrancescofabbri.it\/en\/?s={search_term_string}\"},\"query-input\":\"required name=search_term_string\"}],\"inLanguage\":\"it-IT\"}]}<\/script>\n<!-- \/ Yoast SEO plugin. -->","yoast_head_json":{"title":"Premio Francesco Fabbri 2017 - Fondazione Francesco Fabbri","robots":{"index":"index","follow":"follow","max-snippet":"max-snippet:-1","max-image-preview":"max-image-preview:large","max-video-preview":"max-video-preview:-1"},"canonical":"https:\/\/www.fondazionefrancescofabbri.it\/it\/arti\/premio-francesco-fabbri-2017\/","og_locale":"it_IT","og_type":"article","og_title":"Premio Francesco Fabbri 2017 - Fondazione Francesco Fabbri","og_description":"[vc_row][vc_column width=&#8221;2\/3&#8243;][vc_column_text el_class=&#8221;titolo&#8221;]Premio Francesco Fabbri 2017[\/vc_column_text][vc_single_image image=&#8221;1497&#8243; img_size=&#8221;full&#8221;][vc_column_text]Il 22 maggio 2017 apre il bando della sesta edizione del Premio Francesco Fabbri per le Arti Contemporanee. La manifestazione \u00e8 oramai un","og_url":"https:\/\/www.fondazionefrancescofabbri.it\/it\/arti\/premio-francesco-fabbri-2017\/","og_site_name":"Fondazione Francesco Fabbri","article_modified_time":"2018-03-21T10:29:41+00:00","og_image":[{"width":1100,"height":688,"url":"https:\/\/www.fondazionefrancescofabbri.it\/wp-content\/uploads\/2017\/05\/premio-francesco-fabbri-2017-c.jpg","type":"image\/jpeg"}],"twitter_card":"summary_large_image","twitter_misc":{"Tempo di lettura stimato":"2 minuti"},"schema":{"@context":"https:\/\/schema.org","@graph":[{"@type":"WebPage","@id":"https:\/\/www.fondazionefrancescofabbri.it\/it\/arti\/premio-francesco-fabbri-2017\/","url":"https:\/\/www.fondazionefrancescofabbri.it\/it\/arti\/premio-francesco-fabbri-2017\/","name":"Premio Francesco Fabbri 2017 - Fondazione Francesco Fabbri","isPartOf":{"@id":"https:\/\/www.fondazionefrancescofabbri.it\/en\/#website"},"datePublished":"2017-05-16T08:12:08+00:00","dateModified":"2018-03-21T10:29:41+00:00","breadcrumb":{"@id":"https:\/\/www.fondazionefrancescofabbri.it\/it\/arti\/premio-francesco-fabbri-2017\/#breadcrumb"},"inLanguage":"it-IT","potentialAction":[{"@type":"ReadAction","target":["https:\/\/www.fondazionefrancescofabbri.it\/it\/arti\/premio-francesco-fabbri-2017\/"]}]},{"@type":"BreadcrumbList","@id":"https:\/\/www.fondazionefrancescofabbri.it\/it\/arti\/premio-francesco-fabbri-2017\/#breadcrumb","itemListElement":[{"@type":"ListItem","position":1,"name":"Home","item":"https:\/\/www.fondazionefrancescofabbri.it\/it\/"},{"@type":"ListItem","position":2,"name":"Arti","item":"https:\/\/www.fondazionefrancescofabbri.it\/it\/arti\/"},{"@type":"ListItem","position":3,"name":"Premio Francesco Fabbri 2017"}]},{"@type":"WebSite","@id":"https:\/\/www.fondazionefrancescofabbri.it\/en\/#website","url":"https:\/\/www.fondazionefrancescofabbri.it\/en\/","name":"Fondazione Francesco Fabbri","description":"Just another WordPress site","potentialAction":[{"@type":"SearchAction","target":{"@type":"EntryPoint","urlTemplate":"https:\/\/www.fondazionefrancescofabbri.it\/en\/?s={search_term_string}"},"query-input":"required name=search_term_string"}],"inLanguage":"it-IT"}]}},"_links":{"self":[{"href":"https:\/\/www.fondazionefrancescofabbri.it\/it\/wp-json\/wp\/v2\/pages\/1268"}],"collection":[{"href":"https:\/\/www.fondazionefrancescofabbri.it\/it\/wp-json\/wp\/v2\/pages"}],"about":[{"href":"https:\/\/www.fondazionefrancescofabbri.it\/it\/wp-json\/wp\/v2\/types\/page"}],"author":[{"embeddable":true,"href":"https:\/\/www.fondazionefrancescofabbri.it\/it\/wp-json\/wp\/v2\/users\/3"}],"replies":[{"embeddable":true,"href":"https:\/\/www.fondazionefrancescofabbri.it\/it\/wp-json\/wp\/v2\/comments?post=1268"}],"version-history":[{"count":10,"href":"https:\/\/www.fondazionefrancescofabbri.it\/it\/wp-json\/wp\/v2\/pages\/1268\/revisions"}],"predecessor-version":[{"id":1574,"href":"https:\/\/www.fondazionefrancescofabbri.it\/it\/wp-json\/wp\/v2\/pages\/1268\/revisions\/1574"}],"up":[{"embeddable":true,"href":"https:\/\/www.fondazionefrancescofabbri.it\/it\/wp-json\/wp\/v2\/pages\/95"}],"wp:featuredmedia":[{"embeddable":true,"href":"https:\/\/www.fondazionefrancescofabbri.it\/it\/wp-json\/wp\/v2\/media\/1285"}],"wp:attachment":[{"href":"https:\/\/www.fondazionefrancescofabbri.it\/it\/wp-json\/wp\/v2\/media?parent=1268"}],"curies":[{"name":"wp","href":"https:\/\/api.w.org\/{rel}","templated":true}]}}