{"id":1276,"date":"2017-05-16T08:14:03","date_gmt":"2017-05-16T08:14:03","guid":{"rendered":"http:\/\/www.fondazionefrancescofabbri.it\/?page_id=1276\/"},"modified":"2017-05-22T07:29:36","modified_gmt":"2017-05-22T07:29:36","slug":"bando-2017","status":"publish","type":"page","link":"https:\/\/www.fondazionefrancescofabbri.it\/it\/arti\/premio-francesco-fabbri-2017\/bando-2017\/","title":{"rendered":"Bando"},"content":{"rendered":"<section class=\"wpb-content-wrapper\"><p>[vc_row][vc_column width=&#8221;2\/3&#8243;][vc_column_text el_class=&#8221;titolo&#8221;]Bando[\/vc_column_text][vc_column_text]<\/p>\n<p style=\"text-align: center;\"><strong>Premio Francesco Fabbri per le arti contemporanee<\/strong><br \/>\n<strong> Bando<\/strong><\/p>\n<p><strong>Art.1 \u2013 Finalita\u0300<\/strong><br \/>\nLa Fondazione Francesco Fabbri Onlus indice il\u00a0Premio Francesco Fabbri per le Arti Contemporanee\u00a0al fine di promuovere l\u2019arte emergente\u00a0e le ricerche fotografiche contemporanee internazionali.<br \/>\n<strong>Art. 2 \u2013 Sezioni e criteri di partecipazione<\/strong><br \/>\nIl concorso \u00e8 aperto a\u00a0tutti gli\u00a0artisti contemporanei di ogni nazionalit\u00e0, senza limiti tematici, secondo i\u00a0 criteri previsti dalle singole sezioni.<br \/>\n\u00c8\u00a0possibile iscriversi ad entrambe le sezioni e\/o candidare pi\u00f9 lavori nella medesima sezione.<\/p>\n<p>&nbsp;<\/p>\n<p><strong>SEZIONE ARTE EMERGENTE<\/strong><br \/>\nLa sezione \u00e8 rivolta agli autori contemporanei che non abbiano superato i 35 anni di et\u00e0 alla data della chiusura del bando, fissata il 4 settembre 2017. Essi potranno partecipare con ogni espressione visiva senza limiti di linguaggio spaziando tra pittura, disegno, grafica, scultura, installazione, video-arte, performance, sound-art e fotografia.<br \/>\nLe opere, se bidimensionali, non potranno superare le dimensioni di cm 150\u00d7150; se tridimensionali, un ingombro pari a cm 150 x 150 x 150.<br \/>\nLe opere saranno valutate dalla giuria secondo criteri qualitativi e di aderenza alla contemporaneit\u00e0.<\/p>\n<p>&nbsp;<\/p>\n<p><strong>SEZIONE FOTOGRAFIA CONTEMPORANEA<\/strong><br \/>\nLa sezione \u00e8 rivolta agli autori di ogni nazionalit\u00e0 che operano con il mezzo fotografico, senza limiti di et\u00e0. La Fondazione Francesco Fabbri rafforza cos\u00ec il suo intervento nel campo della fotografia contemporanea, accanto all\u2019attivit\u00e0 espositiva e residenziale.<br \/>\nLe opere non potranno superare le dimensioni di cm 150\u00d7150.<br \/>\nLe opere saranno valutate dalla giuria secondo criteri qualitativi e di aderenza alla contemporaneit\u00e0.<\/p>\n<p>&nbsp;<\/p>\n<p><strong>Art. 3 \u2013 Premi<\/strong><br \/>\nI vincitori riceveranno:<br \/>\nEuro 5.000,00 (cinquemila\/00) al vincitore sezione ARTE EMERGENTE.<br \/>\nEuro 5.000,00 (cinquemila\/00) al vincitore sezione FOTOGRAFIA CONTEMPORANEA.<br \/>\nLa giuria si riserva di attribuire delle menzioni speciali qualora individui opere particolarmente significative sul piano qualitativo e della ricerca.<br \/>\nSui premi in denaro, come da legge vigente, sar\u00e0 operata una ritenuta alla fonte del 25% a titolo d\u2019imposta.<br \/>\nLe due opere vincitrici rimarranno di propriet\u00e0 della Fondazione Francesco Fabbri, che le ospiter\u00e0 a Casa Fabbri, il centro residenziale proprio della Fondazione.<\/p>\n<p>&nbsp;<\/p>\n<p><strong>Art. 4 \u2013 Premio speciale TRA \/ Ca&#8217; dei Ricchi<\/strong><br \/>\nTra i 60 finalisti del Premio Francesco Fabbri per le arti contemporanee l&#8217;associazione TRA \/ Treviso Ricerca Arte, partner della manifestazione fin dalla sua prima edizione, sceglier\u00e0 un autore a cui dedicare una esposizione nella sede di Ca&#8217; dei Ricchi a Treviso nel corso del 2018.<\/p>\n<p>&nbsp;<\/p>\n<p><strong>Art. 5 \u2013 Tempistiche e modalit\u00e0 di partecipazione<\/strong><br \/>\nGli autori potranno iscriversi dal 22 maggio al 4 settembre 2017, attraverso le seguenti modalit\u00e0:<\/p>\n<p>&nbsp;<\/p>\n<p>a) WEB<br \/>\nSul sito della Fondazione Fabbri alla pagina:<br \/>\n<a href=\"https:\/\/www.fondazionefrancescofabbri.it\/it\/arti\/premio-francesco-fabbri-2017\/\">www.fondazionefrancescofabbri.it\/it\/arti\/premio-francesco-fabbri-2017<\/a><br \/>\nDa questa pagina si potr\u00e0 accedere al modulo di iscrizione online, che andr\u00e0 compilato tenendo in considerazione le seguenti indicazioni:<br \/>\n&#8211;\u00a0\u00a0\u00a0\u00a0 per ogni opera che si desidera candidare, sar\u00e0 necessario compilare un nuovo modulo di iscrizione;<br \/>\n&#8211;\u00a0\u00a0\u00a0\u00a0 per ogni opera candidata, potr\u00e0 essere caricata un\u2019unica immagine o trasmesso un unico video;<br \/>\n&#8211;\u00a0\u00a0\u00a0\u00a0 nel caso di immagine da caricare (obbligatoria per chi candida opere di pittura, disegno, grafica, scultura, installazione, fotografia, fotografia contemporanea) il file da caricare dovr\u00e0 avere le seguenti caratteristiche: formato del\u00a0file JPEG, PNG o TIF, risoluzione di circa 4 Mpx, dimensione del file compresa tra 1 e 5 MB;<br \/>\n&#8211;\u00a0\u00a0\u00a0\u00a0 nel caso di video da trasmettere (obbligatorio per chi candida opere di video arte e performance), il file non potr\u00e0 essere caricato online ma dovr\u00e0 essere reso disponibile, sotto responsabilit\u00e0 del candidato, attraverso l\u2019inserimento nel form di un link da cui esso sia scaricabile. Il file video dovr\u00e0 avere le seguenti caratteristiche: formato file\u00a0 MP4,\u00a0MOV\u00a0o AVI, durata max 10 minuti;<br \/>\n&#8211;\u00a0\u00a0\u00a0\u00a0 la candidatura sar\u00e0 accettata solo se saranno completati tutti i campi obbligatori del modulo di iscrizione, allegato almeno un file immagine\/video, inserita la data di pagamento della quota di iscrizione e il metodo utilizzato.<\/p>\n<p>&nbsp;<\/p>\n<p>b) INVIO POSTALE<br \/>\nInviando per posta a:<br \/>\nFONDAZIONE FRANCESCO FABBRI ONLUS<br \/>\nVia Fabbri, n\u00b016 \u2013 Solighetto<br \/>\n31053 Pieve di Soligo (TV)<br \/>\nLa documentazione da inviare, in busta chiusa, riportante l\u2019oggetto \u201cISCRIZIONE PREMIO FRANCESCO FABBRI 2017\u201d, dovr\u00e0 comprendere:<br \/>\n&#8211;\u00a0\u00a0\u00a0\u00a0 modulo di adesione (scaricabile dal sito internet della Fondazione Fabbri), debitamente compilato in tutte le sue parti e firmato in originale;<br \/>\n&#8211;\u00a0\u00a0\u00a0\u00a0 materiale fotografico\/video: per chi candida opere di pittura, disegno, grafica, scultura, installazione, fotografia, fotografia contemporanea, n. 1 fotografia stampata in una dimensione minima di cm 10\u00d715 (e massima di cm 21\u00d719 a 300 dpi) con specificata nel retro la didascalia (nome e cognome artista, titolo, anno, tecnica, dimensioni); in alternativa CD\/DVD con l\u2019immagine in formato JPEG, PNG o TIF, risoluzione di circa 4 Mpx, dimensione file tra 1 e 5 MB. Per chi candida opere di video arte, sound-art e performance, n. 1 video, su supporto CD o DVD, in formato MP4, MOV o AVI, durata max 10 minuti;<br \/>\n&#8211;\u00a0\u00a0\u00a0\u00a0 ricevuta di pagamento della quota di iscrizione (ricevuta bonifico bancario oppure stampa della schermata di pagamento PayPal).<br \/>\nPer l\u2019invio postale vanno tenute in considerazione le seguenti indicazioni:<br \/>\n&#8211;\u00a0\u00a0\u00a0\u00a0 per ogni opera che si desidera candidare, sar\u00e0 necessario compilare un nuovo modulo di iscrizione, ma sar\u00e0 possibile inviare pi\u00f9\u00a0\u00a0 opere candidate singolarmente in busta unica;<br \/>\n&#8211;\u00a0\u00a0\u00a0\u00a0 per ogni opera candidata, dovr\u00e0 essere allegata al modulo un\u2019unica immagine, con corrispondente didascalia. Nel caso di opere video, sound-art e performance, dovr\u00e0 essere inviato un unico file video;<br \/>\n&#8211;\u00a0\u00a0\u00a0\u00a0 la candidatura sar\u00e0 accettata solo se saranno completati tutti i campi obbligatori del modulo di iscrizione, allegata almeno un\u2019immagine\/video, allegata la ricevuta di pagamento della quota di iscrizione;<br \/>\n&#8211;\u00a0\u00a0\u00a0\u00a0 per la ricezione far\u00e0 fede la data del timbro postale di spedizione.<\/p>\n<p>&nbsp;<\/p>\n<p>Per meglio esplicare la poetica dell\u2019artista, sar\u00e0 anche possibile allegare alla documentazione online o cartacea: un curriculum, il concept esplicativo dell\u2019opera e l\u2019immagine di un lavoro (fuori concorso) esplicativo della ricerca dell\u2019autore.<br \/>\nIl materiale inviato per l\u2019iscrizione non verra\u0300 restituito.<\/p>\n<p>&nbsp;<\/p>\n<p><strong>Art. 6 \u2013 Quota d\u2019iscrizione<\/strong><br \/>\nLa quota di iscrizione, per la contribuzione alle spese del Premio, \u00e8 pari a Euro 40,00 (quaranta\/00 euro) per ciascuna opera che si intende candidare.<br \/>\nIl pagamento della quota d\u2019iscrizione deve essere effettuato in Euro, senza oneri o commissioni a carico del Premio. La quota d\u2019iscrizione non e\u0300 rimborsabile.<br \/>\nIl pagamento della quota d\u2019iscrizione puo\u0300 essere effettuato tramite:<br \/>\n&#8211;\u00a0\u00a0\u00a0\u00a0 PAYPAL (online, direttamente sul sito della Fondazione Fabbri);<br \/>\n&#8211;\u00a0\u00a0\u00a0\u00a0 BONIFICO BANCARIO: Banca di Credito Cooperativo delle Prealpi, Tarzo, Italia, IBAN: IT95C0890461920006000007126, codice BIC: ICRAITRRP40, intestato a PREMIO FRANCESCO FABBRI, causale:\u00a0<em>nome e cognome artista \u2013 Iscrizione Premio Francesco Fabbri 2017<\/em>.<br \/>\nSe il pagamento della quota di iscrizione risulter\u00e0 non in regola, il candidato sar\u00e0 automaticamente escluso dal Premio.<\/p>\n<p>&nbsp;<\/p>\n<p><strong>Art. 7 \u2013 Giuria<\/strong><br \/>\nLa selezione delle opere finaliste sar\u00e0 compiuta dai seguenti giurati:<\/p>\n<p>&nbsp;<\/p>\n<p>SEZIONE ARTE EMERGENTE<br \/>\nMartina Cavallarin<br \/>\nStefano Coletto<br \/>\nStefano Raimondi<br \/>\nCarlo Sala<br \/>\nEugenio Viola<\/p>\n<p>&nbsp;<\/p>\n<p>SEZIONE FOTOGRAFIA CONTEMPORANEA<br \/>\nMatteo Balduzzi<br \/>\nDaniele De Luigi<br \/>\nFrancesca Lazzarini<br \/>\nCarlo Sala<br \/>\nFrancesco Zanot<\/p>\n<p>&nbsp;<\/p>\n<p>Le due giurie selezioneranno 60 lavori finalisti (30 per la sezione ARTE EMERGENTE e 30 per la sezione FOTOGRAFIA CONTEMPORANEA) che saranno esposti in mostra a Villa Brandolini di Pieve di Soligo (TV) dal 25 novembre al 17 dicembre 2017.<br \/>\nTra le opere finaliste verranno scelti i due lavori vincitori assoluti, uno per sezione.<br \/>\nLe decisioni della giuria, condotte secondo una valutazione qualitativa, sono inappellabili e insindacabili.<\/p>\n<p>&nbsp;<\/p>\n<p><strong>Art. 8 \u2013 Tempistiche<\/strong><br \/>\n\u00c8 possibile iscriversi al Premio dal 22 maggio al 4 settembre 2017.<br \/>\nEntro il 2 novembre 2017 verranno comunicati, via e-mail e sul sito internet di Fondazione Francesco Fabbri, i nomi dei finalisti.<br \/>\nGli artisti finalisti dovranno far pervenire, a proprie spese, le opere selezionate a Villa Brandolini di Pieve di Soligo (Tv) il 20 e 21 novembre 2017. L\u2019allestimento della mostra delle opere finaliste avverr\u00e0 nei giorni 23 e 24 novembre 2017. Tali date potranno subire delle lievi variazioni che saranno comunicate tempestivamente agli artisti dalla segreteria organizzativa. Gli autori dovranno altres\u00ec provvedere per proprio conto e a proprie spese al ritiro delle opere al termine della mostra.<\/p>\n<p>&nbsp;<\/p>\n<p><strong>Art. 9 \u2013 Mostra finalisti e premiazione vincitori<\/strong><br \/>\nI finalisti esporranno i propri lavori a Villa Brandolini a Pieve di Soligo (Tv) dal 25 novembre al 17 dicembre 2017.<br \/>\nIl 25 novembre, nel corso del vernissage della mostra, saranno annunciati i vincitori del Premio, alla presenza del pubblico e della stampa.<\/p>\n<p>&nbsp;<\/p>\n<p><strong>Art. 10 \u2013 Responsabilita\u0300<\/strong><br \/>\nLa Fondazione Francesco Fabbri garantisce la massima perizia nelle fasi organizzative del Premio, ma declina ogni responsabilita\u0300 per eventuali furti, incendi o danni di qualsiasi natura alle opere che possano verificarsi durante la manifestazione. L\u2019artista, se vorr\u00e0, potr\u00e0 sottoscrivere un\u2019assicurazione in forma privata.<\/p>\n<p>&nbsp;<\/p>\n<p><strong>Art. 11 \u2013 Privacy<\/strong><br \/>\nI partecipanti al Premio Francesco Fabbri autorizzano la Fondazione Francesco Fabbri a trattare i dati personali ai sensi della legge 675\/96 (cosiddetta legge sulla Privacy) e successive modifiche D.lgs.196\/2003 (codice Privacy).<br \/>\nI partecipanti concedono gratuitamente alla Fondazione Francesco Fabbri i diritti di riproduzione delle opere e dei testi rilasciati al Premio per il sito internet della manifestazione e le varie forme di promozione.<\/p>\n<p>&nbsp;<\/p>\n<p><strong>Art. 12 \u2013 Rispetto del bando<\/strong><br \/>\nL\u2019iscrizione al premio implica l\u2019accettazione automatica di tutti gli articoli del presente bando.<\/p>\n<p>&nbsp;<\/p>\n<p>Pieve di Soligo, 22 maggio 2017<br \/>\n<strong>FONDAZIONE FRANCESCO FABBRI<\/strong>[\/vc_column_text][\/vc_column][vc_column width=&#8221;1\/3&#8243;][vc_wp_custommenu nav_menu=&#8221;31&#8243; title=&#8221;Approfondimenti&#8221;][vc_wp_custommenu nav_menu=&#8221;15&#8243; title=&#8221;Progetti&#8221;][\/vc_column][\/vc_row]<\/p>\n<\/section>","protected":false},"excerpt":{"rendered":"<p>[vc_row][vc_column width=&#8221;2\/3&#8243;][vc_column_text el_class=&#8221;titolo&#8221;]Bando[\/vc_column_text][vc_column_text]<br \/>\nPremio Francesco Fabbri per le arti contemporanee<br \/>\n Bando<br \/>\nArt.1 \u2013 Finalita\u0300<br \/>\nLa Fondazione Francesco Fabbri Onlus indice il\u00a0Premio Francesco Fabbri per le Arti Contemporanee\u00a0al fine di <\/p>\n","protected":false},"author":3,"featured_media":0,"parent":1268,"menu_order":0,"comment_status":"closed","ping_status":"closed","template":"","meta":[],"acf":[],"yoast_head":"<!-- This site is optimized with the Yoast SEO plugin v20.8 - https:\/\/yoast.com\/wordpress\/plugins\/seo\/ -->\n<title>Bando - Fondazione Francesco Fabbri<\/title>\n<meta name=\"robots\" content=\"index, follow, max-snippet:-1, max-image-preview:large, max-video-preview:-1\" \/>\n<link rel=\"canonical\" href=\"https:\/\/www.fondazionefrancescofabbri.it\/it\/arti\/premio-francesco-fabbri-2017\/bando-2017\/\" \/>\n<meta property=\"og:locale\" content=\"it_IT\" \/>\n<meta property=\"og:type\" content=\"article\" \/>\n<meta property=\"og:title\" content=\"Bando - Fondazione Francesco Fabbri\" \/>\n<meta property=\"og:description\" content=\"[vc_row][vc_column width=&#8221;2\/3&#8243;][vc_column_text el_class=&#8221;titolo&#8221;]Bando[\/vc_column_text][vc_column_text] Premio Francesco Fabbri per le arti contemporanee Bando Art.1 \u2013 Finalita\u0300 La Fondazione Francesco Fabbri Onlus indice il\u00a0Premio Francesco Fabbri per le Arti Contemporanee\u00a0al fine di\" \/>\n<meta property=\"og:url\" content=\"https:\/\/www.fondazionefrancescofabbri.it\/it\/arti\/premio-francesco-fabbri-2017\/bando-2017\/\" \/>\n<meta property=\"og:site_name\" content=\"Fondazione Francesco Fabbri\" \/>\n<meta property=\"article:modified_time\" content=\"2017-05-22T07:29:36+00:00\" \/>\n<meta name=\"twitter:card\" content=\"summary_large_image\" \/>\n<meta name=\"twitter:label1\" content=\"Tempo di lettura stimato\" \/>\n\t<meta name=\"twitter:data1\" content=\"7 minuti\" \/>\n<script type=\"application\/ld+json\" class=\"yoast-schema-graph\">{\"@context\":\"https:\/\/schema.org\",\"@graph\":[{\"@type\":\"WebPage\",\"@id\":\"https:\/\/www.fondazionefrancescofabbri.it\/it\/arti\/premio-francesco-fabbri-2017\/bando-2017\/\",\"url\":\"https:\/\/www.fondazionefrancescofabbri.it\/it\/arti\/premio-francesco-fabbri-2017\/bando-2017\/\",\"name\":\"Bando - Fondazione Francesco Fabbri\",\"isPartOf\":{\"@id\":\"https:\/\/www.fondazionefrancescofabbri.it\/en\/#website\"},\"datePublished\":\"2017-05-16T08:14:03+00:00\",\"dateModified\":\"2017-05-22T07:29:36+00:00\",\"breadcrumb\":{\"@id\":\"https:\/\/www.fondazionefrancescofabbri.it\/it\/arti\/premio-francesco-fabbri-2017\/bando-2017\/#breadcrumb\"},\"inLanguage\":\"it-IT\",\"potentialAction\":[{\"@type\":\"ReadAction\",\"target\":[\"https:\/\/www.fondazionefrancescofabbri.it\/it\/arti\/premio-francesco-fabbri-2017\/bando-2017\/\"]}]},{\"@type\":\"BreadcrumbList\",\"@id\":\"https:\/\/www.fondazionefrancescofabbri.it\/it\/arti\/premio-francesco-fabbri-2017\/bando-2017\/#breadcrumb\",\"itemListElement\":[{\"@type\":\"ListItem\",\"position\":1,\"name\":\"Home\",\"item\":\"https:\/\/www.fondazionefrancescofabbri.it\/it\/\"},{\"@type\":\"ListItem\",\"position\":2,\"name\":\"Arti\",\"item\":\"https:\/\/www.fondazionefrancescofabbri.it\/it\/arti\/\"},{\"@type\":\"ListItem\",\"position\":3,\"name\":\"Premio Francesco Fabbri 2017\",\"item\":\"https:\/\/www.fondazionefrancescofabbri.it\/it\/arti\/premio-francesco-fabbri-2017\/\"},{\"@type\":\"ListItem\",\"position\":4,\"name\":\"Bando\"}]},{\"@type\":\"WebSite\",\"@id\":\"https:\/\/www.fondazionefrancescofabbri.it\/en\/#website\",\"url\":\"https:\/\/www.fondazionefrancescofabbri.it\/en\/\",\"name\":\"Fondazione Francesco Fabbri\",\"description\":\"Just another WordPress site\",\"potentialAction\":[{\"@type\":\"SearchAction\",\"target\":{\"@type\":\"EntryPoint\",\"urlTemplate\":\"https:\/\/www.fondazionefrancescofabbri.it\/en\/?s={search_term_string}\"},\"query-input\":\"required name=search_term_string\"}],\"inLanguage\":\"it-IT\"}]}<\/script>\n<!-- \/ Yoast SEO plugin. -->","yoast_head_json":{"title":"Bando - Fondazione Francesco Fabbri","robots":{"index":"index","follow":"follow","max-snippet":"max-snippet:-1","max-image-preview":"max-image-preview:large","max-video-preview":"max-video-preview:-1"},"canonical":"https:\/\/www.fondazionefrancescofabbri.it\/it\/arti\/premio-francesco-fabbri-2017\/bando-2017\/","og_locale":"it_IT","og_type":"article","og_title":"Bando - Fondazione Francesco Fabbri","og_description":"[vc_row][vc_column width=&#8221;2\/3&#8243;][vc_column_text el_class=&#8221;titolo&#8221;]Bando[\/vc_column_text][vc_column_text] Premio Francesco Fabbri per le arti contemporanee Bando Art.1 \u2013 Finalita\u0300 La Fondazione Francesco Fabbri Onlus indice il\u00a0Premio Francesco Fabbri per le Arti Contemporanee\u00a0al fine di","og_url":"https:\/\/www.fondazionefrancescofabbri.it\/it\/arti\/premio-francesco-fabbri-2017\/bando-2017\/","og_site_name":"Fondazione Francesco Fabbri","article_modified_time":"2017-05-22T07:29:36+00:00","twitter_card":"summary_large_image","twitter_misc":{"Tempo di lettura stimato":"7 minuti"},"schema":{"@context":"https:\/\/schema.org","@graph":[{"@type":"WebPage","@id":"https:\/\/www.fondazionefrancescofabbri.it\/it\/arti\/premio-francesco-fabbri-2017\/bando-2017\/","url":"https:\/\/www.fondazionefrancescofabbri.it\/it\/arti\/premio-francesco-fabbri-2017\/bando-2017\/","name":"Bando - Fondazione Francesco Fabbri","isPartOf":{"@id":"https:\/\/www.fondazionefrancescofabbri.it\/en\/#website"},"datePublished":"2017-05-16T08:14:03+00:00","dateModified":"2017-05-22T07:29:36+00:00","breadcrumb":{"@id":"https:\/\/www.fondazionefrancescofabbri.it\/it\/arti\/premio-francesco-fabbri-2017\/bando-2017\/#breadcrumb"},"inLanguage":"it-IT","potentialAction":[{"@type":"ReadAction","target":["https:\/\/www.fondazionefrancescofabbri.it\/it\/arti\/premio-francesco-fabbri-2017\/bando-2017\/"]}]},{"@type":"BreadcrumbList","@id":"https:\/\/www.fondazionefrancescofabbri.it\/it\/arti\/premio-francesco-fabbri-2017\/bando-2017\/#breadcrumb","itemListElement":[{"@type":"ListItem","position":1,"name":"Home","item":"https:\/\/www.fondazionefrancescofabbri.it\/it\/"},{"@type":"ListItem","position":2,"name":"Arti","item":"https:\/\/www.fondazionefrancescofabbri.it\/it\/arti\/"},{"@type":"ListItem","position":3,"name":"Premio Francesco Fabbri 2017","item":"https:\/\/www.fondazionefrancescofabbri.it\/it\/arti\/premio-francesco-fabbri-2017\/"},{"@type":"ListItem","position":4,"name":"Bando"}]},{"@type":"WebSite","@id":"https:\/\/www.fondazionefrancescofabbri.it\/en\/#website","url":"https:\/\/www.fondazionefrancescofabbri.it\/en\/","name":"Fondazione Francesco Fabbri","description":"Just another WordPress site","potentialAction":[{"@type":"SearchAction","target":{"@type":"EntryPoint","urlTemplate":"https:\/\/www.fondazionefrancescofabbri.it\/en\/?s={search_term_string}"},"query-input":"required name=search_term_string"}],"inLanguage":"it-IT"}]}},"_links":{"self":[{"href":"https:\/\/www.fondazionefrancescofabbri.it\/it\/wp-json\/wp\/v2\/pages\/1276"}],"collection":[{"href":"https:\/\/www.fondazionefrancescofabbri.it\/it\/wp-json\/wp\/v2\/pages"}],"about":[{"href":"https:\/\/www.fondazionefrancescofabbri.it\/it\/wp-json\/wp\/v2\/types\/page"}],"author":[{"embeddable":true,"href":"https:\/\/www.fondazionefrancescofabbri.it\/it\/wp-json\/wp\/v2\/users\/3"}],"replies":[{"embeddable":true,"href":"https:\/\/www.fondazionefrancescofabbri.it\/it\/wp-json\/wp\/v2\/comments?post=1276"}],"version-history":[{"count":3,"href":"https:\/\/www.fondazionefrancescofabbri.it\/it\/wp-json\/wp\/v2\/pages\/1276\/revisions"}],"predecessor-version":[{"id":1291,"href":"https:\/\/www.fondazionefrancescofabbri.it\/it\/wp-json\/wp\/v2\/pages\/1276\/revisions\/1291"}],"up":[{"embeddable":true,"href":"https:\/\/www.fondazionefrancescofabbri.it\/it\/wp-json\/wp\/v2\/pages\/1268"}],"wp:attachment":[{"href":"https:\/\/www.fondazionefrancescofabbri.it\/it\/wp-json\/wp\/v2\/media?parent=1276"}],"curies":[{"name":"wp","href":"https:\/\/api.w.org\/{rel}","templated":true}]}}