{"id":1343,"date":"2017-06-19T09:34:00","date_gmt":"2017-06-19T09:34:00","guid":{"rendered":"http:\/\/www.fondazionefrancescofabbri.it\/?page_id=1343\/"},"modified":"2017-06-19T09:34:44","modified_gmt":"2017-06-19T09:34:44","slug":"matteo-balduzzi","status":"publish","type":"page","link":"https:\/\/www.fondazionefrancescofabbri.it\/it\/arti\/premio-francesco-fabbri-2017\/giuria-2017\/matteo-balduzzi\/","title":{"rendered":"Matteo Balduzzi"},"content":{"rendered":"<section class=\"wpb-content-wrapper\"><p>[vc_row][vc_column width=&#8221;1\/4&#8243;][vc_single_image image=&#8221;1342&#8243; img_size=&#8221;full&#8221;][\/vc_column][vc_column width=&#8221;3\/4&#8243;][vc_column_text]Nato a Milano nel 1969.<br \/>\nArchitetto di formazione, \u00e8 curatore nel campo dell&#8217;arte pubblica e della fotografia, intesa come mezzo di relazione tra le persone, l&#8217;ambiente, la memoria collettiva.<\/p>\n<p>&nbsp;<\/p>\n<p>Dal 2004 collabora stabilmente con il Museo di Fotografia Contemporanea di Cinisello Balsamo, per cui ha curato numerosi progetti caratterizzati da un intenso dialogo con il territorio e dal lavoro con gli autori delle pi\u02d8 giovani generazioni. Tra questi SALVIAMO LA LUNA (2005\/2007) di Jochen Gerz, THE MOBILE CITY (2008) nelle periferie di Milano e Toronto, RICORDAMI PER SEMPRE, di Marco Signorini e Giulio Mozzi (2011), ART AROUND (2011\/2013) con Beat Streuli e otto giovani artisti nel Nord Milano, VETRINETTA (2014\/2015) con Paolo Riolzi.<br \/>\nURBAN LAYERS (2016\/2017), articolato progetto europeo costituito da 2 call internazionali, una residenza di 6 giovani artisti a Gibellina, tre festival urbani nelle citt\u00e0 di Malaga, Salonicco e Lecce, un libro si \u00e8 concluso o nel marzo 2017 con una mostra e un convegno presso la Triennale di Milano.<\/p>\n<p>&nbsp;<\/p>\n<p>Ha realizzato e curato singolarmente e insieme a Stefano Laffi progetti di arte pubblica in diverse localit\u00e0 italiane e non, tra cui negli ultimi anni FORESTA NASCOSTA a San Giuliano Milanese (2009), L&#8217;ET\u00c0 DELL&#8217;ORO, a Chiasso (2010) e FORESTA BIANCA, a Rosignano Marittimo (2012\/2013), SABATO DEL VILLAGGIO (2013\/2014), a Cesano Maderno.<\/p>\n<p>&nbsp;<\/p>\n<p>Presso lo spazio Forma e successivamente Forma Meravigli ha curato diverse mostre di fotografia e progetti partecipati sull&#8217;identit\u00e0 e le trasformazioni della citt\u00e0 di Milano, tra cui Milano, un minuto prima (2011), Exposed Project (2015), I giorni del parco lambro (2016), VIP \u00e0 la carte (2016).<\/p>\n<p>&nbsp;<\/p>\n<p>Dal 2010 \u00e8 docente presso il Master in Photography e Visual Design di NABA a Milano.<br \/>\n\u00c8 membro del gruppo di lavoro sull&#8217;arte pubblica ARTINRETI, basato presso Cittadellarte a Biella e coordinato dalla Fondazione Pistoletto.<br \/>\n\u00c8 socio fondatore dell&#8217;organizzazione no-profit per l&#8217;arte contemporanea CAREOF, di Milano.<\/p>\n<p>&nbsp;<\/p>\n<p><strong>CONTATTI<\/strong><\/p>\n<p>&nbsp;<\/p>\n<p>matteo balduzzi<br \/>\nvia prospero finzi 25<br \/>\n20126 milano<\/p>\n<p>&nbsp;<\/p>\n<p>italia<\/p>\n<p>&nbsp;<\/p>\n<p>+39.338.3236152<br \/>\nmatteobalduzzi@gmail.com[\/vc_column_text][\/vc_column][\/vc_row]<\/p>\n<\/section>","protected":false},"excerpt":{"rendered":"<p>[vc_row][vc_column width=&#8221;1\/4&#8243;][vc_single_image image=&#8221;1342&#8243; img_size=&#8221;full&#8221;][\/vc_column][vc_column width=&#8221;3\/4&#8243;][vc_column_text]Nato a Milano nel 1969.<br \/>\nArchitetto di formazione, \u00e8 curatore nel campo dell&#8217;arte pubblica e della fotografia, intesa come mezzo di relazione tra le persone, l&#8217;ambiente, <\/p>\n","protected":false},"author":3,"featured_media":0,"parent":1278,"menu_order":0,"comment_status":"closed","ping_status":"closed","template":"","meta":[],"acf":[],"yoast_head":"<!-- This site is optimized with the Yoast SEO plugin v20.8 - https:\/\/yoast.com\/wordpress\/plugins\/seo\/ -->\n<title>Matteo Balduzzi - Fondazione Francesco Fabbri<\/title>\n<meta name=\"robots\" content=\"index, follow, max-snippet:-1, max-image-preview:large, max-video-preview:-1\" \/>\n<link rel=\"canonical\" href=\"https:\/\/www.fondazionefrancescofabbri.it\/it\/arti\/premio-francesco-fabbri-2017\/giuria-2017\/matteo-balduzzi\/\" \/>\n<meta property=\"og:locale\" content=\"it_IT\" \/>\n<meta property=\"og:type\" content=\"article\" \/>\n<meta property=\"og:title\" content=\"Matteo Balduzzi - Fondazione Francesco Fabbri\" \/>\n<meta property=\"og:description\" content=\"[vc_row][vc_column width=&#8221;1\/4&#8243;][vc_single_image image=&#8221;1342&#8243; img_size=&#8221;full&#8221;][\/vc_column][vc_column width=&#8221;3\/4&#8243;][vc_column_text]Nato a Milano nel 1969. Architetto di formazione, \u00e8 curatore nel campo dell&#8217;arte pubblica e della fotografia, intesa come mezzo di relazione tra le persone, l&#8217;ambiente,\" \/>\n<meta property=\"og:url\" content=\"https:\/\/www.fondazionefrancescofabbri.it\/it\/arti\/premio-francesco-fabbri-2017\/giuria-2017\/matteo-balduzzi\/\" \/>\n<meta property=\"og:site_name\" content=\"Fondazione Francesco Fabbri\" \/>\n<meta property=\"article:modified_time\" content=\"2017-06-19T09:34:44+00:00\" \/>\n<meta name=\"twitter:card\" content=\"summary_large_image\" \/>\n<meta name=\"twitter:label1\" content=\"Tempo di lettura stimato\" \/>\n\t<meta name=\"twitter:data1\" content=\"2 minuti\" \/>\n<script type=\"application\/ld+json\" class=\"yoast-schema-graph\">{\"@context\":\"https:\/\/schema.org\",\"@graph\":[{\"@type\":\"WebPage\",\"@id\":\"https:\/\/www.fondazionefrancescofabbri.it\/it\/arti\/premio-francesco-fabbri-2017\/giuria-2017\/matteo-balduzzi\/\",\"url\":\"https:\/\/www.fondazionefrancescofabbri.it\/it\/arti\/premio-francesco-fabbri-2017\/giuria-2017\/matteo-balduzzi\/\",\"name\":\"Matteo Balduzzi - Fondazione Francesco Fabbri\",\"isPartOf\":{\"@id\":\"https:\/\/www.fondazionefrancescofabbri.it\/en\/#website\"},\"datePublished\":\"2017-06-19T09:34:00+00:00\",\"dateModified\":\"2017-06-19T09:34:44+00:00\",\"breadcrumb\":{\"@id\":\"https:\/\/www.fondazionefrancescofabbri.it\/it\/arti\/premio-francesco-fabbri-2017\/giuria-2017\/matteo-balduzzi\/#breadcrumb\"},\"inLanguage\":\"it-IT\",\"potentialAction\":[{\"@type\":\"ReadAction\",\"target\":[\"https:\/\/www.fondazionefrancescofabbri.it\/it\/arti\/premio-francesco-fabbri-2017\/giuria-2017\/matteo-balduzzi\/\"]}]},{\"@type\":\"BreadcrumbList\",\"@id\":\"https:\/\/www.fondazionefrancescofabbri.it\/it\/arti\/premio-francesco-fabbri-2017\/giuria-2017\/matteo-balduzzi\/#breadcrumb\",\"itemListElement\":[{\"@type\":\"ListItem\",\"position\":1,\"name\":\"Home\",\"item\":\"https:\/\/www.fondazionefrancescofabbri.it\/it\/\"},{\"@type\":\"ListItem\",\"position\":2,\"name\":\"Arti\",\"item\":\"https:\/\/www.fondazionefrancescofabbri.it\/it\/arti\/\"},{\"@type\":\"ListItem\",\"position\":3,\"name\":\"Premio Francesco Fabbri 2017\",\"item\":\"https:\/\/www.fondazionefrancescofabbri.it\/it\/arti\/premio-francesco-fabbri-2017\/\"},{\"@type\":\"ListItem\",\"position\":4,\"name\":\"Giuria\",\"item\":\"https:\/\/www.fondazionefrancescofabbri.it\/it\/arti\/premio-francesco-fabbri-2017\/giuria-2017\/\"},{\"@type\":\"ListItem\",\"position\":5,\"name\":\"Matteo Balduzzi\"}]},{\"@type\":\"WebSite\",\"@id\":\"https:\/\/www.fondazionefrancescofabbri.it\/en\/#website\",\"url\":\"https:\/\/www.fondazionefrancescofabbri.it\/en\/\",\"name\":\"Fondazione Francesco Fabbri\",\"description\":\"Just another WordPress site\",\"potentialAction\":[{\"@type\":\"SearchAction\",\"target\":{\"@type\":\"EntryPoint\",\"urlTemplate\":\"https:\/\/www.fondazionefrancescofabbri.it\/en\/?s={search_term_string}\"},\"query-input\":\"required name=search_term_string\"}],\"inLanguage\":\"it-IT\"}]}<\/script>\n<!-- \/ Yoast SEO plugin. -->","yoast_head_json":{"title":"Matteo Balduzzi - Fondazione Francesco Fabbri","robots":{"index":"index","follow":"follow","max-snippet":"max-snippet:-1","max-image-preview":"max-image-preview:large","max-video-preview":"max-video-preview:-1"},"canonical":"https:\/\/www.fondazionefrancescofabbri.it\/it\/arti\/premio-francesco-fabbri-2017\/giuria-2017\/matteo-balduzzi\/","og_locale":"it_IT","og_type":"article","og_title":"Matteo Balduzzi - Fondazione Francesco Fabbri","og_description":"[vc_row][vc_column width=&#8221;1\/4&#8243;][vc_single_image image=&#8221;1342&#8243; img_size=&#8221;full&#8221;][\/vc_column][vc_column width=&#8221;3\/4&#8243;][vc_column_text]Nato a Milano nel 1969. Architetto di formazione, \u00e8 curatore nel campo dell&#8217;arte pubblica e della fotografia, intesa come mezzo di relazione tra le persone, l&#8217;ambiente,","og_url":"https:\/\/www.fondazionefrancescofabbri.it\/it\/arti\/premio-francesco-fabbri-2017\/giuria-2017\/matteo-balduzzi\/","og_site_name":"Fondazione Francesco Fabbri","article_modified_time":"2017-06-19T09:34:44+00:00","twitter_card":"summary_large_image","twitter_misc":{"Tempo di lettura stimato":"2 minuti"},"schema":{"@context":"https:\/\/schema.org","@graph":[{"@type":"WebPage","@id":"https:\/\/www.fondazionefrancescofabbri.it\/it\/arti\/premio-francesco-fabbri-2017\/giuria-2017\/matteo-balduzzi\/","url":"https:\/\/www.fondazionefrancescofabbri.it\/it\/arti\/premio-francesco-fabbri-2017\/giuria-2017\/matteo-balduzzi\/","name":"Matteo Balduzzi - Fondazione Francesco Fabbri","isPartOf":{"@id":"https:\/\/www.fondazionefrancescofabbri.it\/en\/#website"},"datePublished":"2017-06-19T09:34:00+00:00","dateModified":"2017-06-19T09:34:44+00:00","breadcrumb":{"@id":"https:\/\/www.fondazionefrancescofabbri.it\/it\/arti\/premio-francesco-fabbri-2017\/giuria-2017\/matteo-balduzzi\/#breadcrumb"},"inLanguage":"it-IT","potentialAction":[{"@type":"ReadAction","target":["https:\/\/www.fondazionefrancescofabbri.it\/it\/arti\/premio-francesco-fabbri-2017\/giuria-2017\/matteo-balduzzi\/"]}]},{"@type":"BreadcrumbList","@id":"https:\/\/www.fondazionefrancescofabbri.it\/it\/arti\/premio-francesco-fabbri-2017\/giuria-2017\/matteo-balduzzi\/#breadcrumb","itemListElement":[{"@type":"ListItem","position":1,"name":"Home","item":"https:\/\/www.fondazionefrancescofabbri.it\/it\/"},{"@type":"ListItem","position":2,"name":"Arti","item":"https:\/\/www.fondazionefrancescofabbri.it\/it\/arti\/"},{"@type":"ListItem","position":3,"name":"Premio Francesco Fabbri 2017","item":"https:\/\/www.fondazionefrancescofabbri.it\/it\/arti\/premio-francesco-fabbri-2017\/"},{"@type":"ListItem","position":4,"name":"Giuria","item":"https:\/\/www.fondazionefrancescofabbri.it\/it\/arti\/premio-francesco-fabbri-2017\/giuria-2017\/"},{"@type":"ListItem","position":5,"name":"Matteo Balduzzi"}]},{"@type":"WebSite","@id":"https:\/\/www.fondazionefrancescofabbri.it\/en\/#website","url":"https:\/\/www.fondazionefrancescofabbri.it\/en\/","name":"Fondazione Francesco Fabbri","description":"Just another WordPress site","potentialAction":[{"@type":"SearchAction","target":{"@type":"EntryPoint","urlTemplate":"https:\/\/www.fondazionefrancescofabbri.it\/en\/?s={search_term_string}"},"query-input":"required name=search_term_string"}],"inLanguage":"it-IT"}]}},"_links":{"self":[{"href":"https:\/\/www.fondazionefrancescofabbri.it\/it\/wp-json\/wp\/v2\/pages\/1343"}],"collection":[{"href":"https:\/\/www.fondazionefrancescofabbri.it\/it\/wp-json\/wp\/v2\/pages"}],"about":[{"href":"https:\/\/www.fondazionefrancescofabbri.it\/it\/wp-json\/wp\/v2\/types\/page"}],"author":[{"embeddable":true,"href":"https:\/\/www.fondazionefrancescofabbri.it\/it\/wp-json\/wp\/v2\/users\/3"}],"replies":[{"embeddable":true,"href":"https:\/\/www.fondazionefrancescofabbri.it\/it\/wp-json\/wp\/v2\/comments?post=1343"}],"version-history":[{"count":2,"href":"https:\/\/www.fondazionefrancescofabbri.it\/it\/wp-json\/wp\/v2\/pages\/1343\/revisions"}],"predecessor-version":[{"id":1345,"href":"https:\/\/www.fondazionefrancescofabbri.it\/it\/wp-json\/wp\/v2\/pages\/1343\/revisions\/1345"}],"up":[{"embeddable":true,"href":"https:\/\/www.fondazionefrancescofabbri.it\/it\/wp-json\/wp\/v2\/pages\/1278"}],"wp:attachment":[{"href":"https:\/\/www.fondazionefrancescofabbri.it\/it\/wp-json\/wp\/v2\/media?parent=1343"}],"curies":[{"name":"wp","href":"https:\/\/api.w.org\/{rel}","templated":true}]}}