{"id":1722,"date":"2018-07-02T07:56:34","date_gmt":"2018-07-02T07:56:34","guid":{"rendered":"http:\/\/www.fondazionefrancescofabbri.it\/?page_id=1722"},"modified":"2018-11-27T13:27:07","modified_gmt":"2018-11-27T13:27:07","slug":"f4-unidea-di-fotografia-2018","status":"publish","type":"page","link":"https:\/\/www.fondazionefrancescofabbri.it\/it\/arti\/f4-unidea-di-fotografia-2018\/","title":{"rendered":"F4 \/ un&#8217;idea di Fotografia 2018"},"content":{"rendered":"<section class=\"wpb-content-wrapper\"><p>[vc_row][vc_column width=&#8221;2\/3&#8243;][vc_column_text el_class=&#8221;titolo&#8221;]F4 \/ un&#8217;idea di Fotografia 2018[\/vc_column_text][vc_single_image image=&#8221;1695&#8243; img_size=&#8221;full&#8221;][vc_column_text]Al via l&#8217;Ottava edizione del Festival di fotografia contemporanea<br \/>\n<strong>da Mario Giacomelli alle ricerche emergenti<br \/>\nsul rapporto tra individuo e societ\u00e0<\/strong><\/p>\n<p>&nbsp;<\/p>\n<p>Il <strong>13 luglio<\/strong> ore <strong>18.00<\/strong> a <strong>Villa Brandolini<\/strong> a <strong>Pieve di Soligo (TV)<\/strong> inaugura l&#8217;ottava edizione del <strong>Festival <em>F4 \/ un&#8217;idea di Fotografia<\/em><\/strong> promosso dalla Fondazione Francesco Fabbri in collaborazione con il Comune di Pieve di Soligo e con la direzione artistica di Carlo Sala. Una serie di mostre che offrono uno spaccato sulla fotografia contemporanea: dalla grande mostra dedicata a Mario Giacomelli fino alle ricerche pi\u00f9 innovative del panorama italiano, avendo come tema unificante il rapporto tra l&#8217;individuo e la societ\u00e0.<\/p>\n<p>&nbsp;<\/p>\n<p>Il Festival si apre con un&#8217;ampia mostra antologica dedicata a <strong>Mario Giacomelli<\/strong>, uno dei pi\u00f9 grandi fotografi italiani del Novecento, promossa in collaborazione con il Museo di Fotografia Contemporanea di Cinisello Balsamo-Milano. L&#8217;esposizione <em><strong>Mario Giacomelli. Il corpo della terra<\/strong><\/em>, curata da Carlo Sala, presenta i due cicli pi\u00f9 importanti dell&#8217;autore, i Paesaggi e l\u2019<em>Ospizio<\/em> (in un secondo momento rinominato con il titolo tratto della poesia dello scrittore Cesare Pavese, <em>Verr\u00e0 la morte e avr\u00e0 i tuoi occhi<\/em>), che contribuiranno a conferire all&#8217;autore una notoriet\u00e0 internazionale.<br \/>\nNei <em>Paesaggi<\/em> di Mario Giacomelli, anche ritraggono le dolci colline marchigiane, si sente appieno l&#8217;eco delle ricerche dell&#8217;arte informale europea che cercano una &#8220;forma altra&#8221; rispetto al reale. Come \u00e8 noto, l&#8217;autore per realizzarli chiede ai contadini suoi conoscenti di tracciare sulla terra dei segni con i loro trattori, modificando cos\u00ec il territorio; in fase di stampa poi l&#8217;artista accentua questi segni dimostrando una grande libert\u00e0, voglia di sperimentazione e perizia derivanti anche dalla sua precedente attivit\u00e0 di tipografo. Una visione che tende a forzare il reale e piegarlo verso le forme dell&#8217;astrazione.<br \/>\nIn <em>Verr\u00e0 la morte e avr\u00e0 i tuoi occhi<\/em> l&#8217;artista racconta la situazione di solitudine e desolazione nell&#8217;ospizio di Senigallia nelle Marche, sua citt\u00e0 natale; oltre ad essere un affresco sociale senza pari, \u00e8 una meditazione sul tempo e sull&#8217;ineluttabilit\u00e0 della morte dove emerge un profondo senso del tragico fatto di grandi contrasti all&#8217;interno delle fotografie in bianco e nero.<br \/>\nTra i due filoni, solo apparentemente distanti, si trovano tutta una serie di legami profondi nel vedere il paesaggio come un corpo. E&#8217; lo stesso Giacomelli a spiegarlo: \u00abIl paesaggio all&#8217;inizio \u00e8 nato pensando alla materia stessa dell&#8217;uomo, la carne: la terra \u00e8 uguale alla carne dell&#8217;uomo\u00bb. Nella riflessione che compie sui valori della spiritualit\u00e0 della terra, della mutazione di un territorio in abbandono, arriva a sublimarlo in un corpo: \u00abE allora, guardandolo, ho visto le sue ferite, i segni \u00bb e continua dicendo \u00abi calli che l&#8217;uomo aveva un tempo sui palmi delle mani, la terra li porta ancora l\u00ec\u00bb.<br \/>\nNel percorso dedicato a Mario Giacomelli, l&#8217;artista <strong>Fabio Roncato<\/strong> ha inserito il lavoro <em>Parallels \/ Parallele<\/em> quasi fosse un omaggio all&#8217;autore marchigiano, creando cos\u00ec una riflessione sul rapporto fra uomo e natura in termini estetici e sociali.<\/p>\n<p>&nbsp;<\/p>\n<p>A seguire l&#8217;esposizione collettiva <strong><em>Around me. Traces of presence in biopolscapes<\/em><\/strong> presenta il lavoro di tre autori emergenti del panorama nazionale che con le loro ricerche indagano alcune questioni di stretta attualit\u00e0. La mostra vuole essere una riflessione su come oggi i temi della <em>biopolitica<\/em> possano trovare delle nuove applicazioni, nel delineare gli elementi intangibili che condizionano il rapporto tra individuo e societ\u00e0.<br \/>\nIl ciclo <em>Supervision<\/em> di <strong>Irene Fenara<\/strong> \u00e8 composto da una serie di immagini provenienti da videocamere di sorveglianza, che normalmente sarebbero cancellate dopo 24 ore. L&#8217;artista rivela un paesaggio dominato da una estetica del controllo, seducente e distopica al tempo stesso, dove anche se l&#8217;uomo non compare apertamente nelle sue fattezze, \u00e8 presente attraverso delle tracce immateriali, i suoi dati raccolti dagli apparecchi di controllo che attraverso il loro carattere reversibile rendono anche il controllore un controllato.<br \/>\n<strong>Alessandro Calabrese<\/strong> con le opere del progetto <em>The Long Thing<\/em> indaga la condizione di un lavoratore che si scontra con la burocrazia: gli oggetti che popolano il suo quotidiano (faldoni, cartelline, carta millimetrata) ci appaiono sotto forma di astrazioni create da uno scanner che ne ha decostruito le forme; le opere sono cos\u00ec giocate su minime variazioni che sembrano rendere lo stato di noia a apatia a cui \u00e8 soggetta la persona.<br \/>\n<strong>Alessandro Sambini<\/strong> per realizzare i lavori che compongono la serie <em>Spelling Book &#8211; learning from Caltech 256<\/em> ha attuato un processo dove il computer, attraverso un algoritmo, cerca di apprendere le varie classi di immagini di cui \u00e8 composto un <em>dataset<\/em>. Questo processo ha generato delle forme iconiche che sono una sorta di alfabeto visivo del nostro tempo, ponendo anche una serie di riflessioni sull&#8217;impatto che il <em>machine learning<\/em> ha sull&#8217;uomo.<\/p>\n<p>&nbsp;<\/p>\n<p>In un percorso articolato tra fotografie, installazioni, documenti di finzione ed <em>objets trouv\u00e9s<\/em> raccolti tra i Balcani e la Romagna, <em><strong>L&#8217;albero del latte<\/strong><\/em> di <strong>Silvia Bigi<\/strong>, a cura di Francesca Lazzarini, esplora invece il tema dell&#8217;identit\u00e0 di genere, sollevando riflessioni sul ruolo della donna nella societ\u00e0 contemporanea.<br \/>\nProdotta dalla Fondazione Dino Zoli di Forl\u00ec nell&#8217;ambito del programma <em>Who&#8217;s next<\/em>, teso alla promozione e al sostegno della creativit\u00e0 emergente, la mostra nasce da un ritrovamento casuale: la fotografia delle sorelle Vukosava e Stana Cerovic, quest&#8217;ultima \u2013 in sembianze maschili \u2013 ultima vergine giurata del Montenegro. La scoperta dell&#8217;esistenza delle <em>tobelije<\/em> \u2013 donne disposte a rimanere vergini e a trasformarsi in uomini pur di assicurarsi una vita indipendente in una societ\u00e0 fortemente patriarcale \u2013 \u00e8 il punto di avvio di una ricerca che, toccando temi come matrimonio, dote, sessualit\u00e0 e perpetuazione delle norme di genere, insegue la domanda che ha ossessionato l&#8217;artista fin dal ritrovamento: sebbene viviamo in un contesto diverso, non siamo forse tutte come Vukosava e Stana?<br \/>\nIn tempi in cui il femminicidio \u00e8 argomento alla ribalta di tutti i canali di informazione nazionali, <em>L&#8217;albero del latte<\/em> risale alle origini della questione, interrogandosi sul rapporto tra natura e cultura e sulle possibilit\u00e0 di sovvertire le norme sociali dominanti.<\/p>\n<p>&nbsp;<\/p>\n<p>A conclusione le opere del vincitore della sesta edizione del Premio Fabbri, <strong>Alberto Sinigaglia<\/strong>, che presenta la serie fotografica <em><strong>Microwave City<\/strong><\/em> incentrata sulla citt\u00e0 di Las Vegas, vista come un archetipo visivo della messa in scena permanente che genera un immaginario effimero, sospeso tra realt\u00e0 e finzione. Le opere raccontano il profondo legame della metropoli con la bomba atomica perch\u00e9 durante gli anni Cinquanta una delle attrazioni cittadine era la possibilit\u00e0 di osservare i test nucleari dalle terrazze degli hotel e i turisti scattavano immagini di quelle drammatiche e potenti scene, trasformandole in ricordi delle loro vacanze. La bomba \u00e8 anche mimetizzata in oggetti apparentemente quotidiani e inerti che la raccontano, pur senza mostrarla apertamente. L&#8217;autore ha infatti realizzato degli <em>still-life<\/em> ritraendo alcuni oggetti, collezionati durante il suo viaggio negli Stati Uniti, che hanno una relazione con il Manhattan Project come ad esempio un monolite che sembra provenire dal deposito di grafite che Enrico Fermi us\u00f2 per la costruzione della Chicago Pile nel 1942, il primo prototipo di reattore a fissione nucleare. Il progetto <em>Microwae City<\/em> attraverso queste immagini di memorabilia vuole creare una riflessione metaforica sul rapporto tra il visibile, la storia e il potere.<\/p>\n<p>&nbsp;<\/p>\n<p>Le mostre del Festival <em>F4 \/ un&#8217;idea di Fotografia<\/em> rimarranno aperte fino al 26 agosto 2018.[\/vc_column_text][\/vc_column][vc_column width=&#8221;1\/3&#8243;][vc_wp_custommenu title=&#8221;Approfondimenti&#8221; nav_menu=&#8221;36&#8243;][vc_wp_custommenu title=&#8221;Progetti&#8221; nav_menu=&#8221;15&#8243;][\/vc_column][\/vc_row]<\/p>\n<\/section>","protected":false},"excerpt":{"rendered":"<p>[vc_row][vc_column width=&#8221;2\/3&#8243;][vc_column_text el_class=&#8221;titolo&#8221;]F4 \/ un&#8217;idea di Fotografia 2018[\/vc_column_text][vc_single_image image=&#8221;1695&#8243; img_size=&#8221;full&#8221;][vc_column_text]Al via l&#8217;Ottava edizione del Festival di fotografia contemporanea<br \/>\nda Mario Giacomelli alle ricerche emergenti<br \/>\nsul rapporto tra individuo e societ\u00e0<br \n<\/p>\n","protected":false},"author":3,"featured_media":2016,"parent":95,"menu_order":0,"comment_status":"closed","ping_status":"closed","template":"","meta":[],"acf":[],"yoast_head":"<!-- This site is optimized with the Yoast SEO plugin v20.8 - https:\/\/yoast.com\/wordpress\/plugins\/seo\/ -->\n<title>F4 \/ un&#039;idea di Fotografia 2018 - Fondazione Francesco Fabbri<\/title>\n<meta name=\"robots\" content=\"index, follow, max-snippet:-1, max-image-preview:large, max-video-preview:-1\" \/>\n<link rel=\"canonical\" href=\"https:\/\/www.fondazionefrancescofabbri.it\/it\/arti\/f4-unidea-di-fotografia-2018\/\" \/>\n<meta property=\"og:locale\" content=\"it_IT\" \/>\n<meta property=\"og:type\" content=\"article\" \/>\n<meta property=\"og:title\" content=\"F4 \/ un&#039;idea di Fotografia 2018 - Fondazione Francesco Fabbri\" \/>\n<meta property=\"og:description\" content=\"[vc_row][vc_column width=&#8221;2\/3&#8243;][vc_column_text el_class=&#8221;titolo&#8221;]F4 \/ un&#8217;idea di Fotografia 2018[\/vc_column_text][vc_single_image image=&#8221;1695&#8243; img_size=&#8221;full&#8221;][vc_column_text]Al via l&#8217;Ottava edizione del Festival di fotografia contemporanea da Mario Giacomelli alle ricerche emergenti sul rapporto tra individuo e societ\u00e0\" \/>\n<meta property=\"og:url\" content=\"https:\/\/www.fondazionefrancescofabbri.it\/it\/arti\/f4-unidea-di-fotografia-2018\/\" \/>\n<meta property=\"og:site_name\" content=\"Fondazione Francesco Fabbri\" \/>\n<meta property=\"article:modified_time\" content=\"2018-11-27T13:27:07+00:00\" \/>\n<meta property=\"og:image\" content=\"https:\/\/www.fondazionefrancescofabbri.it\/wp-content\/uploads\/2018\/07\/Tavola-disegno-2-8.png\" \/>\n\t<meta property=\"og:image:width\" content=\"1101\" \/>\n\t<meta property=\"og:image:height\" content=\"700\" \/>\n\t<meta property=\"og:image:type\" content=\"image\/png\" \/>\n<meta name=\"twitter:card\" content=\"summary_large_image\" \/>\n<meta name=\"twitter:label1\" content=\"Tempo di lettura stimato\" \/>\n\t<meta name=\"twitter:data1\" content=\"6 minuti\" \/>\n<script type=\"application\/ld+json\" class=\"yoast-schema-graph\">{\"@context\":\"https:\/\/schema.org\",\"@graph\":[{\"@type\":\"WebPage\",\"@id\":\"https:\/\/www.fondazionefrancescofabbri.it\/it\/arti\/f4-unidea-di-fotografia-2018\/\",\"url\":\"https:\/\/www.fondazionefrancescofabbri.it\/it\/arti\/f4-unidea-di-fotografia-2018\/\",\"name\":\"F4 \/ un'idea di Fotografia 2018 - Fondazione Francesco Fabbri\",\"isPartOf\":{\"@id\":\"https:\/\/www.fondazionefrancescofabbri.it\/en\/#website\"},\"datePublished\":\"2018-07-02T07:56:34+00:00\",\"dateModified\":\"2018-11-27T13:27:07+00:00\",\"breadcrumb\":{\"@id\":\"https:\/\/www.fondazionefrancescofabbri.it\/it\/arti\/f4-unidea-di-fotografia-2018\/#breadcrumb\"},\"inLanguage\":\"it-IT\",\"potentialAction\":[{\"@type\":\"ReadAction\",\"target\":[\"https:\/\/www.fondazionefrancescofabbri.it\/it\/arti\/f4-unidea-di-fotografia-2018\/\"]}]},{\"@type\":\"BreadcrumbList\",\"@id\":\"https:\/\/www.fondazionefrancescofabbri.it\/it\/arti\/f4-unidea-di-fotografia-2018\/#breadcrumb\",\"itemListElement\":[{\"@type\":\"ListItem\",\"position\":1,\"name\":\"Home\",\"item\":\"https:\/\/www.fondazionefrancescofabbri.it\/it\/\"},{\"@type\":\"ListItem\",\"position\":2,\"name\":\"Arti\",\"item\":\"https:\/\/www.fondazionefrancescofabbri.it\/it\/arti\/\"},{\"@type\":\"ListItem\",\"position\":3,\"name\":\"F4 \/ un&#8217;idea di Fotografia 2018\"}]},{\"@type\":\"WebSite\",\"@id\":\"https:\/\/www.fondazionefrancescofabbri.it\/en\/#website\",\"url\":\"https:\/\/www.fondazionefrancescofabbri.it\/en\/\",\"name\":\"Fondazione Francesco Fabbri\",\"description\":\"Just another WordPress site\",\"potentialAction\":[{\"@type\":\"SearchAction\",\"target\":{\"@type\":\"EntryPoint\",\"urlTemplate\":\"https:\/\/www.fondazionefrancescofabbri.it\/en\/?s={search_term_string}\"},\"query-input\":\"required name=search_term_string\"}],\"inLanguage\":\"it-IT\"}]}<\/script>\n<!-- \/ Yoast SEO plugin. -->","yoast_head_json":{"title":"F4 \/ un'idea di Fotografia 2018 - Fondazione Francesco Fabbri","robots":{"index":"index","follow":"follow","max-snippet":"max-snippet:-1","max-image-preview":"max-image-preview:large","max-video-preview":"max-video-preview:-1"},"canonical":"https:\/\/www.fondazionefrancescofabbri.it\/it\/arti\/f4-unidea-di-fotografia-2018\/","og_locale":"it_IT","og_type":"article","og_title":"F4 \/ un'idea di Fotografia 2018 - Fondazione Francesco Fabbri","og_description":"[vc_row][vc_column width=&#8221;2\/3&#8243;][vc_column_text el_class=&#8221;titolo&#8221;]F4 \/ un&#8217;idea di Fotografia 2018[\/vc_column_text][vc_single_image image=&#8221;1695&#8243; img_size=&#8221;full&#8221;][vc_column_text]Al via l&#8217;Ottava edizione del Festival di fotografia contemporanea da Mario Giacomelli alle ricerche emergenti sul rapporto tra individuo e societ\u00e0","og_url":"https:\/\/www.fondazionefrancescofabbri.it\/it\/arti\/f4-unidea-di-fotografia-2018\/","og_site_name":"Fondazione Francesco Fabbri","article_modified_time":"2018-11-27T13:27:07+00:00","og_image":[{"width":1101,"height":700,"url":"https:\/\/www.fondazionefrancescofabbri.it\/wp-content\/uploads\/2018\/07\/Tavola-disegno-2-8.png","type":"image\/png"}],"twitter_card":"summary_large_image","twitter_misc":{"Tempo di lettura stimato":"6 minuti"},"schema":{"@context":"https:\/\/schema.org","@graph":[{"@type":"WebPage","@id":"https:\/\/www.fondazionefrancescofabbri.it\/it\/arti\/f4-unidea-di-fotografia-2018\/","url":"https:\/\/www.fondazionefrancescofabbri.it\/it\/arti\/f4-unidea-di-fotografia-2018\/","name":"F4 \/ un'idea di Fotografia 2018 - Fondazione Francesco Fabbri","isPartOf":{"@id":"https:\/\/www.fondazionefrancescofabbri.it\/en\/#website"},"datePublished":"2018-07-02T07:56:34+00:00","dateModified":"2018-11-27T13:27:07+00:00","breadcrumb":{"@id":"https:\/\/www.fondazionefrancescofabbri.it\/it\/arti\/f4-unidea-di-fotografia-2018\/#breadcrumb"},"inLanguage":"it-IT","potentialAction":[{"@type":"ReadAction","target":["https:\/\/www.fondazionefrancescofabbri.it\/it\/arti\/f4-unidea-di-fotografia-2018\/"]}]},{"@type":"BreadcrumbList","@id":"https:\/\/www.fondazionefrancescofabbri.it\/it\/arti\/f4-unidea-di-fotografia-2018\/#breadcrumb","itemListElement":[{"@type":"ListItem","position":1,"name":"Home","item":"https:\/\/www.fondazionefrancescofabbri.it\/it\/"},{"@type":"ListItem","position":2,"name":"Arti","item":"https:\/\/www.fondazionefrancescofabbri.it\/it\/arti\/"},{"@type":"ListItem","position":3,"name":"F4 \/ un&#8217;idea di Fotografia 2018"}]},{"@type":"WebSite","@id":"https:\/\/www.fondazionefrancescofabbri.it\/en\/#website","url":"https:\/\/www.fondazionefrancescofabbri.it\/en\/","name":"Fondazione Francesco Fabbri","description":"Just another WordPress site","potentialAction":[{"@type":"SearchAction","target":{"@type":"EntryPoint","urlTemplate":"https:\/\/www.fondazionefrancescofabbri.it\/en\/?s={search_term_string}"},"query-input":"required name=search_term_string"}],"inLanguage":"it-IT"}]}},"_links":{"self":[{"href":"https:\/\/www.fondazionefrancescofabbri.it\/it\/wp-json\/wp\/v2\/pages\/1722"}],"collection":[{"href":"https:\/\/www.fondazionefrancescofabbri.it\/it\/wp-json\/wp\/v2\/pages"}],"about":[{"href":"https:\/\/www.fondazionefrancescofabbri.it\/it\/wp-json\/wp\/v2\/types\/page"}],"author":[{"embeddable":true,"href":"https:\/\/www.fondazionefrancescofabbri.it\/it\/wp-json\/wp\/v2\/users\/3"}],"replies":[{"embeddable":true,"href":"https:\/\/www.fondazionefrancescofabbri.it\/it\/wp-json\/wp\/v2\/comments?post=1722"}],"version-history":[{"count":10,"href":"https:\/\/www.fondazionefrancescofabbri.it\/it\/wp-json\/wp\/v2\/pages\/1722\/revisions"}],"predecessor-version":[{"id":2209,"href":"https:\/\/www.fondazionefrancescofabbri.it\/it\/wp-json\/wp\/v2\/pages\/1722\/revisions\/2209"}],"up":[{"embeddable":true,"href":"https:\/\/www.fondazionefrancescofabbri.it\/it\/wp-json\/wp\/v2\/pages\/95"}],"wp:featuredmedia":[{"embeddable":true,"href":"https:\/\/www.fondazionefrancescofabbri.it\/it\/wp-json\/wp\/v2\/media\/2016"}],"wp:attachment":[{"href":"https:\/\/www.fondazionefrancescofabbri.it\/it\/wp-json\/wp\/v2\/media?parent=1722"}],"curies":[{"name":"wp","href":"https:\/\/api.w.org\/{rel}","templated":true}]}}