{"id":197,"date":"2016-03-23T09:41:47","date_gmt":"2016-03-23T09:41:47","guid":{"rendered":"http:\/\/www.fondazionefrancescofabbri.it\/it\/?page_id=197"},"modified":"2016-05-11T10:53:49","modified_gmt":"2016-05-11T10:53:49","slug":"politiche","status":"publish","type":"page","link":"https:\/\/www.fondazionefrancescofabbri.it\/it\/politiche\/","title":{"rendered":"Politiche"},"content":{"rendered":"<section class=\"wpb-content-wrapper\"><p>[vc_row][vc_column width=&#8221;2\/3&#8243;][vc_column_text el_class=&#8221;titolo&#8221;]Politiche[\/vc_column_text][vc_column_text]La politica \u00e8 il momento fondamentale per la valutazione del presente e per la progettualit\u00e0 del e per il futuro.<br \/>\nFondazione Francesco Fabbri, seguendo il dettato della figura a cui \u00e8 intitolata, intende proporsi come luogo di riflessione e incubazione delle buone pratiche e di valutazione delle criticit\u00e0 presenti nei territori italiani (a partire da quelli di riferimento, l\u2019Alta Marca Trevigiana), sapendo che tale atteggiamento costringe a ripensare le stesse categorie fondamentali dell\u2019azione pubblica &#8211; democrazia, legittimit\u00e0, potere, rappresentanza &#8211; cercando di accompagnare la crescita della futura classe dirigente.<br \/>\n\u00c8 necessario ripensare, sedimentare e trasmettere nuovi o diversi lessici della politica, ritrovare parole chiave che possono giustificare non solo la politica, ma le \u201cpolitiche\u201d, aprendosi quindi ad una vera e propria revisione teoretica. Da troppo tempo infatti la politica \u00e8 stata separata dall\u2019economia e dalla governance, e pur nella convinzione che i termini \u201cpolitica-economia- governo\u201d non possano coincidere, ma che anzi una eventuale coincidenza potrebbe intaccare lo stesso diritto alla libert\u00e0 del singolo come della comunit\u00e0, va ricomposta una loro reciprocit\u00e0 e funzionalizzazione in ragione del benessere dell\u2019intera collettivit\u00e0 in una territorialit\u00e0 inclusiva, sostenibile e intelligente;<br \/>\nFondazione Francesco Fabbri pu\u00f2 quindi essere quel luogo di valutazione dell\u2019immediato e del necessario che oggi sembra mancare nei territori sociali della Contemporaneit\u00e0, ma anche della riflessione collettiva sugli aspetti teoreticamente significativi della politica nel quadro degli stessi processi di globalizzazione.<\/p>\n<p>&nbsp;<\/p>\n<p>Anche dal punto di vista politico Fondazione Francesco Fabbri intende essere glocale. Tale prospettiva le pu\u00f2 consentire di individuare e collocare culturalmente e scientificamente le piattaforme nelle quali intende impegnarsi, in forma diretta, indiretta o partecipata, attivando partnership con tutti i soggetti pubblici, privati, accademici, scientifici e di categoria.<br \/>\nLa sua attenzione e le sue stesse pratiche saranno prevalentemente rivolte a:<br \/>\n\u2022\u00a0leggere i fenomeni micro e macro dell\u2019 economia politica che operano nei territori (dell\u2019Alta Marca Trevigiana o limitrofi),valutando contemporaneamente gli esiti in termini sociali e in generale rispetto al tema della qualit\u00e0 della vita dei cittadini, questo anche con il fine di accreditarsi quale punto di riferimento per tutti coloro che intendono promuovere iniziative utili ai processi di innovazione e di sviluppo;<br \/>\n\u2022 diffondere il lessico digitale e le logiche smart, lo sviluppo nel territorio della creativit\u00e0 e dell\u2019intelligenza collettiva ( da questo punto di vista l\u2019arte ha oggi un ruolo fondamentale), le logiche dell\u2019economia sharing, del crowdfunding, della disruptive innovation, dell\u2019exponential growth in tutti i settori della produzione e dell\u2019amministrazione pubblica in particolare. \u00c8 necessario passare dal modo di produzione industriale a quello digitale e oggi non c\u2019\u00e8 innovazione e sviluppo che non utilizzi le tecnologie digitali;<br \/>\n\u2022\u00a0promuovere in forma virale le pratiche per una cittadinanza digitale che, attraverso la e-governance, pu\u00f2 pretendere la fruibilit\u00e0, l\u2019accessibilit\u00e0, la tempestivit\u00e0 dei servizi pubblici e la riduzione progressiva del digital divide. Questo apre al tema generale relativo alla necessaria e urgente ridefinizione dei diritti come e soprattutto dei doveri;<br \/>\n\u2022\u00a0diffondere le logiche e le pratiche di una economia circolare, di una economia che ha come scopo l\u2019estensione della vita dei prodotti, la produzione di beni di lunga durata, le attivit\u00e0 di ricondizionamento e la riduzione della produzione di rifiuti (che tende a vendere servizi piuttosto che prodotti e che vuole superare una logica lineare del \u201cprendi-realizza-consuma-elimina\u201d). Tale economia, che motiva dal 2015 la ridistribuzione dei finanziamenti europei, ha bisogno di un profondo ripensamento del rapporto tra pubblico e privato<\/p>\n<p>&nbsp;<\/p>\n<p>Su tali intenzioni Fondazione Francesco Fabbri rinnova la domanda che da sempre le appartiene: \u201cCosa vogliamo sia il nostro territorio, le nostre citt\u00e0, le nostre comunit\u00e0, non solo nel prossimo futuro, ma anche nel lungo periodo?\u201d.<br \/>\n\u00c8 possibile cio\u00e8 agire in forma circolare, accompagnando i processi con i cittadini e non per i cittadini, in una logica di costante interazione e dialogo? \u00c8 possibile la costruzione di un Masterplan territoriale e collettivo che tenga conto non solo delle dinamiche di ci\u00f2 che \u00e8 materiale, ma anche di tutto ci\u00f2 che \u00e8 immateriale e sta alla base dei processi di valorizzazione del modo di produzione digitale?[\/vc_column_text][\/vc_column][vc_column width=&#8221;1\/3&#8243;][vc_wp_custommenu title=&#8221;Progetti&#8221; nav_menu=&#8221;12&#8243;][\/vc_column][\/vc_row]<\/p>\n<\/section>","protected":false},"excerpt":{"rendered":"<p>[vc_row][vc_column width=&#8221;2\/3&#8243;][vc_column_text el_class=&#8221;titolo&#8221;]Politiche[\/vc_column_text][vc_column_text]La politica \u00e8 il momento fondamentale per la valutazione del presente e per la progettualit\u00e0 del e per il futuro.<br \/>\nFondazione Francesco Fabbri, seguendo il dettato della figura <\/p>\n","protected":false},"author":3,"featured_media":367,"parent":0,"menu_order":3,"comment_status":"closed","ping_status":"closed","template":"","meta":[],"acf":[],"yoast_head":"<!-- This site is optimized with the Yoast SEO plugin v20.8 - https:\/\/yoast.com\/wordpress\/plugins\/seo\/ -->\n<title>Politiche - Fondazione Francesco Fabbri<\/title>\n<meta name=\"robots\" content=\"index, follow, max-snippet:-1, max-image-preview:large, max-video-preview:-1\" \/>\n<link rel=\"canonical\" href=\"https:\/\/www.fondazionefrancescofabbri.it\/it\/politiche\/\" \/>\n<meta property=\"og:locale\" content=\"it_IT\" \/>\n<meta property=\"og:type\" content=\"article\" \/>\n<meta property=\"og:title\" content=\"Politiche - Fondazione Francesco Fabbri\" \/>\n<meta property=\"og:description\" content=\"[vc_row][vc_column width=&#8221;2\/3&#8243;][vc_column_text el_class=&#8221;titolo&#8221;]Politiche[\/vc_column_text][vc_column_text]La politica \u00e8 il momento fondamentale per la valutazione del presente e per la progettualit\u00e0 del e per il futuro. Fondazione Francesco Fabbri, seguendo il dettato della figura\" \/>\n<meta property=\"og:url\" content=\"https:\/\/www.fondazionefrancescofabbri.it\/it\/politiche\/\" \/>\n<meta property=\"og:site_name\" content=\"Fondazione Francesco Fabbri\" \/>\n<meta property=\"article:modified_time\" content=\"2016-05-11T10:53:49+00:00\" \/>\n<meta property=\"og:image\" content=\"https:\/\/www.fondazionefrancescofabbri.it\/wp-content\/uploads\/2016\/03\/festival_impresa_01.pg_.jpg\" \/>\n\t<meta property=\"og:image:width\" content=\"1280\" \/>\n\t<meta property=\"og:image:height\" content=\"794\" \/>\n\t<meta property=\"og:image:type\" content=\"image\/jpeg\" \/>\n<meta name=\"twitter:card\" content=\"summary_large_image\" \/>\n<meta name=\"twitter:label1\" content=\"Tempo di lettura stimato\" \/>\n\t<meta name=\"twitter:data1\" content=\"4 minuti\" \/>\n<script type=\"application\/ld+json\" class=\"yoast-schema-graph\">{\"@context\":\"https:\/\/schema.org\",\"@graph\":[{\"@type\":\"WebPage\",\"@id\":\"https:\/\/www.fondazionefrancescofabbri.it\/it\/politiche\/\",\"url\":\"https:\/\/www.fondazionefrancescofabbri.it\/it\/politiche\/\",\"name\":\"Politiche - Fondazione Francesco Fabbri\",\"isPartOf\":{\"@id\":\"https:\/\/www.fondazionefrancescofabbri.it\/en\/#website\"},\"datePublished\":\"2016-03-23T09:41:47+00:00\",\"dateModified\":\"2016-05-11T10:53:49+00:00\",\"breadcrumb\":{\"@id\":\"https:\/\/www.fondazionefrancescofabbri.it\/it\/politiche\/#breadcrumb\"},\"inLanguage\":\"it-IT\",\"potentialAction\":[{\"@type\":\"ReadAction\",\"target\":[\"https:\/\/www.fondazionefrancescofabbri.it\/it\/politiche\/\"]}]},{\"@type\":\"BreadcrumbList\",\"@id\":\"https:\/\/www.fondazionefrancescofabbri.it\/it\/politiche\/#breadcrumb\",\"itemListElement\":[{\"@type\":\"ListItem\",\"position\":1,\"name\":\"Home\",\"item\":\"https:\/\/www.fondazionefrancescofabbri.it\/it\/\"},{\"@type\":\"ListItem\",\"position\":2,\"name\":\"Politiche\"}]},{\"@type\":\"WebSite\",\"@id\":\"https:\/\/www.fondazionefrancescofabbri.it\/en\/#website\",\"url\":\"https:\/\/www.fondazionefrancescofabbri.it\/en\/\",\"name\":\"Fondazione Francesco Fabbri\",\"description\":\"Just another WordPress site\",\"potentialAction\":[{\"@type\":\"SearchAction\",\"target\":{\"@type\":\"EntryPoint\",\"urlTemplate\":\"https:\/\/www.fondazionefrancescofabbri.it\/en\/?s={search_term_string}\"},\"query-input\":\"required name=search_term_string\"}],\"inLanguage\":\"it-IT\"}]}<\/script>\n<!-- \/ Yoast SEO plugin. -->","yoast_head_json":{"title":"Politiche - Fondazione Francesco Fabbri","robots":{"index":"index","follow":"follow","max-snippet":"max-snippet:-1","max-image-preview":"max-image-preview:large","max-video-preview":"max-video-preview:-1"},"canonical":"https:\/\/www.fondazionefrancescofabbri.it\/it\/politiche\/","og_locale":"it_IT","og_type":"article","og_title":"Politiche - Fondazione Francesco Fabbri","og_description":"[vc_row][vc_column width=&#8221;2\/3&#8243;][vc_column_text el_class=&#8221;titolo&#8221;]Politiche[\/vc_column_text][vc_column_text]La politica \u00e8 il momento fondamentale per la valutazione del presente e per la progettualit\u00e0 del e per il futuro. Fondazione Francesco Fabbri, seguendo il dettato della figura","og_url":"https:\/\/www.fondazionefrancescofabbri.it\/it\/politiche\/","og_site_name":"Fondazione Francesco Fabbri","article_modified_time":"2016-05-11T10:53:49+00:00","og_image":[{"width":1280,"height":794,"url":"https:\/\/www.fondazionefrancescofabbri.it\/wp-content\/uploads\/2016\/03\/festival_impresa_01.pg_.jpg","type":"image\/jpeg"}],"twitter_card":"summary_large_image","twitter_misc":{"Tempo di lettura stimato":"4 minuti"},"schema":{"@context":"https:\/\/schema.org","@graph":[{"@type":"WebPage","@id":"https:\/\/www.fondazionefrancescofabbri.it\/it\/politiche\/","url":"https:\/\/www.fondazionefrancescofabbri.it\/it\/politiche\/","name":"Politiche - Fondazione Francesco Fabbri","isPartOf":{"@id":"https:\/\/www.fondazionefrancescofabbri.it\/en\/#website"},"datePublished":"2016-03-23T09:41:47+00:00","dateModified":"2016-05-11T10:53:49+00:00","breadcrumb":{"@id":"https:\/\/www.fondazionefrancescofabbri.it\/it\/politiche\/#breadcrumb"},"inLanguage":"it-IT","potentialAction":[{"@type":"ReadAction","target":["https:\/\/www.fondazionefrancescofabbri.it\/it\/politiche\/"]}]},{"@type":"BreadcrumbList","@id":"https:\/\/www.fondazionefrancescofabbri.it\/it\/politiche\/#breadcrumb","itemListElement":[{"@type":"ListItem","position":1,"name":"Home","item":"https:\/\/www.fondazionefrancescofabbri.it\/it\/"},{"@type":"ListItem","position":2,"name":"Politiche"}]},{"@type":"WebSite","@id":"https:\/\/www.fondazionefrancescofabbri.it\/en\/#website","url":"https:\/\/www.fondazionefrancescofabbri.it\/en\/","name":"Fondazione Francesco Fabbri","description":"Just another WordPress site","potentialAction":[{"@type":"SearchAction","target":{"@type":"EntryPoint","urlTemplate":"https:\/\/www.fondazionefrancescofabbri.it\/en\/?s={search_term_string}"},"query-input":"required name=search_term_string"}],"inLanguage":"it-IT"}]}},"_links":{"self":[{"href":"https:\/\/www.fondazionefrancescofabbri.it\/it\/wp-json\/wp\/v2\/pages\/197"}],"collection":[{"href":"https:\/\/www.fondazionefrancescofabbri.it\/it\/wp-json\/wp\/v2\/pages"}],"about":[{"href":"https:\/\/www.fondazionefrancescofabbri.it\/it\/wp-json\/wp\/v2\/types\/page"}],"author":[{"embeddable":true,"href":"https:\/\/www.fondazionefrancescofabbri.it\/it\/wp-json\/wp\/v2\/users\/3"}],"replies":[{"embeddable":true,"href":"https:\/\/www.fondazionefrancescofabbri.it\/it\/wp-json\/wp\/v2\/comments?post=197"}],"version-history":[{"count":5,"href":"https:\/\/www.fondazionefrancescofabbri.it\/it\/wp-json\/wp\/v2\/pages\/197\/revisions"}],"predecessor-version":[{"id":332,"href":"https:\/\/www.fondazionefrancescofabbri.it\/it\/wp-json\/wp\/v2\/pages\/197\/revisions\/332"}],"wp:featuredmedia":[{"embeddable":true,"href":"https:\/\/www.fondazionefrancescofabbri.it\/it\/wp-json\/wp\/v2\/media\/367"}],"wp:attachment":[{"href":"https:\/\/www.fondazionefrancescofabbri.it\/it\/wp-json\/wp\/v2\/media?parent=197"}],"curies":[{"name":"wp","href":"https:\/\/api.w.org\/{rel}","templated":true}]}}