{"id":2594,"date":"2020-04-29T14:08:42","date_gmt":"2020-04-29T14:08:42","guid":{"rendered":"https:\/\/www.fondazionefrancescofabbri.it\/?page_id=2594"},"modified":"2020-05-04T14:20:52","modified_gmt":"2020-05-04T14:20:52","slug":"f4fotografiatalks","status":"publish","type":"page","link":"https:\/\/www.fondazionefrancescofabbri.it\/it\/arti\/f4fotografiatalks\/","title":{"rendered":"Fondazione Fabbri lancia una serie di talk sull&#8217;immagine contemporanea"},"content":{"rendered":"<section class=\"wpb-content-wrapper\"><p>[vc_row][vc_column width=&#8221;2\/3&#8243;][vc_column_text el_class=&#8221;titolo&#8221;]F4 \/ fotografia Talks[\/vc_column_text][vc_single_image image=&#8221;2573&#8243; img_size=&#8221;full&#8221;][vc_column_text]In occasione del decennale del Festival <strong>F4 \/ UN&#8217;IDEA DI FOTOGRAFIA<\/strong> propone una serie di conversazioni con l&#8217;artista attorno ai temi dell&#8217;immagine contemporanea.<strong>\u00a0\u00a0\u00a0\u00a0\u00a0\u00a0\u00a0\u00a0\u00a0\u00a0\u00a0\u00a0<\/strong><\/p>\n<p><strong>Dal 29 aprile al 29 maggio<\/strong>, vi sar\u00e0 un duplice appuntamento settimanale, il\u00a0mercoled\u00ec e il venerd\u00ec, che vedr\u00e0 come protagonisti\u00a011 autori in dialogo con il curatore\u00a0<strong>Carlo Sala<\/strong>.<\/p>\n<p>&nbsp;<\/p>\n<p>&nbsp;<\/p>\n<p>Segui i nostri canali:<\/p>\n<p>&nbsp;<\/p>\n<p><strong><a href=\"https:\/\/www.instagram.com\/fondazione_francesco_fabbri\/?hl=it\">instagram<\/a> <\/strong><\/p>\n<p><strong><a href=\"https:\/\/www.facebook.com\/FondazioneFrancescoFabbri\">facebook<\/a><\/strong><\/p>\n<p><strong><a href=\"https:\/\/www.spreaker.com\/show\/fotografia-talks\">spreaker<\/a> <\/strong><\/p>\n<p><a href=\"https:\/\/www.youtube.com\/channel\/UCqck_jWPEWHfBUxzANfy_SA?view_as=subscriber\"><strong>youtube<\/strong><\/a><\/p>\n<p>&nbsp;<\/p>\n<p>&nbsp;<\/p>\n<p>Ecco calendario degli incontri, tutti si terranno alle ore 18.00:<\/p>\n<p>mercoled\u00ec 29 aprile, <strong>The Cool Couple<\/strong> (collettivo formato da Niccol\u00f2 Benetton e Simone Santilli)<\/p>\n<p>venerd\u00ec 1 maggio, <strong>Alessandro Calabrese <\/strong>(Trento, 1983)<\/p>\n<p>mercoled\u00ec 6 maggio, <strong>Irene Fenara<\/strong> (Bologna, 1990)<\/p>\n<p>venerd\u00ec 8 maggio, <strong>Christian Fogarolli<\/strong> (Trento, 1983)<\/p>\n<p>mercoled\u00ec 13 maggio, <strong>Discipula<\/strong> (collettivo fondato nel 2013 da MFG Paltrinieri, Mirko Smerdel e Tommaso Tanini)<\/p>\n<p>venerd\u00ec 15 maggio, <strong>Giorgio Di Noto<\/strong> (Roma, 1990),<\/p>\n<p>mercoled\u00ec 20 maggio, <strong>Emilio Vavarella<\/strong> (Monfalcone, 1989)<\/p>\n<p>venerd\u00ec 22 maggio, <strong>Paolo Ciregia<\/strong> (Viareggio, 1987)<\/p>\n<p>luned\u00ec 25 maggio, <strong>Alessandro Sambini<\/strong> (Rovigo, 1982)<\/p>\n<p>mercoled\u00ec 27 maggio, <strong>Alberto Sinigaglia<\/strong> (Arzignano, 1984)<\/p>\n<p>venerd\u00ec 29 maggio, <strong>Federica Landi<\/strong> (Rimini, 1986)<\/p>\n<p>&nbsp;<\/p>\n<p><strong>@fondazione_francesco_fabbri<\/strong>[\/vc_column_text][\/vc_column][vc_column width=&#8221;1\/3&#8243;][vc_wp_custommenu title=&#8221;Approfondimenti&#8221; nav_menu=&#8221;39&#8243;][vc_wp_custommenu title=&#8221;Progetti&#8221; nav_menu=&#8221;15&#8243;][\/vc_column][\/vc_row]<\/p>\n<\/section>","protected":false},"excerpt":{"rendered":"<p>[vc_row][vc_column width=&#8221;2\/3&#8243;][vc_column_text el_class=&#8221;titolo&#8221;]F4 \/ fotografia Talks[\/vc_column_text][vc_single_image image=&#8221;2573&#8243; img_size=&#8221;full&#8221;][vc_column_text]In occasione del decennale del Festival F4 \/ UN&#8217;IDEA DI FOTOGRAFIA propone una serie di conversazioni con l&#8217;artista attorno ai temi dell&#8217;immagine contemporanea.\u00a0\u00a0\u00a0\u00a0\u00a0\u00a0\u00a0\u00a0\u00a0\u00a0\u00a0\u00a0<br \n<\/p>\n","protected":false},"author":8,"featured_media":2573,"parent":95,"menu_order":0,"comment_status":"closed","ping_status":"closed","template":"","meta":[],"acf":[],"yoast_head":"<!-- This site is optimized with the Yoast SEO plugin v20.8 - https:\/\/yoast.com\/wordpress\/plugins\/seo\/ -->\n<title>Fondazione Fabbri lancia una serie di talk sull&#039;immagine contemporanea - Fondazione Francesco Fabbri<\/title>\n<meta name=\"robots\" content=\"index, follow, max-snippet:-1, max-image-preview:large, max-video-preview:-1\" \/>\n<link rel=\"canonical\" href=\"https:\/\/www.fondazionefrancescofabbri.it\/it\/arti\/f4fotografiatalks\/\" \/>\n<meta property=\"og:locale\" content=\"it_IT\" \/>\n<meta property=\"og:type\" content=\"article\" \/>\n<meta property=\"og:title\" content=\"Fondazione Fabbri lancia una serie di talk sull&#039;immagine contemporanea - Fondazione Francesco Fabbri\" \/>\n<meta property=\"og:description\" content=\"[vc_row][vc_column width=&#8221;2\/3&#8243;][vc_column_text el_class=&#8221;titolo&#8221;]F4 \/ fotografia Talks[\/vc_column_text][vc_single_image image=&#8221;2573&#8243; img_size=&#8221;full&#8221;][vc_column_text]In occasione del decennale del Festival F4 \/ UN&#8217;IDEA DI FOTOGRAFIA propone una serie di conversazioni con l&#8217;artista attorno ai temi dell&#8217;immagine contemporanea.\u00a0\u00a0\u00a0\u00a0\u00a0\u00a0\u00a0\u00a0\u00a0\u00a0\u00a0\u00a0\" \/>\n<meta property=\"og:url\" content=\"https:\/\/www.fondazionefrancescofabbri.it\/it\/arti\/f4fotografiatalks\/\" \/>\n<meta property=\"og:site_name\" content=\"Fondazione Francesco Fabbri\" \/>\n<meta property=\"article:modified_time\" content=\"2020-05-04T14:20:52+00:00\" \/>\n<meta property=\"og:image\" content=\"https:\/\/www.fondazionefrancescofabbri.it\/wp-content\/uploads\/2020\/04\/02_Fotografiatalks_banner-1.jpg\" \/>\n\t<meta property=\"og:image:width\" content=\"1100\" \/>\n\t<meta property=\"og:image:height\" content=\"700\" \/>\n\t<meta property=\"og:image:type\" content=\"image\/jpeg\" \/>\n<meta name=\"twitter:card\" content=\"summary_large_image\" \/>\n<meta name=\"twitter:label1\" content=\"Tempo di lettura stimato\" \/>\n\t<meta name=\"twitter:data1\" content=\"1 minuto\" \/>\n<script type=\"application\/ld+json\" class=\"yoast-schema-graph\">{\"@context\":\"https:\/\/schema.org\",\"@graph\":[{\"@type\":\"WebPage\",\"@id\":\"https:\/\/www.fondazionefrancescofabbri.it\/it\/arti\/f4fotografiatalks\/\",\"url\":\"https:\/\/www.fondazionefrancescofabbri.it\/it\/arti\/f4fotografiatalks\/\",\"name\":\"Fondazione Fabbri lancia una serie di talk sull'immagine contemporanea - Fondazione Francesco Fabbri\",\"isPartOf\":{\"@id\":\"https:\/\/www.fondazionefrancescofabbri.it\/en\/#website\"},\"datePublished\":\"2020-04-29T14:08:42+00:00\",\"dateModified\":\"2020-05-04T14:20:52+00:00\",\"breadcrumb\":{\"@id\":\"https:\/\/www.fondazionefrancescofabbri.it\/it\/arti\/f4fotografiatalks\/#breadcrumb\"},\"inLanguage\":\"it-IT\",\"potentialAction\":[{\"@type\":\"ReadAction\",\"target\":[\"https:\/\/www.fondazionefrancescofabbri.it\/it\/arti\/f4fotografiatalks\/\"]}]},{\"@type\":\"BreadcrumbList\",\"@id\":\"https:\/\/www.fondazionefrancescofabbri.it\/it\/arti\/f4fotografiatalks\/#breadcrumb\",\"itemListElement\":[{\"@type\":\"ListItem\",\"position\":1,\"name\":\"Home\",\"item\":\"https:\/\/www.fondazionefrancescofabbri.it\/it\/\"},{\"@type\":\"ListItem\",\"position\":2,\"name\":\"Arti\",\"item\":\"https:\/\/www.fondazionefrancescofabbri.it\/it\/arti\/\"},{\"@type\":\"ListItem\",\"position\":3,\"name\":\"Fondazione Fabbri lancia una serie di talk sull&#8217;immagine contemporanea\"}]},{\"@type\":\"WebSite\",\"@id\":\"https:\/\/www.fondazionefrancescofabbri.it\/en\/#website\",\"url\":\"https:\/\/www.fondazionefrancescofabbri.it\/en\/\",\"name\":\"Fondazione Francesco Fabbri\",\"description\":\"Just another WordPress site\",\"potentialAction\":[{\"@type\":\"SearchAction\",\"target\":{\"@type\":\"EntryPoint\",\"urlTemplate\":\"https:\/\/www.fondazionefrancescofabbri.it\/en\/?s={search_term_string}\"},\"query-input\":\"required name=search_term_string\"}],\"inLanguage\":\"it-IT\"}]}<\/script>\n<!-- \/ Yoast SEO plugin. -->","yoast_head_json":{"title":"Fondazione Fabbri lancia una serie di talk sull'immagine contemporanea - Fondazione Francesco Fabbri","robots":{"index":"index","follow":"follow","max-snippet":"max-snippet:-1","max-image-preview":"max-image-preview:large","max-video-preview":"max-video-preview:-1"},"canonical":"https:\/\/www.fondazionefrancescofabbri.it\/it\/arti\/f4fotografiatalks\/","og_locale":"it_IT","og_type":"article","og_title":"Fondazione Fabbri lancia una serie di talk sull'immagine contemporanea - Fondazione Francesco Fabbri","og_description":"[vc_row][vc_column width=&#8221;2\/3&#8243;][vc_column_text el_class=&#8221;titolo&#8221;]F4 \/ fotografia Talks[\/vc_column_text][vc_single_image image=&#8221;2573&#8243; img_size=&#8221;full&#8221;][vc_column_text]In occasione del decennale del Festival F4 \/ UN&#8217;IDEA DI FOTOGRAFIA propone una serie di conversazioni con l&#8217;artista attorno ai temi dell&#8217;immagine contemporanea.\u00a0\u00a0\u00a0\u00a0\u00a0\u00a0\u00a0\u00a0\u00a0\u00a0\u00a0\u00a0","og_url":"https:\/\/www.fondazionefrancescofabbri.it\/it\/arti\/f4fotografiatalks\/","og_site_name":"Fondazione Francesco Fabbri","article_modified_time":"2020-05-04T14:20:52+00:00","og_image":[{"width":1100,"height":700,"url":"https:\/\/www.fondazionefrancescofabbri.it\/wp-content\/uploads\/2020\/04\/02_Fotografiatalks_banner-1.jpg","type":"image\/jpeg"}],"twitter_card":"summary_large_image","twitter_misc":{"Tempo di lettura stimato":"1 minuto"},"schema":{"@context":"https:\/\/schema.org","@graph":[{"@type":"WebPage","@id":"https:\/\/www.fondazionefrancescofabbri.it\/it\/arti\/f4fotografiatalks\/","url":"https:\/\/www.fondazionefrancescofabbri.it\/it\/arti\/f4fotografiatalks\/","name":"Fondazione Fabbri lancia una serie di talk sull'immagine contemporanea - Fondazione Francesco Fabbri","isPartOf":{"@id":"https:\/\/www.fondazionefrancescofabbri.it\/en\/#website"},"datePublished":"2020-04-29T14:08:42+00:00","dateModified":"2020-05-04T14:20:52+00:00","breadcrumb":{"@id":"https:\/\/www.fondazionefrancescofabbri.it\/it\/arti\/f4fotografiatalks\/#breadcrumb"},"inLanguage":"it-IT","potentialAction":[{"@type":"ReadAction","target":["https:\/\/www.fondazionefrancescofabbri.it\/it\/arti\/f4fotografiatalks\/"]}]},{"@type":"BreadcrumbList","@id":"https:\/\/www.fondazionefrancescofabbri.it\/it\/arti\/f4fotografiatalks\/#breadcrumb","itemListElement":[{"@type":"ListItem","position":1,"name":"Home","item":"https:\/\/www.fondazionefrancescofabbri.it\/it\/"},{"@type":"ListItem","position":2,"name":"Arti","item":"https:\/\/www.fondazionefrancescofabbri.it\/it\/arti\/"},{"@type":"ListItem","position":3,"name":"Fondazione Fabbri lancia una serie di talk sull&#8217;immagine contemporanea"}]},{"@type":"WebSite","@id":"https:\/\/www.fondazionefrancescofabbri.it\/en\/#website","url":"https:\/\/www.fondazionefrancescofabbri.it\/en\/","name":"Fondazione Francesco Fabbri","description":"Just another WordPress site","potentialAction":[{"@type":"SearchAction","target":{"@type":"EntryPoint","urlTemplate":"https:\/\/www.fondazionefrancescofabbri.it\/en\/?s={search_term_string}"},"query-input":"required name=search_term_string"}],"inLanguage":"it-IT"}]}},"_links":{"self":[{"href":"https:\/\/www.fondazionefrancescofabbri.it\/it\/wp-json\/wp\/v2\/pages\/2594"}],"collection":[{"href":"https:\/\/www.fondazionefrancescofabbri.it\/it\/wp-json\/wp\/v2\/pages"}],"about":[{"href":"https:\/\/www.fondazionefrancescofabbri.it\/it\/wp-json\/wp\/v2\/types\/page"}],"author":[{"embeddable":true,"href":"https:\/\/www.fondazionefrancescofabbri.it\/it\/wp-json\/wp\/v2\/users\/8"}],"replies":[{"embeddable":true,"href":"https:\/\/www.fondazionefrancescofabbri.it\/it\/wp-json\/wp\/v2\/comments?post=2594"}],"version-history":[{"count":12,"href":"https:\/\/www.fondazionefrancescofabbri.it\/it\/wp-json\/wp\/v2\/pages\/2594\/revisions"}],"predecessor-version":[{"id":2608,"href":"https:\/\/www.fondazionefrancescofabbri.it\/it\/wp-json\/wp\/v2\/pages\/2594\/revisions\/2608"}],"up":[{"embeddable":true,"href":"https:\/\/www.fondazionefrancescofabbri.it\/it\/wp-json\/wp\/v2\/pages\/95"}],"wp:featuredmedia":[{"embeddable":true,"href":"https:\/\/www.fondazionefrancescofabbri.it\/it\/wp-json\/wp\/v2\/media\/2573"}],"wp:attachment":[{"href":"https:\/\/www.fondazionefrancescofabbri.it\/it\/wp-json\/wp\/v2\/media?parent=2594"}],"curies":[{"name":"wp","href":"https:\/\/api.w.org\/{rel}","templated":true}]}}