{"id":3822,"date":"2024-07-11T13:48:26","date_gmt":"2024-07-11T11:48:26","guid":{"rendered":"https:\/\/www.fondazionefrancescofabbri.it\/?page_id=3822"},"modified":"2024-07-11T15:26:13","modified_gmt":"2024-07-11T13:26:13","slug":"giuria","status":"publish","type":"page","link":"https:\/\/www.fondazionefrancescofabbri.it\/it\/arti\/premio-francesco-fabbri-2024\/giuria\/","title":{"rendered":"Giuria"},"content":{"rendered":"<section class=\"wpb-content-wrapper\"><p>[vc_row][vc_column width=&#8221;2\/3&#8243;][vc_column_text el_class=&#8221;titolo&#8221;]Giuria[\/vc_column_text][vc_column_text]curatore[\/vc_column_text][vc_row_inner][vc_column_inner width=&#8221;1\/4&#8243;][vc_single_image image=&#8221;3694&#8243; img_size=&#8221;full&#8221;][\/vc_column_inner][vc_column_inner width=&#8221;3\/4&#8243;][vc_column_text css=&#8221;.vc_custom_1528981795356{margin-bottom: 10px !important;}&#8221;]<\/p>\n<h4>Carlo Sala<\/h4>\n<p>[\/vc_column_text][vc_column_text]Carlo Sala, critico d&#8217;arte, curatore e teorico dell\u2019immagine. \u00c8 membro del comitato curatoriale della Fondazione Francesco Fabbri Onlus per cui dirige il festival F4 \/ UN&#8217;IDEA DI FOTOGRAFIA e cura il Premio Francesco Fabbri per le Arti Contemporanee; ha diretto Photo Open Up &#8211; Festival internazionale di Fotografia.<br \/>\nHa curato, tra gli altri, progetti espositivi per la 12.Mostra internazionale di Architettura, <em>People meet in architecture<\/em>, Biennale di Venezia, il MUFOCO | Museo di Fotografia Contemporanea e il MART &#8211; Museo di arte moderna e contemporanea di Trento e Rovereto.<br \/>\nSuoi saggi e testi critici sono apparsi in varie pubblicazioni edite da Allemandi, Marsilio, Mimesis, Bruno Mondandori e Skira; nel 2021 ha pubblicato con il volume <em>Stati di tensione. Conversazioni su immagine, societ\u00e0 e politica<\/em> (Silvana).[\/vc_column_text][\/vc_column_inner][\/vc_row_inner][vc_column_text]sezione \/ arte emergente[\/vc_column_text][vc_row_inner][vc_column_inner width=&#8221;1\/4&#8243;][vc_single_image image=&#8221;3838&#8243; img_size=&#8221;full&#8221;][\/vc_column_inner][vc_column_inner width=&#8221;3\/4&#8243;][vc_column_text css=&#8221;.vc_custom_1720698592509{margin-bottom: 10px !important;}&#8221;]<\/p>\n<h4>Lorenzo Balbi<\/h4>\n<p>[\/vc_column_text][vc_column_text]Lorenzo Balbi (Torino, 1982. Vive e lavora a Bologna) \u00e8 direttore artistico del MAMbo \u2013 Museo d\u2019Arte Moderna di Bologna dal 2017, data in cui ha assunto il ruolo di Responsabile dell\u2019Area Arte Moderna e Contemporanea dell\u2019Istituzione Bologna Musei, alla quale afferiscono, oltre al MAMbo, Villa delle Rose, Museo Morandi, Casa Morandi, Museo per la Memoria di Ustica e Residenza per artisti Sandra Natali.<br \/>\nDopo gli studi in Conservazione dei Beni Culturali all\u2019Universit\u00e0 Ca\u2019 Foscari di Venezia, si specializza in Arte Contemporanea all\u2019Universit\u00e0 degli Studi di Torino.<br \/>\nDal 2006 al 2017 alla Fondazione Sandretto Re Rebaudengo di Torino, ha insegnato Metodologia della Curatela a Campo, corso per curatori, e si \u00e8 occupato dell\u2019organizzazione e dello sviluppo di progetti espositivi negli spazi dell\u2019istituzione a Torino e a Guarene d\u2019Alba, oltre alle rassegne espositive della Collezione Sandretto Re Rebaudengo all\u2019estero.<br \/>\n\u00c8 stato curatore e responsabile della Residenza per Giovani Curatori Stranieri per tre edizioni dal 2015 al 2017.<br \/>\nDal 2018 ha assunto la direzione artistica di ART CITY Bologna, rassegna di eventi espositivi in citt\u00e0 promossa in occasione di Arte Fiera; \u00e8 membro del consiglio direttivo di AMACI \u2013 Associazione dei Musei d\u2019Arte Contemporanea Italiani e del coordinamento del Forum dell\u2019Arte Contemporanea Italiana.<br \/>\nTra le mostre recentemente curate:\u00a0<em>That\u2019s IT! Sull\u2019ultima generazione di artisti in Italia e a un metro e ottanta dal confine<\/em>\u00a0(22 giugno 2018 \u2013 6 gennaio 2019);\u00a0<em>Mika Rottenberg<\/em>\u00a0(31 gennaio \u2013 19 maggio 2019); Julian Charri\u00e8re.\u00a0<em>All we Ever Wanted Was Everything and Everywhere<\/em>\u00a0(9 giugno \u2013 8 settembre 2019); Cesare Pietroiusti.\u00a0<em>Un certo numero di cose \/ A Certain Number of Things<\/em>\u00a0(4 ottobre 2019 \u2013 6 gennaio 2020);\u00a0<em>AGAINandAGAINandAGAINand<\/em>\u00a0con opere\u00a0di Ed Atkins, Luca Francesconi, Apostolos Georgiou, Ragnar Kjartansson, Susan Philipsz, Cally Spooner, Apichatpong Weerasethakul (23 gennaio \u2013 3 maggio 2020).[\/vc_column_text][\/vc_column_inner][\/vc_row_inner][vc_row_inner][vc_column_inner width=&#8221;1\/4&#8243;][vc_single_image image=&#8221;3128&#8243; img_size=&#8221;full&#8221;][\/vc_column_inner][vc_column_inner width=&#8221;3\/4&#8243;][vc_column_text css=&#8221;.vc_custom_1623660827665{margin-bottom: 10px !important;}&#8221;]<\/p>\n<h4>Rossella Farinotti<\/h4>\n<p>[\/vc_column_text][vc_column_text]<span class=\"ox-0aa2186ae6-s1\">Rossella Farinotti \u00e8 critica d\u2019arte contemporanea, curatrice e giornalista. Scrive per riviste di settore come \u201cFlash Art Italia\u201d, \u201cMYmovies\u201d, \u201cExibart\u201d. Dal 2016 \u00e8 direttore esecutivo dell\u2019archivio Gio\u2019 Pomodoro; consulente curatoriale per Sergio Rossi The Magic Kingdom; curatore della Cittadella degli Archivi di Milano e docente presso l\u2019Universit\u00e0 Cattolica e NABA (Nuova Accademia di Belle Arti) a Milano. La sua ricerca \u00e8 attiva nello studio tra l\u2019arte emergente giovane italiana e internazionale, con un costante dialogo con artisti storici. \u00c8 una attenzione particolare all\u2019arte pubblica e al rapporto tra impresa e arte contemporanea<\/span>[\/vc_column_text][\/vc_column_inner][\/vc_row_inner][vc_row_inner][vc_column_inner width=&#8221;1\/4&#8243;][vc_single_image image=&#8221;3447&#8243; img_size=&#8221;full&#8221;][\/vc_column_inner][vc_column_inner width=&#8221;3\/4&#8243;][vc_column_text css=&#8221;.vc_custom_1625564504720{margin-bottom: 10px !important;}&#8221;]<\/p>\n<h4>Antonio Grulli<\/h4>\n<p>[\/vc_column_text][vc_column_text]Antonio Grulli (La Spezia 1979),\u00a0\u00a0critico d\u2019arte e curatore, vive a Bologna e Milano. Cura il programma dello spazio no profit Lucerna, creato assieme a Federico Pepe a Milano. Ha fondato con l&#8217;artista Jacopo Benassi lo spazio espositivo FBI a La Spezia. Ama molto scrivere. Talvolta dipinge. Negli anni ha curato mostre per spazi quali Viafarini (Milano), MAMbo (Bologna), Ala Scaligera della Rocca di Angera (Varese), Fondazione Carispezia (La Spezia), Fondazione del Monte (Bologna), Museo di Castelvecchio (Verona), Hamlet (Zurigo), le gallerie MAI36 (Zurigo), 3+1 (Lisbona), Raffaella Cortese (Milano), De Foscherari (Bologna), Francesca Minini (Milano), P420 (Bologna), Le Dictateur (Milano), Francesco Pantaleone (Palermo), Tiziana di Caro (Napoli), C21 (Reggio Emilia), e per il project space Codalunga di Nico Vascellari (Vittorio Veneto). Con l\u2019artista Keren Cytter ha pubblicato per i tipi di\u00a0\u00a0Humboldt\u00a0\u00a0Books il libro <em>Tel Aviv &#8211; Jerusalem Diaries<\/em>; assieme hanno curato il progetto <em>The First Morning Fest of Unreasonable Acts<\/em>, tenutosi a Bologna nell\u2019autunno del 2018. Con il curatore Davide Ferri ha ideato e curato <em>Sentimento Nuevo<\/em>, una ricerca sulla critica d\u2019arte fatta di incontri, conferenze, lectures e performance iniziata nel 2009 e terminata nel 2011. Con Diego Bergamaschi e Marco Martini ha dato vita al progetto curatoriale Eddy Merckx, che sta sviluppando, tra le altre cose, la serie di mostre <em>Grid<\/em>, incentrate sulle pubblicazioni e i libri come linguaggio artistico. Ha collaborato con le testate Flash Art, ATP Diary, Artribune, Cura Magazine, Exibart, Studio Magazine, Le Dictateur, Mousse Magazine, Arte e Critica, Boite, e scritto per artisti quali: Andreas Angelidakis, Paola Angelini, Jacopo Benassi, Anna-Sophie Berger, Luca Bertolo, Chiara Camoni, Pierpaolo Campanini, Giulia Cenci, Paolo Chiasera, Francesco De Grandi, Flavio Favelli, Kinkaleri, Giacomo Montanelli, Anna Ostoya, Katrin Plavcak, Concetto Pozzati, Sissi, Maddalena Tesser, Nico Vascellari, Cuoghi Corsello, Italo Zuffi.[\/vc_column_text][\/vc_column_inner][\/vc_row_inner][vc_row_inner][vc_column_inner width=&#8221;1\/4&#8243;][vc_single_image image=&#8221;2357&#8243; img_size=&#8221;full&#8221;][\/vc_column_inner][vc_column_inner width=&#8221;3\/4&#8243;][vc_column_text css=&#8221;.vc_custom_1652340530951{margin-bottom: 10px !important;}&#8221;]<\/p>\n<h4>Angel Moya Garcia<\/h4>\n<p>[\/vc_column_text][vc_column_text]Angel Moya Garcia (Cordova, Spagna, 1980. Vive e lavora a Firenze) \u00e8 critico e curatore d\u2019arte contemporanea. Laureato in Storia dell\u2019Arte presso l\u2019Universit\u00e0 di Cordova (Spagna) \u00e8 Co-Direttore per le Arti Visive della Tenuta Dello Scompiglio a Lucca e socio di ICOM Italia &#8211; International Council of Museums, dell\u2019IKT &#8211; International Association Of Curators Of Contemporary Art e dell\u2019IAC &#8211; Istituto di Arte Contemporanea in Spagna. Recentemente \u00e8 stato curatore del Padiglione Spagnolo nella prima edizione della Biennale di Malta (2024) e curatore del Progetto \u201cPanorama\u201d della Quadriennale di Roma (2022-2024), mentre in passato ha curato il programma annuale delle Residenze artistiche BLM &#8211; Fondazione Bevilacqua La Masa di Venezia (2023) ed \u00e8 stato Responsabile della programmazione e degli eventi culturali del Mattatoio di Roma (2020-2022). La dimensione fondamentale della sua ricerca si centra sul concetto di identit\u00e0, sulla collettivizzazione dell\u2019individuo e sulla decostruzione del soggetto nella filosofia contemporanea. Allo stesso tempo affronta interrogativi sulla trasversalit\u00e0, attraverso l\u2019analisi dei confini e l\u2019identificazione e l\u2019approfondimento di convergenze e linee intersecanti nelle diverse pratiche della contemporaneit\u00e0, con una speciale attenzione verso i linguaggi installativi e performativi.[\/vc_column_text][\/vc_column_inner][\/vc_row_inner][vc_empty_space height=&#8221;50px&#8221;][vc_column_text]sezione \/ fotografia contemporanea[\/vc_column_text][vc_row_inner][vc_column_inner width=&#8221;1\/4&#8243;][vc_single_image image=&#8221;1342&#8243; img_size=&#8221;full&#8221;][\/vc_column_inner][vc_column_inner width=&#8221;3\/4&#8243;][vc_column_text css=&#8221;.vc_custom_1720698774059{margin-bottom: 10px !important;}&#8221;]<\/p>\n<h4>Matteo Balduzzi<\/h4>\n<p>[\/vc_column_text][vc_column_text]Nato a Milano nel 1969.<br \/>\nArchitetto di formazione, \u00e8 curatore nel campo dell\u2019arte pubblica e della fotografia, intesa come mezzo di relazione tra le persone, l\u2019ambiente, la memoria collettiva.<\/p>\n<p>&nbsp;<\/p>\n<p>Dal 2004 collabora stabilmente con il Museo di Fotografia Contemporanea di Cinisello Balsamo, per cui ha curato numerosi progetti caratterizzati da un intenso dialogo con il territorio e dal lavoro con gli autori delle pi\u02d8 giovani generazioni. Tra questi SALVIAMO LA LUNA (2005\/2007) di Jochen Gerz, THE MOBILE CITY (2008) nelle periferie di Milano e Toronto, RICORDAMI PER SEMPRE, di Marco Signorini e Giulio Mozzi (2011), ART AROUND (2011\/2013) con Beat Streuli e otto giovani artisti nel Nord Milano, VETRINETTA (2014\/2015) con Paolo Riolzi.<br \/>\nURBAN LAYERS (2016\/2017), articolato progetto europeo costituito da 2 call internazionali, una residenza di 6 giovani artisti a Gibellina, tre festival urbani nelle citt\u00e0 di Malaga, Salonicco e Lecce, un libro si \u00e8 concluso o nel marzo 2017 con una mostra e un convegno presso la Triennale di Milano.<\/p>\n<p>&nbsp;<\/p>\n<p>Ha realizzato e curato singolarmente e insieme a Stefano Laffi progetti di arte pubblica in diverse localit\u00e0 italiane e non, tra cui negli ultimi anni FORESTA NASCOSTA a San Giuliano Milanese (2009), L\u2019ET\u00c0 DELL\u2019ORO, a Chiasso (2010) e FORESTA BIANCA, a Rosignano Marittimo (2012\/2013), SABATO DEL VILLAGGIO (2013\/2014), a Cesano Maderno.<\/p>\n<p>&nbsp;<\/p>\n<p>Presso lo spazio Forma e successivamente Forma Meravigli ha curato diverse mostre di fotografia e progetti partecipati sull\u2019identit\u00e0 e le trasformazioni della citt\u00e0 di Milano, tra cui Milano, un minuto prima (2011), Exposed Project (2015), I giorni del parco lambro (2016), VIP \u00e0 la carte (2016).<\/p>\n<p>&nbsp;<\/p>\n<p>Dal 2010 \u00e8 docente presso il Master in Photography e Visual Design di NABA a Milano.<br \/>\n\u00c8 membro del gruppo di lavoro sull\u2019arte pubblica ARTINRETI, basato presso Cittadellarte a Biella e coordinato dalla Fondazione Pistoletto.<br \/>\n\u00c8 socio fondatore dell\u2019organizzazione no-profit per l\u2019arte contemporanea CAREOF, di Milano.[\/vc_column_text][\/vc_column_inner][\/vc_row_inner][vc_row_inner][vc_column_inner width=&#8221;1\/4&#8243;][vc_single_image image=&#8221;3826&#8243; img_size=&#8221;full&#8221; add_caption=&#8221;yes&#8221;][\/vc_column_inner][vc_column_inner width=&#8221;3\/4&#8243;][vc_column_text css=&#8221;.vc_custom_1720698841451{margin-bottom: 10px !important;}&#8221;]<\/p>\n<h4>Francesca Lazzarini<\/h4>\n<p>&nbsp;<\/p>\n<p>Francesca Lazzarini \u00e8 curatrice, docente e ricercatrice. \u00c9 attualmente impegnata in un dottorato in Curatorial Knowledge\/Advanced Practices presso il Dipartimento di Visual Cultures di Goldsmiths, Londra. La sua ricerca guarda al post-fotografico come spazio aperto e dinamico nel quale articolare nuove modalit\u00e0 di relazione con e attraverso le immagini. Ha lavorato per Fondazione Fotografia Modena e la Scuola di Alta Formazione dalla loro ideazione sino al 2013. Ha poi intrapreso un percorso da freelance, curando mostre e progetti in collaborazione con organizzazioni private, publiche e indipendenti tra le quali: SixtyEight Art Institute, Copenaghen; FMAV, Modena; Kunsthaus, Graz; \u0160kuc Gallery, Lubiana; IC-CD, Roma; Galleria Kortil, Fiume; NABA, Milano; Fondazione Francesco Fabbri, Treviso; SpazioGamma, Milano; BACO, Bergamo. La sua pratica curatoriale privilegia progetti di lungo termine, improntati sulla ricerca, la collaborazione e la sperimentazione. Tra questi: POIUYT (2017 &#8211; ), <em>Neuro-Revolution<\/em> (2019-2020), <em>Talking (about ) Images<\/em> (2018-2019), <em>Stories from the Edges<\/em> (2015-2016). Dirige il programma di residenze d\u2019artista AiR Trieste, da lei fondato nel 2016. Insegna Teoria e Metodo dei Mass Media alla LABA-Libera Accademia di Belle Arti di Brescia.[\/vc_column_text][vc_column_text][\/vc_column_text][\/vc_column_inner][\/vc_row_inner][vc_row_inner][vc_column_inner width=&#8221;1\/4&#8243;][vc_single_image image=&#8221;3688&#8243; img_size=&#8221;full&#8221;][\/vc_column_inner][vc_column_inner width=&#8221;3\/4&#8243;][vc_column_text css=&#8221;.vc_custom_1687869352379{margin-bottom: 10px !important;}&#8221;]<\/p>\n<h4>Giangavino Pazzola<\/h4>\n<p>&nbsp;<\/p>\n<p>[\/vc_column_text][vc_column_text]Giangavino Pazzola (Sassari, 1981)<\/p>\n<p>&nbsp;<\/p>\n<p>Ph.D. in Urban and Cultural Studies al Politecnico di Torino, dal 2018 \u00e8 associate curator a CAMERA \u2013 Centro Italiano per la Fotografia di Torino dove ha in carico i programmi di ricerca, tra i quali anche FUTURES Photography, piattaforma europea per la promozione di artisti emergenti.<\/p>\n<p>&nbsp;<\/p>\n<p>Dal 2022 \u00e8 curatore della Sezione Fotografia e Immagine in Movimento ad Arte Fiera Bologna. Nel 2023 \u00e8 stato nominato project manager del nuovo Festival di Fotografia di Torino da Fondazione per la Cultura Torino.<\/p>\n<p>&nbsp;<\/p>\n<p>Collabora con enti e istituzioni nazionali e internazionali per le quali ha curato progetti, mostre e giurie.Visiting researcher a University of Birmingham, ha scritto su arti contemporanee a Torino (OCP, 2018) e pubblicato un libro sui centri di produzione culturale indipendente (GAI, 2017), oltre a ricerche su riviste accademiche internazionali e nazionali.<\/p>\n<p>&nbsp;<\/p>\n<p>Insegna Estetica allo IED di Torino.[\/vc_column_text][\/vc_column_inner][\/vc_row_inner][vc_row_inner][vc_column_inner width=&#8221;1\/4&#8243;][vc_single_image image=&#8221;3829&#8243; img_size=&#8221;full&#8221;][\/vc_column_inner][vc_column_inner width=&#8221;3\/4&#8243;][vc_column_text css=&#8221;.vc_custom_1720699167363{margin-bottom: 10px !important;}&#8221;]<\/p>\n<h4>Mauro Zanchi<\/h4>\n<p>[\/vc_column_text][vc_column_text css=&#8221;.vc_custom_1720699081920{margin-bottom: 10px !important;}&#8221;]Mauro Zanchi \u00e8 critico d\u2019arte, curatore e saggista. Dirige il museo temporaneo BACO (<a href=\"https:\/\/bacoartecontemporanea.it\/\" target=\"_blank\" rel=\"noopener\">Base Arte Contemporanea Odierna<\/a>), a Bergamo, dal 2011. Attualmente insegna storia della Fotografia e dell\u2019Arte nel Centro Bauer a Milano e nella Libera Accademia di Belle Arti (LABA) a Brescia, Semiotica dell\u2019Arte nell\u2019Istituto Europeo del Design (IED) a Torino. \u00c8 coordinatore del corso di Fotografia alla LABA di Brescia.\u00a0\u00a0Alcune pubblicazioni recenti:\u00a0<em>Metafotografia 1+2+3<\/em>\u00a0(Skinnerboox, 2019-2021),\u00a0<em>La fotografia come medium estendibile<\/em>\u00a0(Postmedia books, 2022),\u00a0<em>Le insidie delle immagini<\/em>\u00a0(Postmedia books, 2022),\u00a0<em>Fotografie ritrovate<\/em>\u00a0(Postmedia books, 2024),\u00a0<em>Arte e magia<\/em>\u00a0(Giunti, 2018),\u00a0<em>Arte ed eros<\/em>\u00a0(Giunti, 2020),\u00a0<em>Arte e alchimia. Dall\u2019antico al contemporaneo\u00a0<\/em>(Giunti, 2021),\u00a0\u00a0<em>Arte e gioco<\/em>\u00a0(Giunti, 2022),\u00a0<em>Arte e bruttezza<\/em>\u00a0(Giunti, 2023). Scrive per Art e Dossier, Antinomie, Doppiozero e ATPdiary.[\/vc_column_text][vc_column_text][\/vc_column_text][\/vc_column_inner][\/vc_row_inner][\/vc_column][vc_column width=&#8221;1\/3&#8243;][vc_wp_custommenu nav_menu=&#8221;60&#8243; title=&#8221;Approfondimenti&#8221;][vc_wp_custommenu nav_menu=&#8221;15&#8243; title=&#8221;Progetti&#8221;][\/vc_column][\/vc_row]<\/p>\n<\/section>","protected":false},"excerpt":{"rendered":"<p>[vc_row][vc_column width=&#8221;2\/3&#8243;][vc_column_text el_class=&#8221;titolo&#8221;]Giuria[\/vc_column_text][vc_column_text]curatore[\/vc_column_text][vc_row_inner][vc_column_inner width=&#8221;1\/4&#8243;][vc_single_image image=&#8221;3694&#8243; img_size=&#8221;full&#8221;][\/vc_column_inner][vc_column_inner width=&#8221;3\/4&#8243;][vc_column_text css=&#8221;.vc_custom_1528981795356{margin-bottom: 10px !important;}&#8221;]<br \/>\nCarlo Sala<br \/>\n[\/vc_column_text][vc_column_text]Carlo Sala, critico d&#8217;arte, curatore e teorico dell\u2019immagine. \u00c8 membro del comitato curatoriale della Fondazione Francesco Fabbri Onlus <\/p>\n","protected":false},"author":3,"featured_media":0,"parent":3771,"menu_order":0,"comment_status":"closed","ping_status":"closed","template":"","meta":[],"acf":[],"yoast_head":"<!-- This site is optimized with the Yoast SEO plugin v20.8 - https:\/\/yoast.com\/wordpress\/plugins\/seo\/ -->\n<title>Giuria - Fondazione Francesco Fabbri<\/title>\n<meta name=\"robots\" content=\"index, follow, max-snippet:-1, max-image-preview:large, max-video-preview:-1\" \/>\n<link rel=\"canonical\" href=\"https:\/\/www.fondazionefrancescofabbri.it\/it\/arti\/premio-francesco-fabbri-2024\/giuria\/\" \/>\n<meta property=\"og:locale\" content=\"it_IT\" \/>\n<meta property=\"og:type\" content=\"article\" \/>\n<meta property=\"og:title\" content=\"Giuria - Fondazione Francesco Fabbri\" \/>\n<meta property=\"og:description\" content=\"[vc_row][vc_column width=&#8221;2\/3&#8243;][vc_column_text el_class=&#8221;titolo&#8221;]Giuria[\/vc_column_text][vc_column_text]curatore[\/vc_column_text][vc_row_inner][vc_column_inner width=&#8221;1\/4&#8243;][vc_single_image image=&#8221;3694&#8243; img_size=&#8221;full&#8221;][\/vc_column_inner][vc_column_inner width=&#8221;3\/4&#8243;][vc_column_text css=&#8221;.vc_custom_1528981795356{margin-bottom: 10px !important;}&#8221;] Carlo Sala [\/vc_column_text][vc_column_text]Carlo Sala, critico d&#8217;arte, curatore e teorico dell\u2019immagine. \u00c8 membro del comitato curatoriale della Fondazione Francesco Fabbri Onlus\" \/>\n<meta property=\"og:url\" content=\"https:\/\/www.fondazionefrancescofabbri.it\/it\/arti\/premio-francesco-fabbri-2024\/giuria\/\" \/>\n<meta property=\"og:site_name\" content=\"Fondazione Francesco Fabbri\" \/>\n<meta property=\"article:modified_time\" content=\"2024-07-11T13:26:13+00:00\" \/>\n<meta name=\"twitter:card\" content=\"summary_large_image\" \/>\n<meta name=\"twitter:label1\" content=\"Tempo di lettura stimato\" \/>\n\t<meta name=\"twitter:data1\" content=\"10 minuti\" \/>\n<script type=\"application\/ld+json\" class=\"yoast-schema-graph\">{\"@context\":\"https:\/\/schema.org\",\"@graph\":[{\"@type\":\"WebPage\",\"@id\":\"https:\/\/www.fondazionefrancescofabbri.it\/it\/arti\/premio-francesco-fabbri-2024\/giuria\/\",\"url\":\"https:\/\/www.fondazionefrancescofabbri.it\/it\/arti\/premio-francesco-fabbri-2024\/giuria\/\",\"name\":\"Giuria - Fondazione Francesco Fabbri\",\"isPartOf\":{\"@id\":\"https:\/\/www.fondazionefrancescofabbri.it\/en\/#website\"},\"datePublished\":\"2024-07-11T11:48:26+00:00\",\"dateModified\":\"2024-07-11T13:26:13+00:00\",\"breadcrumb\":{\"@id\":\"https:\/\/www.fondazionefrancescofabbri.it\/it\/arti\/premio-francesco-fabbri-2024\/giuria\/#breadcrumb\"},\"inLanguage\":\"it-IT\",\"potentialAction\":[{\"@type\":\"ReadAction\",\"target\":[\"https:\/\/www.fondazionefrancescofabbri.it\/it\/arti\/premio-francesco-fabbri-2024\/giuria\/\"]}]},{\"@type\":\"BreadcrumbList\",\"@id\":\"https:\/\/www.fondazionefrancescofabbri.it\/it\/arti\/premio-francesco-fabbri-2024\/giuria\/#breadcrumb\",\"itemListElement\":[{\"@type\":\"ListItem\",\"position\":1,\"name\":\"Home\",\"item\":\"https:\/\/www.fondazionefrancescofabbri.it\/it\/\"},{\"@type\":\"ListItem\",\"position\":2,\"name\":\"Arti\",\"item\":\"https:\/\/www.fondazionefrancescofabbri.it\/it\/arti\/\"},{\"@type\":\"ListItem\",\"position\":3,\"name\":\"Premio Francesco Fabbri 2024\",\"item\":\"https:\/\/www.fondazionefrancescofabbri.it\/it\/arti\/premio-francesco-fabbri-2024\/\"},{\"@type\":\"ListItem\",\"position\":4,\"name\":\"Giuria\"}]},{\"@type\":\"WebSite\",\"@id\":\"https:\/\/www.fondazionefrancescofabbri.it\/en\/#website\",\"url\":\"https:\/\/www.fondazionefrancescofabbri.it\/en\/\",\"name\":\"Fondazione Francesco Fabbri\",\"description\":\"Just another WordPress site\",\"potentialAction\":[{\"@type\":\"SearchAction\",\"target\":{\"@type\":\"EntryPoint\",\"urlTemplate\":\"https:\/\/www.fondazionefrancescofabbri.it\/en\/?s={search_term_string}\"},\"query-input\":\"required name=search_term_string\"}],\"inLanguage\":\"it-IT\"}]}<\/script>\n<!-- \/ Yoast SEO plugin. -->","yoast_head_json":{"title":"Giuria - Fondazione Francesco Fabbri","robots":{"index":"index","follow":"follow","max-snippet":"max-snippet:-1","max-image-preview":"max-image-preview:large","max-video-preview":"max-video-preview:-1"},"canonical":"https:\/\/www.fondazionefrancescofabbri.it\/it\/arti\/premio-francesco-fabbri-2024\/giuria\/","og_locale":"it_IT","og_type":"article","og_title":"Giuria - Fondazione Francesco Fabbri","og_description":"[vc_row][vc_column width=&#8221;2\/3&#8243;][vc_column_text el_class=&#8221;titolo&#8221;]Giuria[\/vc_column_text][vc_column_text]curatore[\/vc_column_text][vc_row_inner][vc_column_inner width=&#8221;1\/4&#8243;][vc_single_image image=&#8221;3694&#8243; img_size=&#8221;full&#8221;][\/vc_column_inner][vc_column_inner width=&#8221;3\/4&#8243;][vc_column_text css=&#8221;.vc_custom_1528981795356{margin-bottom: 10px !important;}&#8221;] Carlo Sala [\/vc_column_text][vc_column_text]Carlo Sala, critico d&#8217;arte, curatore e teorico dell\u2019immagine. \u00c8 membro del comitato curatoriale della Fondazione Francesco Fabbri Onlus","og_url":"https:\/\/www.fondazionefrancescofabbri.it\/it\/arti\/premio-francesco-fabbri-2024\/giuria\/","og_site_name":"Fondazione Francesco Fabbri","article_modified_time":"2024-07-11T13:26:13+00:00","twitter_card":"summary_large_image","twitter_misc":{"Tempo di lettura stimato":"10 minuti"},"schema":{"@context":"https:\/\/schema.org","@graph":[{"@type":"WebPage","@id":"https:\/\/www.fondazionefrancescofabbri.it\/it\/arti\/premio-francesco-fabbri-2024\/giuria\/","url":"https:\/\/www.fondazionefrancescofabbri.it\/it\/arti\/premio-francesco-fabbri-2024\/giuria\/","name":"Giuria - Fondazione Francesco Fabbri","isPartOf":{"@id":"https:\/\/www.fondazionefrancescofabbri.it\/en\/#website"},"datePublished":"2024-07-11T11:48:26+00:00","dateModified":"2024-07-11T13:26:13+00:00","breadcrumb":{"@id":"https:\/\/www.fondazionefrancescofabbri.it\/it\/arti\/premio-francesco-fabbri-2024\/giuria\/#breadcrumb"},"inLanguage":"it-IT","potentialAction":[{"@type":"ReadAction","target":["https:\/\/www.fondazionefrancescofabbri.it\/it\/arti\/premio-francesco-fabbri-2024\/giuria\/"]}]},{"@type":"BreadcrumbList","@id":"https:\/\/www.fondazionefrancescofabbri.it\/it\/arti\/premio-francesco-fabbri-2024\/giuria\/#breadcrumb","itemListElement":[{"@type":"ListItem","position":1,"name":"Home","item":"https:\/\/www.fondazionefrancescofabbri.it\/it\/"},{"@type":"ListItem","position":2,"name":"Arti","item":"https:\/\/www.fondazionefrancescofabbri.it\/it\/arti\/"},{"@type":"ListItem","position":3,"name":"Premio Francesco Fabbri 2024","item":"https:\/\/www.fondazionefrancescofabbri.it\/it\/arti\/premio-francesco-fabbri-2024\/"},{"@type":"ListItem","position":4,"name":"Giuria"}]},{"@type":"WebSite","@id":"https:\/\/www.fondazionefrancescofabbri.it\/en\/#website","url":"https:\/\/www.fondazionefrancescofabbri.it\/en\/","name":"Fondazione Francesco Fabbri","description":"Just another WordPress site","potentialAction":[{"@type":"SearchAction","target":{"@type":"EntryPoint","urlTemplate":"https:\/\/www.fondazionefrancescofabbri.it\/en\/?s={search_term_string}"},"query-input":"required name=search_term_string"}],"inLanguage":"it-IT"}]}},"_links":{"self":[{"href":"https:\/\/www.fondazionefrancescofabbri.it\/it\/wp-json\/wp\/v2\/pages\/3822"}],"collection":[{"href":"https:\/\/www.fondazionefrancescofabbri.it\/it\/wp-json\/wp\/v2\/pages"}],"about":[{"href":"https:\/\/www.fondazionefrancescofabbri.it\/it\/wp-json\/wp\/v2\/types\/page"}],"author":[{"embeddable":true,"href":"https:\/\/www.fondazionefrancescofabbri.it\/it\/wp-json\/wp\/v2\/users\/3"}],"replies":[{"embeddable":true,"href":"https:\/\/www.fondazionefrancescofabbri.it\/it\/wp-json\/wp\/v2\/comments?post=3822"}],"version-history":[{"count":8,"href":"https:\/\/www.fondazionefrancescofabbri.it\/it\/wp-json\/wp\/v2\/pages\/3822\/revisions"}],"predecessor-version":[{"id":3840,"href":"https:\/\/www.fondazionefrancescofabbri.it\/it\/wp-json\/wp\/v2\/pages\/3822\/revisions\/3840"}],"up":[{"embeddable":true,"href":"https:\/\/www.fondazionefrancescofabbri.it\/it\/wp-json\/wp\/v2\/pages\/3771"}],"wp:attachment":[{"href":"https:\/\/www.fondazionefrancescofabbri.it\/it\/wp-json\/wp\/v2\/media?parent=3822"}],"curies":[{"name":"wp","href":"https:\/\/api.w.org\/{rel}","templated":true}]}}