{"id":829,"date":"2016-09-16T16:29:32","date_gmt":"2016-09-16T16:29:32","guid":{"rendered":"http:\/\/www.fondazionefrancescofabbri.it\/it\/?page_id=829"},"modified":"2016-09-16T16:29:32","modified_gmt":"2016-09-16T16:29:32","slug":"maurizio-rasera","status":"publish","type":"page","link":"https:\/\/www.fondazionefrancescofabbri.it\/it\/about\/governance\/maurizio-rasera\/","title":{"rendered":"Maurizio Rasera"},"content":{"rendered":"<section class=\"wpb-content-wrapper\"><p>[vc_row][vc_column width=&#8221;1\/4&#8243;][vc_single_image image=&#8221;812&#8243; img_size=&#8221;full&#8221;][\/vc_column][vc_column width=&#8221;3\/4&#8243;][vc_column_text]Nato a Milano il 09\/10\/1958, Maurizio Rasera si \u00e8 laureato in Scienze Politiche presso l\u2019Universit\u00e0 di Padova con una tesi in Sociologia del lavoro.<br \/>\nHa collaborato, in qualit\u00e0 di ricercatore, con la Fondazione Corazzin di Venezia, con l&#8217;Ires Veneto; \u00e8 stato componente delle unit\u00e0 di ricerca afferenti all&#8217;Universit\u00e0 di Padova in numerosi progetti di ricerca di interesse nazionale (Prin e Miur); tra il 1994 ed il 2000 ha lavorato in qualit\u00e0 di esperto sulle tematiche del mercato del lavoro per il Ministero del lavoro; ha fatto parte del gruppo di ricercatori che hanno redatto dal 2002 al 2005 il Rapporto sul mercato del lavoro del Cnel; \u00e8 stato membro dei comitati di redazione di diverse riviste di argomento economico; \u00e8 autore di numerose pubblicazioni in materia di lavoro.<br \/>\nAttualmente lavora in qualit\u00e0 di ricercatore senior presso l\u2019Ente regionale Veneto Lavoro, al cui interno coordina le attivit\u00e0 dell\u2019Osservatorio Immigrazione della Regione Veneto; dal 1994 fa parte del comitato scientifico dell\u2019Osservatorio Economico della provincia di Treviso; \u00e8 membro del gruppo di ricerca dell\u2019Osservatorio sul lavoro (Oslav) che opera all\u2019interno del Dipartimento di sociologia dell\u2019Universit\u00e0 di Padova.<br \/>\n[\/vc_column_text][\/vc_column][\/vc_row]<\/p>\n<\/section>","protected":false},"excerpt":{"rendered":"<p>[vc_row][vc_column width=&#8221;1\/4&#8243;][vc_single_image image=&#8221;812&#8243; img_size=&#8221;full&#8221;][\/vc_column][vc_column width=&#8221;3\/4&#8243;][vc_column_text]Nato a Milano il 09\/10\/1958, Maurizio Rasera si \u00e8 laureato in Scienze Politiche presso l\u2019Universit\u00e0 di Padova con una tesi in Sociologia del lavoro.<br \/>\nHa collaborato, <\/p>\n","protected":false},"author":3,"featured_media":0,"parent":84,"menu_order":0,"comment_status":"closed","ping_status":"closed","template":"duecolonne.php","meta":[],"acf":[],"yoast_head":"<!-- This site is optimized with the Yoast SEO plugin v20.8 - https:\/\/yoast.com\/wordpress\/plugins\/seo\/ -->\n<title>Maurizio Rasera - Fondazione Francesco Fabbri<\/title>\n<meta name=\"description\" content=\"Nato a Milano il 09\/10\/1958, Maurizio Rasera si \u00e8 laureato in Scienze Politiche presso l\u2019Universit\u00e0 di Padova con una tesi in Sociologia del lavoro.\" \/>\n<meta name=\"robots\" content=\"index, follow, max-snippet:-1, max-image-preview:large, max-video-preview:-1\" \/>\n<link rel=\"canonical\" href=\"https:\/\/www.fondazionefrancescofabbri.it\/it\/about\/governance\/maurizio-rasera\/\" \/>\n<meta property=\"og:locale\" content=\"it_IT\" \/>\n<meta property=\"og:type\" content=\"article\" \/>\n<meta property=\"og:title\" content=\"Maurizio Rasera - Fondazione Francesco Fabbri\" \/>\n<meta property=\"og:description\" content=\"Nato a Milano il 09\/10\/1958, Maurizio Rasera si \u00e8 laureato in Scienze Politiche presso l\u2019Universit\u00e0 di Padova con una tesi in Sociologia del lavoro.\" \/>\n<meta property=\"og:url\" content=\"https:\/\/www.fondazionefrancescofabbri.it\/it\/about\/governance\/maurizio-rasera\/\" \/>\n<meta property=\"og:site_name\" content=\"Fondazione Francesco Fabbri\" \/>\n<meta name=\"twitter:card\" content=\"summary_large_image\" \/>\n<meta name=\"twitter:label1\" content=\"Tempo di lettura stimato\" \/>\n\t<meta name=\"twitter:data1\" content=\"1 minuto\" \/>\n<script type=\"application\/ld+json\" class=\"yoast-schema-graph\">{\"@context\":\"https:\/\/schema.org\",\"@graph\":[{\"@type\":\"WebPage\",\"@id\":\"https:\/\/www.fondazionefrancescofabbri.it\/it\/about\/governance\/maurizio-rasera\/\",\"url\":\"https:\/\/www.fondazionefrancescofabbri.it\/it\/about\/governance\/maurizio-rasera\/\",\"name\":\"Maurizio Rasera - Fondazione Francesco Fabbri\",\"isPartOf\":{\"@id\":\"https:\/\/www.fondazionefrancescofabbri.it\/en\/#website\"},\"datePublished\":\"2016-09-16T16:29:32+00:00\",\"dateModified\":\"2016-09-16T16:29:32+00:00\",\"description\":\"Nato a Milano il 09\/10\/1958, Maurizio Rasera si \u00e8 laureato in Scienze Politiche presso l\u2019Universit\u00e0 di Padova con una tesi in Sociologia del lavoro.\",\"breadcrumb\":{\"@id\":\"https:\/\/www.fondazionefrancescofabbri.it\/it\/about\/governance\/maurizio-rasera\/#breadcrumb\"},\"inLanguage\":\"it-IT\",\"potentialAction\":[{\"@type\":\"ReadAction\",\"target\":[\"https:\/\/www.fondazionefrancescofabbri.it\/it\/about\/governance\/maurizio-rasera\/\"]}]},{\"@type\":\"BreadcrumbList\",\"@id\":\"https:\/\/www.fondazionefrancescofabbri.it\/it\/about\/governance\/maurizio-rasera\/#breadcrumb\",\"itemListElement\":[{\"@type\":\"ListItem\",\"position\":1,\"name\":\"Home\",\"item\":\"https:\/\/www.fondazionefrancescofabbri.it\/it\/\"},{\"@type\":\"ListItem\",\"position\":2,\"name\":\"About\",\"item\":\"https:\/\/www.fondazionefrancescofabbri.it\/it\/about\/\"},{\"@type\":\"ListItem\",\"position\":3,\"name\":\"Governance\",\"item\":\"https:\/\/www.fondazionefrancescofabbri.it\/it\/about\/governance\/\"},{\"@type\":\"ListItem\",\"position\":4,\"name\":\"Maurizio Rasera\"}]},{\"@type\":\"WebSite\",\"@id\":\"https:\/\/www.fondazionefrancescofabbri.it\/en\/#website\",\"url\":\"https:\/\/www.fondazionefrancescofabbri.it\/en\/\",\"name\":\"Fondazione Francesco Fabbri\",\"description\":\"Just another WordPress site\",\"potentialAction\":[{\"@type\":\"SearchAction\",\"target\":{\"@type\":\"EntryPoint\",\"urlTemplate\":\"https:\/\/www.fondazionefrancescofabbri.it\/en\/?s={search_term_string}\"},\"query-input\":\"required name=search_term_string\"}],\"inLanguage\":\"it-IT\"}]}<\/script>\n<!-- \/ Yoast SEO plugin. -->","yoast_head_json":{"title":"Maurizio Rasera - Fondazione Francesco Fabbri","description":"Nato a Milano il 09\/10\/1958, Maurizio Rasera si \u00e8 laureato in Scienze Politiche presso l\u2019Universit\u00e0 di Padova con una tesi in Sociologia del lavoro.","robots":{"index":"index","follow":"follow","max-snippet":"max-snippet:-1","max-image-preview":"max-image-preview:large","max-video-preview":"max-video-preview:-1"},"canonical":"https:\/\/www.fondazionefrancescofabbri.it\/it\/about\/governance\/maurizio-rasera\/","og_locale":"it_IT","og_type":"article","og_title":"Maurizio Rasera - Fondazione Francesco Fabbri","og_description":"Nato a Milano il 09\/10\/1958, Maurizio Rasera si \u00e8 laureato in Scienze Politiche presso l\u2019Universit\u00e0 di Padova con una tesi in Sociologia del lavoro.","og_url":"https:\/\/www.fondazionefrancescofabbri.it\/it\/about\/governance\/maurizio-rasera\/","og_site_name":"Fondazione Francesco Fabbri","twitter_card":"summary_large_image","twitter_misc":{"Tempo di lettura stimato":"1 minuto"},"schema":{"@context":"https:\/\/schema.org","@graph":[{"@type":"WebPage","@id":"https:\/\/www.fondazionefrancescofabbri.it\/it\/about\/governance\/maurizio-rasera\/","url":"https:\/\/www.fondazionefrancescofabbri.it\/it\/about\/governance\/maurizio-rasera\/","name":"Maurizio Rasera - Fondazione Francesco Fabbri","isPartOf":{"@id":"https:\/\/www.fondazionefrancescofabbri.it\/en\/#website"},"datePublished":"2016-09-16T16:29:32+00:00","dateModified":"2016-09-16T16:29:32+00:00","description":"Nato a Milano il 09\/10\/1958, Maurizio Rasera si \u00e8 laureato in Scienze Politiche presso l\u2019Universit\u00e0 di Padova con una tesi in Sociologia del lavoro.","breadcrumb":{"@id":"https:\/\/www.fondazionefrancescofabbri.it\/it\/about\/governance\/maurizio-rasera\/#breadcrumb"},"inLanguage":"it-IT","potentialAction":[{"@type":"ReadAction","target":["https:\/\/www.fondazionefrancescofabbri.it\/it\/about\/governance\/maurizio-rasera\/"]}]},{"@type":"BreadcrumbList","@id":"https:\/\/www.fondazionefrancescofabbri.it\/it\/about\/governance\/maurizio-rasera\/#breadcrumb","itemListElement":[{"@type":"ListItem","position":1,"name":"Home","item":"https:\/\/www.fondazionefrancescofabbri.it\/it\/"},{"@type":"ListItem","position":2,"name":"About","item":"https:\/\/www.fondazionefrancescofabbri.it\/it\/about\/"},{"@type":"ListItem","position":3,"name":"Governance","item":"https:\/\/www.fondazionefrancescofabbri.it\/it\/about\/governance\/"},{"@type":"ListItem","position":4,"name":"Maurizio Rasera"}]},{"@type":"WebSite","@id":"https:\/\/www.fondazionefrancescofabbri.it\/en\/#website","url":"https:\/\/www.fondazionefrancescofabbri.it\/en\/","name":"Fondazione Francesco Fabbri","description":"Just another WordPress site","potentialAction":[{"@type":"SearchAction","target":{"@type":"EntryPoint","urlTemplate":"https:\/\/www.fondazionefrancescofabbri.it\/en\/?s={search_term_string}"},"query-input":"required name=search_term_string"}],"inLanguage":"it-IT"}]}},"_links":{"self":[{"href":"https:\/\/www.fondazionefrancescofabbri.it\/it\/wp-json\/wp\/v2\/pages\/829"}],"collection":[{"href":"https:\/\/www.fondazionefrancescofabbri.it\/it\/wp-json\/wp\/v2\/pages"}],"about":[{"href":"https:\/\/www.fondazionefrancescofabbri.it\/it\/wp-json\/wp\/v2\/types\/page"}],"author":[{"embeddable":true,"href":"https:\/\/www.fondazionefrancescofabbri.it\/it\/wp-json\/wp\/v2\/users\/3"}],"replies":[{"embeddable":true,"href":"https:\/\/www.fondazionefrancescofabbri.it\/it\/wp-json\/wp\/v2\/comments?post=829"}],"version-history":[{"count":1,"href":"https:\/\/www.fondazionefrancescofabbri.it\/it\/wp-json\/wp\/v2\/pages\/829\/revisions"}],"predecessor-version":[{"id":830,"href":"https:\/\/www.fondazionefrancescofabbri.it\/it\/wp-json\/wp\/v2\/pages\/829\/revisions\/830"}],"up":[{"embeddable":true,"href":"https:\/\/www.fondazionefrancescofabbri.it\/it\/wp-json\/wp\/v2\/pages\/84"}],"wp:attachment":[{"href":"https:\/\/www.fondazionefrancescofabbri.it\/it\/wp-json\/wp\/v2\/media?parent=829"}],"curies":[{"name":"wp","href":"https:\/\/api.w.org\/{rel}","templated":true}]}}