{"id":833,"date":"2016-09-16T16:32:39","date_gmt":"2016-09-16T16:32:39","guid":{"rendered":"http:\/\/www.fondazionefrancescofabbri.it\/it\/?page_id=833"},"modified":"2016-09-28T08:08:43","modified_gmt":"2016-09-28T08:08:43","slug":"maurizio-castro","status":"publish","type":"page","link":"https:\/\/www.fondazionefrancescofabbri.it\/it\/about\/governance\/maurizio-castro\/","title":{"rendered":"Maurizio Castro"},"content":{"rendered":"<section class=\"wpb-content-wrapper\"><p>[vc_row][vc_column width=&#8221;1\/4&#8243;][vc_single_image image=&#8221;814&#8243; img_size=&#8221;full&#8221;][\/vc_column][vc_column width=&#8221;3\/4&#8243;][vc_column_text]Gi\u00e0 docente di diritto penale (1977-79), Maurizio Castro ha sviluppato la sua carriera manageriale prima in S.I.P., Assindustria Padova e Gruppo Dai Pra (1979-87), e poi nel Gruppo Electrolux (1987-2004), dove ha rivestito gli incarichi di direttore risorse umane a livello Italia, di senior executive vice-president del settore componenti a livello mondo e di presidente e amministratore delegato di societ\u00e0 nei settori componenti e servizi. \u00c8 stato direttore generale dell&#8217;I.N.A.I.L. (2004-07), quindi della Fiera di Vicenza (2007-08); commissario straordinario del Gruppo ACC Compressors (dal 2013), \u00e8 anche presidente operativo del Gruppo Quanta (dal 2015). Ha ricoperto incarichi in Confindustria e in Federmeccanica; \u00e8 direttore scientifico di master della business school CUOA; \u00e8 stato componente di Commissioni ministeriali nei Governi Ciampi, Berlusconi 1, D&#8217;Alema e Berlusconi 2. \u00c8 autore di numerosi articoli scientifici su temi giuridici e di relazioni industriali. Nella XVI legislatura (2008-13) \u00e8 stato capogruppo PdL alla Commissione Lavoro del Senato, vicepresidente della Consulta Nazionale del Lavoro e membro della Direzione Nazionale del PdL. [\/vc_column_text][\/vc_column][\/vc_row]<\/p>\n<\/section>","protected":false},"excerpt":{"rendered":"<p>[vc_row][vc_column width=&#8221;1\/4&#8243;][vc_single_image image=&#8221;814&#8243; img_size=&#8221;full&#8221;][\/vc_column][vc_column width=&#8221;3\/4&#8243;][vc_column_text]Gi\u00e0 docente di diritto penale (1977-79), Maurizio Castro ha sviluppato la sua carriera manageriale prima in S.I.P., Assindustria Padova e Gruppo Dai Pra (1979-87), e poi <\/p>\n","protected":false},"author":3,"featured_media":0,"parent":84,"menu_order":0,"comment_status":"closed","ping_status":"closed","template":"","meta":[],"acf":[],"yoast_head":"<!-- This site is optimized with the Yoast SEO plugin v20.8 - https:\/\/yoast.com\/wordpress\/plugins\/seo\/ -->\n<title>Maurizio Castro - Fondazione Francesco Fabbri<\/title>\n<meta name=\"description\" content=\"Gi\u00e0 docente di diritto penale, Maurizio Castro ha sviluppato la sua carriera manageriale prima in S.I.P., Assindustria Padova e e poi nel Gruppo Electrolux.\" \/>\n<meta name=\"robots\" content=\"index, follow, max-snippet:-1, max-image-preview:large, max-video-preview:-1\" \/>\n<link rel=\"canonical\" href=\"https:\/\/www.fondazionefrancescofabbri.it\/it\/about\/governance\/maurizio-castro\/\" \/>\n<meta property=\"og:locale\" content=\"it_IT\" \/>\n<meta property=\"og:type\" content=\"article\" \/>\n<meta property=\"og:title\" content=\"Maurizio Castro - Fondazione Francesco Fabbri\" \/>\n<meta property=\"og:description\" content=\"Gi\u00e0 docente di diritto penale, Maurizio Castro ha sviluppato la sua carriera manageriale prima in S.I.P., Assindustria Padova e e poi nel Gruppo Electrolux.\" \/>\n<meta property=\"og:url\" content=\"https:\/\/www.fondazionefrancescofabbri.it\/it\/about\/governance\/maurizio-castro\/\" \/>\n<meta property=\"og:site_name\" content=\"Fondazione Francesco Fabbri\" \/>\n<meta property=\"article:modified_time\" content=\"2016-09-28T08:08:43+00:00\" \/>\n<meta name=\"twitter:card\" content=\"summary_large_image\" \/>\n<meta name=\"twitter:label1\" content=\"Tempo di lettura stimato\" \/>\n\t<meta name=\"twitter:data1\" content=\"1 minuto\" \/>\n<script type=\"application\/ld+json\" class=\"yoast-schema-graph\">{\"@context\":\"https:\/\/schema.org\",\"@graph\":[{\"@type\":\"WebPage\",\"@id\":\"https:\/\/www.fondazionefrancescofabbri.it\/it\/about\/governance\/maurizio-castro\/\",\"url\":\"https:\/\/www.fondazionefrancescofabbri.it\/it\/about\/governance\/maurizio-castro\/\",\"name\":\"Maurizio Castro - Fondazione Francesco Fabbri\",\"isPartOf\":{\"@id\":\"https:\/\/www.fondazionefrancescofabbri.it\/en\/#website\"},\"datePublished\":\"2016-09-16T16:32:39+00:00\",\"dateModified\":\"2016-09-28T08:08:43+00:00\",\"description\":\"Gi\u00e0 docente di diritto penale, Maurizio Castro ha sviluppato la sua carriera manageriale prima in S.I.P., Assindustria Padova e e poi nel Gruppo Electrolux.\",\"breadcrumb\":{\"@id\":\"https:\/\/www.fondazionefrancescofabbri.it\/it\/about\/governance\/maurizio-castro\/#breadcrumb\"},\"inLanguage\":\"it-IT\",\"potentialAction\":[{\"@type\":\"ReadAction\",\"target\":[\"https:\/\/www.fondazionefrancescofabbri.it\/it\/about\/governance\/maurizio-castro\/\"]}]},{\"@type\":\"BreadcrumbList\",\"@id\":\"https:\/\/www.fondazionefrancescofabbri.it\/it\/about\/governance\/maurizio-castro\/#breadcrumb\",\"itemListElement\":[{\"@type\":\"ListItem\",\"position\":1,\"name\":\"Home\",\"item\":\"https:\/\/www.fondazionefrancescofabbri.it\/it\/\"},{\"@type\":\"ListItem\",\"position\":2,\"name\":\"About\",\"item\":\"https:\/\/www.fondazionefrancescofabbri.it\/it\/about\/\"},{\"@type\":\"ListItem\",\"position\":3,\"name\":\"Governance\",\"item\":\"https:\/\/www.fondazionefrancescofabbri.it\/it\/about\/governance\/\"},{\"@type\":\"ListItem\",\"position\":4,\"name\":\"Maurizio Castro\"}]},{\"@type\":\"WebSite\",\"@id\":\"https:\/\/www.fondazionefrancescofabbri.it\/en\/#website\",\"url\":\"https:\/\/www.fondazionefrancescofabbri.it\/en\/\",\"name\":\"Fondazione Francesco Fabbri\",\"description\":\"Just another WordPress site\",\"potentialAction\":[{\"@type\":\"SearchAction\",\"target\":{\"@type\":\"EntryPoint\",\"urlTemplate\":\"https:\/\/www.fondazionefrancescofabbri.it\/en\/?s={search_term_string}\"},\"query-input\":\"required name=search_term_string\"}],\"inLanguage\":\"it-IT\"}]}<\/script>\n<!-- \/ Yoast SEO plugin. -->","yoast_head_json":{"title":"Maurizio Castro - Fondazione Francesco Fabbri","description":"Gi\u00e0 docente di diritto penale, Maurizio Castro ha sviluppato la sua carriera manageriale prima in S.I.P., Assindustria Padova e e poi nel Gruppo Electrolux.","robots":{"index":"index","follow":"follow","max-snippet":"max-snippet:-1","max-image-preview":"max-image-preview:large","max-video-preview":"max-video-preview:-1"},"canonical":"https:\/\/www.fondazionefrancescofabbri.it\/it\/about\/governance\/maurizio-castro\/","og_locale":"it_IT","og_type":"article","og_title":"Maurizio Castro - Fondazione Francesco Fabbri","og_description":"Gi\u00e0 docente di diritto penale, Maurizio Castro ha sviluppato la sua carriera manageriale prima in S.I.P., Assindustria Padova e e poi nel Gruppo Electrolux.","og_url":"https:\/\/www.fondazionefrancescofabbri.it\/it\/about\/governance\/maurizio-castro\/","og_site_name":"Fondazione Francesco Fabbri","article_modified_time":"2016-09-28T08:08:43+00:00","twitter_card":"summary_large_image","twitter_misc":{"Tempo di lettura stimato":"1 minuto"},"schema":{"@context":"https:\/\/schema.org","@graph":[{"@type":"WebPage","@id":"https:\/\/www.fondazionefrancescofabbri.it\/it\/about\/governance\/maurizio-castro\/","url":"https:\/\/www.fondazionefrancescofabbri.it\/it\/about\/governance\/maurizio-castro\/","name":"Maurizio Castro - Fondazione Francesco Fabbri","isPartOf":{"@id":"https:\/\/www.fondazionefrancescofabbri.it\/en\/#website"},"datePublished":"2016-09-16T16:32:39+00:00","dateModified":"2016-09-28T08:08:43+00:00","description":"Gi\u00e0 docente di diritto penale, Maurizio Castro ha sviluppato la sua carriera manageriale prima in S.I.P., Assindustria Padova e e poi nel Gruppo Electrolux.","breadcrumb":{"@id":"https:\/\/www.fondazionefrancescofabbri.it\/it\/about\/governance\/maurizio-castro\/#breadcrumb"},"inLanguage":"it-IT","potentialAction":[{"@type":"ReadAction","target":["https:\/\/www.fondazionefrancescofabbri.it\/it\/about\/governance\/maurizio-castro\/"]}]},{"@type":"BreadcrumbList","@id":"https:\/\/www.fondazionefrancescofabbri.it\/it\/about\/governance\/maurizio-castro\/#breadcrumb","itemListElement":[{"@type":"ListItem","position":1,"name":"Home","item":"https:\/\/www.fondazionefrancescofabbri.it\/it\/"},{"@type":"ListItem","position":2,"name":"About","item":"https:\/\/www.fondazionefrancescofabbri.it\/it\/about\/"},{"@type":"ListItem","position":3,"name":"Governance","item":"https:\/\/www.fondazionefrancescofabbri.it\/it\/about\/governance\/"},{"@type":"ListItem","position":4,"name":"Maurizio Castro"}]},{"@type":"WebSite","@id":"https:\/\/www.fondazionefrancescofabbri.it\/en\/#website","url":"https:\/\/www.fondazionefrancescofabbri.it\/en\/","name":"Fondazione Francesco Fabbri","description":"Just another WordPress site","potentialAction":[{"@type":"SearchAction","target":{"@type":"EntryPoint","urlTemplate":"https:\/\/www.fondazionefrancescofabbri.it\/en\/?s={search_term_string}"},"query-input":"required name=search_term_string"}],"inLanguage":"it-IT"}]}},"_links":{"self":[{"href":"https:\/\/www.fondazionefrancescofabbri.it\/it\/wp-json\/wp\/v2\/pages\/833"}],"collection":[{"href":"https:\/\/www.fondazionefrancescofabbri.it\/it\/wp-json\/wp\/v2\/pages"}],"about":[{"href":"https:\/\/www.fondazionefrancescofabbri.it\/it\/wp-json\/wp\/v2\/types\/page"}],"author":[{"embeddable":true,"href":"https:\/\/www.fondazionefrancescofabbri.it\/it\/wp-json\/wp\/v2\/users\/3"}],"replies":[{"embeddable":true,"href":"https:\/\/www.fondazionefrancescofabbri.it\/it\/wp-json\/wp\/v2\/comments?post=833"}],"version-history":[{"count":1,"href":"https:\/\/www.fondazionefrancescofabbri.it\/it\/wp-json\/wp\/v2\/pages\/833\/revisions"}],"predecessor-version":[{"id":834,"href":"https:\/\/www.fondazionefrancescofabbri.it\/it\/wp-json\/wp\/v2\/pages\/833\/revisions\/834"}],"up":[{"embeddable":true,"href":"https:\/\/www.fondazionefrancescofabbri.it\/it\/wp-json\/wp\/v2\/pages\/84"}],"wp:attachment":[{"href":"https:\/\/www.fondazionefrancescofabbri.it\/it\/wp-json\/wp\/v2\/media?parent=833"}],"curies":[{"name":"wp","href":"https:\/\/api.w.org\/{rel}","templated":true}]}}