{"id":84,"date":"2016-03-15T12:01:30","date_gmt":"2016-03-15T12:01:30","guid":{"rendered":"http:\/\/www.fondazionefrancescofabbri.it\/it\/?page_id=84"},"modified":"2024-09-12T10:21:58","modified_gmt":"2024-09-12T08:21:58","slug":"governance","status":"publish","type":"page","link":"https:\/\/www.fondazionefrancescofabbri.it\/it\/about\/governance\/","title":{"rendered":"Governance"},"content":{"rendered":"<section class=\"wpb-content-wrapper\"><p>[vc_row][vc_column][vc_single_image image=&#8221;401&#8243; img_size=&#8221;full&#8221;][vc_column_text]Costituita per volont\u00e0 della famiglia Fabbri, con il sostegno del Comune di Pieve di Soligo e del Consorzio BIM-PIAVE di Treviso, Fondazione Francesco Fabbri raccoglie e sviluppa il lascito del Senatore Fabbri promuovendo azioni e iniziative di sviluppo culturale, sociale ed economico in aperto dialogo con tutti i soggetti territoriali di riferimento, sia pubblici che privati.<\/p>\n<p>&nbsp;<\/p>\n<p>Attraverso un approccio di tipo glocal, la Fondazione opera al fine di valorizzare l\u2019identit\u00e0 e le sfaccettature della realt\u00e0 locale mettendo in campo strumenti e linguaggi innovativi riconosciuti e diffusi nella comunit\u00e0 internazionale. La Fondazione considera la globalizzazione, con i suoi scenari al contempo micro e macro, lontani e vicini, astratti e concreti un\u2019opportunit\u00e0 da sfruttare, attraverso pratiche virtuose, per favorire il percorso di europeizzazione ed internazionalizzazione dell\u2019Alta Marca Trevigiana. Attiva all\u2019interno e attorno ai fenomeni della Contemporaneit\u00e0, la Fondazione si impegna a leggere criticamente il presente per individuare, applicando una logica di rete, strategie e scenari per un futuro di emancipazione. Soggetto responsabile e propositivo sul piano scientifico, Fondazione Francesco Fabbri non si limita a sostenere iniziative virtuose ma opera come stabilizzatore di piattaforme complesse, espressione concreta delle sue linee programmatiche. In particolare, si rivolge e interroga \u201cle Arti\u201d, intese come momento di una creativit\u00e0 diffusa in grado di dare voce alla Contemporaneit\u00e0 per iniziare a progettare il futuro, e affida alle \u201cPolitiche\u201d la valutazione delle criticit\u00e0 e l\u2019elaborazione di un piano concreto d\u2019azione.[\/vc_column_text][\/vc_column][\/vc_row][vc_row][vc_column][vc_column_text css=&#8221;.vc_custom_1474530661627{margin-bottom: 15px !important;}&#8221;]<\/p>\n<h4>PRESIDENTE<\/h4>\n<p>[\/vc_column_text][\/vc_column][\/vc_row][vc_row][vc_column width=&#8221;1\/4&#8243;][vc_single_image image=&#8221;3273&#8243; img_size=&#8221;full&#8221;][\/vc_column][vc_column width=&#8221;3\/4&#8243;][vc_column_text css=&#8221;.vc_custom_1643710666068{margin-bottom: 10px !important;}&#8221;]<\/p>\n<h4>Alberto Baban<\/h4>\n<p>[\/vc_column_text][\/vc_column][\/vc_row][vc_row][vc_column][vc_empty_space height=&#8221;50px&#8221;][\/vc_column][\/vc_row][vc_row][vc_column][vc_column_text css=&#8221;.vc_custom_1474530666281{margin-bottom: 15px !important;}&#8221;]<\/p>\n<h4>CONSIGLIO DI AMMINISTRAZIONE<\/h4>\n<p>[\/vc_column_text][\/vc_column][\/vc_row][vc_row][vc_column width=&#8221;1\/4&#8243;][vc_single_image image=&#8221;2539&#8243; img_size=&#8221;full&#8221;][\/vc_column][vc_column width=&#8221;3\/4&#8243;][vc_column_text css=&#8221;.vc_custom_1643710906549{margin-bottom: 10px !important;}&#8221;]<\/p>\n<h4>Bruno Dal Col, vicepresidente<\/h4>\n<p>[\/vc_column_text][\/vc_column][\/vc_row][vc_row][vc_column width=&#8221;1\/4&#8243;][vc_single_image img_size=&#8221;full&#8221;][\/vc_column][vc_column width=&#8221;3\/4&#8243;][vc_column_text css=&#8221;.vc_custom_1643710829263{margin-bottom: 10px !important;}&#8221;]<\/p>\n<h4>Alberto Battistella<\/h4>\n<p>[\/vc_column_text][\/vc_column][\/vc_row][vc_row][vc_column width=&#8221;1\/4&#8243;][vc_single_image image=&#8221;2452&#8243; img_size=&#8221;full&#8221;][\/vc_column][vc_column width=&#8221;3\/4&#8243;][vc_column_text css=&#8221;.vc_custom_1573554295835{margin-bottom: 10px !important;}&#8221;]<\/p>\n<h4>Cristina Da Soller<\/h4>\n<p>[\/vc_column_text][\/vc_column][\/vc_row][vc_row][vc_column width=&#8221;1\/4&#8243;][vc_single_image image=&#8221;3862&#8243; img_size=&#8221;full&#8221;][\/vc_column][vc_column width=&#8221;3\/4&#8243;][vc_column_text css=&#8221;.vc_custom_1726129064333{margin-bottom: 10px !important;}&#8221;]<\/p>\n<h4>Pierangelo Zanco<\/h4>\n<p>[\/vc_column_text][\/vc_column][\/vc_row][vc_row][vc_column width=&#8221;1\/4&#8243;][vc_single_image image=&#8221;2540&#8243; img_size=&#8221;full&#8221;][\/vc_column][vc_column width=&#8221;3\/4&#8243;][vc_column_text css=&#8221;.vc_custom_1520419730427{margin-bottom: 10px !important;}&#8221;]<\/p>\n<h4>Raffaele Mazzucco<\/h4>\n<p>[\/vc_column_text][\/vc_column][\/vc_row][vc_row][vc_column width=&#8221;1\/4&#8243;][vc_single_image image=&#8221;2451&#8243; img_size=&#8221;full&#8221;][\/vc_column][vc_column width=&#8221;3\/4&#8243;][vc_column_text css=&#8221;.vc_custom_1573554203979{margin-bottom: 10px !important;}&#8221;]<\/p>\n<h4>Cristina Pin<\/h4>\n<p>[\/vc_column_text][\/vc_column][\/vc_row][vc_row][vc_column][vc_empty_space height=&#8221;50px&#8221;][\/vc_column][\/vc_row][vc_row][vc_column][vc_column_text css=&#8221;.vc_custom_1643710927064{margin-bottom: 15px !important;}&#8221;]<\/p>\n<h4>DIRETTORE AMMINISTRATIVO<\/h4>\n<p>[\/vc_column_text][\/vc_column][\/vc_row][vc_row][vc_column width=&#8221;1\/4&#8243;][vc_single_image image=&#8221;1225&#8243; img_size=&#8221;full&#8221;][\/vc_column][vc_column width=&#8221;3\/4&#8243;][vc_column_text css=&#8221;.vc_custom_1474530840428{margin-bottom: 10px !important;}&#8221;]<\/p>\n<h4>Alberto De Lucca<\/h4>\n<p>[\/vc_column_text][\/vc_column][\/vc_row][vc_row][vc_column][vc_empty_space height=&#8221;50px&#8221;][\/vc_column][\/vc_row][vc_row][vc_column][vc_column_text css=&#8221;.vc_custom_1643710956592{margin-bottom: 15px !important;}&#8221;]<\/p>\n<h4>COMITATO DI INDIRIZZO STRATEGICO<\/h4>\n<p>[\/vc_column_text][\/vc_column][\/vc_row][vc_row][vc_column width=&#8221;1\/4&#8243;][vc_single_image image=&#8221;923&#8243; img_size=&#8221;full&#8221;][\/vc_column][vc_column width=&#8221;3\/4&#8243;][vc_column_text css=&#8221;.vc_custom_1643711276329{margin-bottom: 10px !important;}&#8221;]<\/p>\n<h4>Roberto Masiero, coordinatore<\/h4>\n<p>[\/vc_column_text][vc_column_text]Roberto Masiero \u00e8 professore ordinario di storia dell\u2019architettura presso lo IUAV. I suoi interessi di ricerca sono orientati alle contaminazioni fra diverse discipline, in particolare arte e architettura&#8230;<\/p>\n<p>&nbsp;<\/p>\n<p><a href=\"https:\/\/www.fondazionefrancescofabbri.it\/it\/about\/governance\/roberto-masiero\/\">Leggi biografia<\/a>[\/vc_column_text][\/vc_column][\/vc_row][vc_row][vc_column width=&#8221;1\/4&#8243;][vc_single_image image=&#8221;3278&#8243; img_size=&#8221;full&#8221;][\/vc_column][vc_column width=&#8221;3\/4&#8243;][vc_column_text css=&#8221;.vc_custom_1643711039121{margin-bottom: 10px !important;}&#8221;]<\/p>\n<h4>Bruno Barel<\/h4>\n<p>[\/vc_column_text][vc_column_text]Avvocato<\/p>\n<p>Socio fondatore dello Studio BM&amp;A ove opera prevalentemente nei settori del diritto amministrativo, internazionale e civile.<\/p>\n<p>Struttura e coordina iniziative di valorizzazione immobiliare e rigenerazione urbana e di ammodernamento della grande distribuzione commerciale. Cura servizi innovativi per il settore agroalimentare e nell&#8217;e-commerce.<\/p>\n<p>Si \u00e8 formato nella Facolt\u00e0 di Giurisprudenza dell\u2019Universit\u00e0 di Padova, dove si \u00e8 laureato con il massimo dei voti in tutti gli esami e con votazione finale 110\/110 e lode, e dove ora \u00e8 professore associato di Diritto dell\u2019Unione europea e Diritto internazionale privato.<\/p>\n<p>\u00c8 componente del comitato scientifico dell\u2019Osservatorio nazionale del diritto di famiglia, del comitato scientifico di Eurispes-Veneto e redattore della rivista Diritto del Commercio Internazionale.<\/p>\n<p>\u00c8 autore o coautore di oltre 80 pubblicazioni scientifiche e divulgative.[\/vc_column_text][\/vc_column][\/vc_row][vc_row][vc_column width=&#8221;1\/4&#8243;][vc_single_image image=&#8221;2457&#8243; img_size=&#8221;full&#8221;][\/vc_column][vc_column width=&#8221;3\/4&#8243;][vc_column_text css=&#8221;.vc_custom_1573642843067{margin-bottom: 10px !important;}&#8221;]<\/p>\n<h4>Viviana Carlet<\/h4>\n<p>[\/vc_column_text][vc_column_text]Direttore di Lago Film Fest, Piattaforma Lago[\/vc_column_text][\/vc_column][\/vc_row][vc_row][vc_column width=&#8221;1\/4&#8243;][vc_single_image image=&#8221;809&#8243; img_size=&#8221;full&#8221;][\/vc_column][vc_column width=&#8221;3\/4&#8243;][vc_column_text css=&#8221;.vc_custom_1474042374716{margin-bottom: 10px !important;}&#8221;]<\/p>\n<h4>Federico Della Puppa<\/h4>\n<p>[\/vc_column_text][vc_column_text]Federico Della Puppa (Venezia, 1961). Da sempre impegnato sui temi dello sviluppo sostenibile, si e\u0300 laureato all\u2019Universita\u0300 di Padova con una tesi sulla pianificazione e gestione di parchi naturali&#8230;<\/p>\n<p>&nbsp;<\/p>\n<p><a href=\"https:\/\/www.fondazionefrancescofabbri.it\/it\/about\/governance\/federico-della-puppa\/\">Leggi biografia<\/a>[\/vc_column_text][\/vc_column][\/vc_row][vc_row][vc_column width=&#8221;1\/4&#8243;][vc_single_image image=&#8221;1244&#8243; img_size=&#8221;full&#8221;][\/vc_column][vc_column width=&#8221;3\/4&#8243;][vc_column_text css=&#8221;.vc_custom_1490086809660{margin-bottom: 10px !important;}&#8221;]<\/p>\n<h4>Antonella Faggiani<\/h4>\n<p>[\/vc_column_text][vc_column_text]Architetto, docente presso IUAV di Venezia[\/vc_column_text][\/vc_column][\/vc_row][vc_row][vc_column width=&#8221;1\/4&#8243;][vc_single_image image=&#8221;912&#8243; img_size=&#8221;full&#8221;][\/vc_column][vc_column width=&#8221;3\/4&#8243;][vc_column_text css=&#8221;.vc_custom_1474530910727{margin-bottom: 10px !important;}&#8221;]<\/p>\n<h4>Carlo Sala<\/h4>\n<p>[\/vc_column_text][vc_column_text]Carlo Sala (Treviso, 1984), critico d&#8217;arte, curatore e docente al Master in Photography dell&#8217;Universit\u00e0 IUAV di Venezia. \u00c8 membro del comitato curatoriale della Fondazione Francesco Fabbri Onlus&#8230;<\/p>\n<p>&nbsp;<\/p>\n<p><a href=\"https:\/\/www.fondazionefrancescofabbri.it\/it\/about\/governance\/carlo-sala\/\">Leggi biografia<\/a>[\/vc_column_text][\/vc_column][\/vc_row][vc_row][vc_column][\/vc_column][\/vc_row][vc_row][vc_column][vc_column_text css=&#8221;.vc_custom_1646315953869{margin-bottom: 15px !important;}&#8221;]<\/p>\n<h4>SEGRETERIA TECNICA \/ RESPONSABILE ORGANIZZATIVA<\/h4>\n<p>[\/vc_column_text][\/vc_column][\/vc_row][vc_row][vc_column width=&#8221;1\/4&#8243;][vc_single_image image=&#8221;1213&#8243; img_size=&#8221;full&#8221;][\/vc_column][vc_column width=&#8221;3\/4&#8243;][vc_column_text css=&#8221;.vc_custom_1485257622236{margin-bottom: 10px !important;}&#8221;]<\/p>\n<h4>Chiara Pozzobon<\/h4>\n<p>[\/vc_column_text][\/vc_column][\/vc_row][vc_row][vc_column width=&#8221;1\/4&#8243;][\/vc_column][\/vc_row][vc_row][vc_column][vc_empty_space height=&#8221;50px&#8221;][\/vc_column][\/vc_row][vc_row][vc_column][vc_column_text css=&#8221;.vc_custom_1474530688341{margin-bottom: 15px !important;}&#8221;]<\/p>\n<h4>COMITATO SCIENTIFICO TERRITORIALE<\/h4>\n<p>[\/vc_column_text][\/vc_column][\/vc_row][vc_row][vc_column width=&#8221;1\/4&#8243;][vc_single_image image=&#8221;1003&#8243; img_size=&#8221;full&#8221;][\/vc_column][vc_column width=&#8221;3\/4&#8243;][vc_column_text css=&#8221;.vc_custom_1474530943211{margin-bottom: 10px !important;}&#8221;]<\/p>\n<h4>Quirino Biscaro<\/h4>\n<p>[\/vc_column_text][vc_column_text]Economista ed econometrico, dal 1999 al 2013 \u00e8 stato professore di Politica Economica e Politica Industriale, ora insegna Economia Aziendale e Geopolitica&#8230;<\/p>\n<p>&nbsp;<\/p>\n<p><a href=\"https:\/\/www.fondazionefrancescofabbri.it\/it\/about\/governance\/quirino-biscaro\/\">Leggi biografia<\/a>[\/vc_column_text][\/vc_column][\/vc_row][vc_row][vc_column width=&#8221;1\/4&#8243;][vc_single_image image=&#8221;1248&#8243; img_size=&#8221;full&#8221;][\/vc_column][vc_column width=&#8221;3\/4&#8243;][vc_column_text css=&#8221;.vc_custom_1486030183635{margin-bottom: 10px !important;}&#8221;]<\/p>\n<h4>Patrizio Bof<\/h4>\n<p>[\/vc_column_text][vc_column_text]Imprenditore, presidente di InfiniteArea[\/vc_column_text][\/vc_column][\/vc_row][vc_row][vc_column width=&#8221;1\/4&#8243;][vc_single_image image=&#8221;1247&#8243; img_size=&#8221;full&#8221;][\/vc_column][vc_column width=&#8221;3\/4&#8243;][vc_column_text css=&#8221;.vc_custom_1486030193396{margin-bottom: 10px !important;}&#8221;]<\/p>\n<h4>Aldo Bonomi<\/h4>\n<p>[\/vc_column_text][vc_column_text]Sociologo, presidente Aaster[\/vc_column_text][\/vc_column][\/vc_row][vc_row][vc_column width=&#8221;1\/4&#8243;][vc_single_image image=&#8221;814&#8243; img_size=&#8221;full&#8221;][\/vc_column][vc_column width=&#8221;3\/4&#8243;][vc_column_text css=&#8221;.vc_custom_1474042654253{margin-bottom: 10px !important;}&#8221;]<\/p>\n<h4>Maurizio Castro<\/h4>\n<p>[\/vc_column_text][vc_column_text]Gi\u00e0 docente di diritto penale (1977-79), Maurizio Castro ha sviluppato la sua carriera manageriale prima in S.I.P., Assindustria Padova e Gruppo Dai Pra&#8230;.<\/p>\n<p>&nbsp;<\/p>\n<p><a href=\"https:\/\/www.fondazionefrancescofabbri.it\/it\/about\/governance\/maurizio-castro\/\">Leggi biografia<\/a>[\/vc_column_text][\/vc_column][\/vc_row][vc_row][vc_column width=&#8221;1\/4&#8243;][vc_single_image image=&#8221;808&#8243; img_size=&#8221;full&#8221;][\/vc_column][vc_column width=&#8221;3\/4&#8243;][vc_column_text css=&#8221;.vc_custom_1474530482717{margin-bottom: 10px !important;}&#8221;]<\/p>\n<h4>Luisa Cigagna<\/h4>\n<p>[\/vc_column_text][vc_column_text]Nata a Motta di Livenza (Tv) nel 1958, Luisa Cigagna \u00e8 laureata in Storia Contemporanea. Gi\u00e0 Assessore alla Cultura del Comune di Pieve di Soligo, \u00e8 stata, presso lo stesso comune, Presidente dell\u2019Universit\u00e0 Adulti \u201cCultura e Societ\u00e0\u201d&#8230;<\/p>\n<p>&nbsp;<\/p>\n<p><a href=\"https:\/\/www.fondazionefrancescofabbri.it\/it\/about\/governance\/luisa-cigagna\/\">Leggi biografia<\/a>[\/vc_column_text][\/vc_column][\/vc_row][vc_row][vc_column width=&#8221;1\/4&#8243;][vc_single_image image=&#8221;812&#8243; img_size=&#8221;full&#8221;][\/vc_column][vc_column width=&#8221;3\/4&#8243;][vc_column_text css=&#8221;.vc_custom_1474042512050{margin-bottom: 10px !important;}&#8221;]<\/p>\n<h4>Maurizio Rasera<\/h4>\n<p>[\/vc_column_text][vc_column_text]Nato a Milano il 09\/10\/1958, Maurizio Rasera si \u00e8 laureato in Scienze Politiche presso l\u2019Universit\u00e0 di Padova con una tesi in Sociologia del lavoro&#8230;.<\/p>\n<p>&nbsp;<\/p>\n<p><a href=\"https:\/\/www.fondazionefrancescofabbri.it\/it\/about\/governance\/maurizio-rasera\/\">Leggi biografia<\/a>[\/vc_column_text][\/vc_column][\/vc_row][vc_row][vc_column width=&#8221;1\/4&#8243;][vc_single_image image=&#8221;1089&#8243; img_size=&#8221;full&#8221;][\/vc_column][vc_column width=&#8221;3\/4&#8243;][vc_column_text css=&#8221;.vc_custom_1474531012342{margin-bottom: 10px !important;}&#8221;]<\/p>\n<h4>Renato Ruffini<\/h4>\n<p>[\/vc_column_text][vc_column_text]Renato Ruffini \u00e8 Professore di Economia aziendale e di Economia delle amministrazioni pubbliche all&#8217;Universit\u00e0 C. Cattaneo &#8211; LIUC di Castellanza (Va). Ha insegnato anche Organizzazione del lavoro presso diverse universit\u00e0 (LUMSA, Link campus) e corporate governance&#8230;<\/p>\n<p>&nbsp;<\/p>\n<p><a href=\"https:\/\/www.fondazionefrancescofabbri.it\/it\/about\/governance\/renato-ruffini\/\">Leggi biografia<\/a>[\/vc_column_text][\/vc_column][\/vc_row][vc_row][vc_column width=&#8221;1\/4&#8243;][vc_single_image image=&#8221;1251&#8243; img_size=&#8221;full&#8221;][\/vc_column][vc_column width=&#8221;3\/4&#8243;][vc_column_text css=&#8221;.vc_custom_1486030270920{margin-bottom: 10px !important;}&#8221;]<\/p>\n<h4>Pierluigi Sacco<\/h4>\n<p>[\/vc_column_text][vc_column_text]Docente universitario, economista[\/vc_column_text][\/vc_column][\/vc_row][vc_row][vc_column width=&#8221;1\/4&#8243;][vc_single_image image=&#8221;1223&#8243; img_size=&#8221;full&#8221;][\/vc_column][vc_column width=&#8221;3\/4&#8243;][vc_column_text css=&#8221;.vc_custom_1573554863122{margin-bottom: 10px !important;}&#8221;]<\/p>\n<h4>Ivano Sartor<\/h4>\n<p>[\/vc_column_text][vc_column_text]Storico, scrittore[\/vc_column_text][\/vc_column][\/vc_row][vc_row][vc_column width=&#8221;1\/4&#8243;][vc_single_image image=&#8221;1245&#8243; img_size=&#8221;full&#8221;][\/vc_column][vc_column width=&#8221;3\/4&#8243;][vc_column_text css=&#8221;.vc_custom_1490086868920{margin-bottom: 10px !important;}&#8221;]<\/p>\n<h4>Elita Schillaci<\/h4>\n<p>[\/vc_column_text][vc_column_text]Docente universitario, economista[\/vc_column_text][\/vc_column][\/vc_row][vc_row][vc_column width=&#8221;1\/4&#8243;][vc_single_image image=&#8221;1253&#8243; img_size=&#8221;full&#8221;][\/vc_column][vc_column width=&#8221;3\/4&#8243;][vc_column_text css=&#8221;.vc_custom_1486030290345{margin-bottom: 10px !important;}&#8221;]<\/p>\n<h4>Roberto Siagri<\/h4>\n<p>[\/vc_column_text][vc_column_text]Fisico, presidente Eurotech[\/vc_column_text][\/vc_column][\/vc_row][vc_row][vc_column width=&#8221;1\/4&#8243;][vc_single_image image=&#8221;813&#8243; img_size=&#8221;full&#8221;][\/vc_column][vc_column width=&#8221;3\/4&#8243;][vc_column_text css=&#8221;.vc_custom_1474042587159{margin-bottom: 10px !important;}&#8221;]<\/p>\n<h4>Giovanna Segre<\/h4>\n<p>[\/vc_column_text][vc_column_text]Giovanna Segre dal 2011 \u00e8 Professore associato di Politica economica presso il Dipartimento di Progettazione e Pianificazione in Ambienti Complessi dell\u2019Universit\u00e0 IUAV di Venezia&#8230;.<\/p>\n<p>&nbsp;<\/p>\n<p><a href=\"https:\/\/www.fondazionefrancescofabbri.it\/it\/about\/governance\/giovanna-segre\/\">Leggi biografia<\/a>[\/vc_column_text][\/vc_column][\/vc_row][vc_row][vc_column width=&#8221;1\/4&#8243;][vc_single_image image=&#8221;1254&#8243; img_size=&#8221;full&#8221;][\/vc_column][vc_column width=&#8221;3\/4&#8243;][vc_column_text css=&#8221;.vc_custom_1486030308928{margin-bottom: 10px !important;}&#8221;]<\/p>\n<h4>Paolo Zanenga<\/h4>\n<p>[\/vc_column_text][vc_column_text]Ingegnere, presidente Diotima Society[\/vc_column_text][\/vc_column][\/vc_row][vc_row][vc_column][vc_empty_space height=&#8221;50px&#8221;][\/vc_column][\/vc_row][vc_row][vc_column][vc_column_text css=&#8221;.vc_custom_1485257731310{margin-bottom: 15px !important;}&#8221;]<\/p>\n<h4>AMICI DELLA FONDAZIONE<\/h4>\n<p>[\/vc_column_text][vc_column_text]<\/p>\n<h4>Carlo Bisol,<\/h4>\n<p>Imprenditore[\/vc_column_text][vc_column_text]<\/p>\n<h4>Renata Codello,<\/h4>\n<p>Direttore affari istituzionali Fondazione Giorgio Cini di Venezia[\/vc_column_text][vc_column_text]<\/p>\n<h4>Alberto De Toni,<\/h4>\n<p>Rettore Universit\u00e0 di Udine[\/vc_column_text][vc_column_text]<\/p>\n<h4>Alberto Ferlenga,<\/h4>\n<p>Rettore IUAV di Venezia<strong><br \/>\n<\/strong>[\/vc_column_text][\/vc_column][\/vc_row]<\/p>\n<\/section>","protected":false},"excerpt":{"rendered":"<p>[vc_row][vc_column][vc_single_image image=&#8221;401&#8243; img_size=&#8221;full&#8221;][vc_column_text]Costituita per volont\u00e0 della famiglia Fabbri, con il sostegno del Comune di Pieve di Soligo e del Consorzio BIM-PIAVE di Treviso, Fondazione Francesco Fabbri raccoglie e sviluppa il <\/p>\n","protected":false},"author":4,"featured_media":0,"parent":15,"menu_order":5,"comment_status":"closed","ping_status":"closed","template":"duecolonne.php","meta":[],"acf":[],"yoast_head":"<!-- This site is optimized with the Yoast SEO plugin v20.8 - https:\/\/yoast.com\/wordpress\/plugins\/seo\/ -->\n<title>Governance - Fondazione Francesco Fabbri<\/title>\n<meta name=\"robots\" content=\"index, follow, max-snippet:-1, max-image-preview:large, max-video-preview:-1\" \/>\n<link rel=\"canonical\" href=\"https:\/\/www.fondazionefrancescofabbri.it\/it\/about\/governance\/\" \/>\n<meta property=\"og:locale\" content=\"it_IT\" \/>\n<meta property=\"og:type\" content=\"article\" \/>\n<meta property=\"og:title\" content=\"Governance - Fondazione Francesco Fabbri\" \/>\n<meta property=\"og:description\" content=\"[vc_row][vc_column][vc_single_image image=&#8221;401&#8243; img_size=&#8221;full&#8221;][vc_column_text]Costituita per volont\u00e0 della famiglia Fabbri, con il sostegno del Comune di Pieve di Soligo e del Consorzio BIM-PIAVE di Treviso, Fondazione Francesco Fabbri raccoglie e sviluppa il\" \/>\n<meta property=\"og:url\" content=\"https:\/\/www.fondazionefrancescofabbri.it\/it\/about\/governance\/\" \/>\n<meta property=\"og:site_name\" content=\"Fondazione Francesco Fabbri\" \/>\n<meta property=\"article:modified_time\" content=\"2024-09-12T08:21:58+00:00\" \/>\n<meta name=\"twitter:card\" content=\"summary_large_image\" \/>\n<meta name=\"twitter:label1\" content=\"Tempo di lettura stimato\" \/>\n\t<meta name=\"twitter:data1\" content=\"6 minuti\" \/>\n<script type=\"application\/ld+json\" class=\"yoast-schema-graph\">{\"@context\":\"https:\/\/schema.org\",\"@graph\":[{\"@type\":\"WebPage\",\"@id\":\"https:\/\/www.fondazionefrancescofabbri.it\/it\/about\/governance\/\",\"url\":\"https:\/\/www.fondazionefrancescofabbri.it\/it\/about\/governance\/\",\"name\":\"Governance - Fondazione Francesco Fabbri\",\"isPartOf\":{\"@id\":\"https:\/\/www.fondazionefrancescofabbri.it\/en\/#website\"},\"datePublished\":\"2016-03-15T12:01:30+00:00\",\"dateModified\":\"2024-09-12T08:21:58+00:00\",\"breadcrumb\":{\"@id\":\"https:\/\/www.fondazionefrancescofabbri.it\/it\/about\/governance\/#breadcrumb\"},\"inLanguage\":\"it-IT\",\"potentialAction\":[{\"@type\":\"ReadAction\",\"target\":[\"https:\/\/www.fondazionefrancescofabbri.it\/it\/about\/governance\/\"]}]},{\"@type\":\"BreadcrumbList\",\"@id\":\"https:\/\/www.fondazionefrancescofabbri.it\/it\/about\/governance\/#breadcrumb\",\"itemListElement\":[{\"@type\":\"ListItem\",\"position\":1,\"name\":\"Home\",\"item\":\"https:\/\/www.fondazionefrancescofabbri.it\/it\/\"},{\"@type\":\"ListItem\",\"position\":2,\"name\":\"About\",\"item\":\"https:\/\/www.fondazionefrancescofabbri.it\/it\/about\/\"},{\"@type\":\"ListItem\",\"position\":3,\"name\":\"Governance\"}]},{\"@type\":\"WebSite\",\"@id\":\"https:\/\/www.fondazionefrancescofabbri.it\/en\/#website\",\"url\":\"https:\/\/www.fondazionefrancescofabbri.it\/en\/\",\"name\":\"Fondazione Francesco Fabbri\",\"description\":\"Just another WordPress site\",\"potentialAction\":[{\"@type\":\"SearchAction\",\"target\":{\"@type\":\"EntryPoint\",\"urlTemplate\":\"https:\/\/www.fondazionefrancescofabbri.it\/en\/?s={search_term_string}\"},\"query-input\":\"required name=search_term_string\"}],\"inLanguage\":\"it-IT\"}]}<\/script>\n<!-- \/ Yoast SEO plugin. -->","yoast_head_json":{"title":"Governance - Fondazione Francesco Fabbri","robots":{"index":"index","follow":"follow","max-snippet":"max-snippet:-1","max-image-preview":"max-image-preview:large","max-video-preview":"max-video-preview:-1"},"canonical":"https:\/\/www.fondazionefrancescofabbri.it\/it\/about\/governance\/","og_locale":"it_IT","og_type":"article","og_title":"Governance - Fondazione Francesco Fabbri","og_description":"[vc_row][vc_column][vc_single_image image=&#8221;401&#8243; img_size=&#8221;full&#8221;][vc_column_text]Costituita per volont\u00e0 della famiglia Fabbri, con il sostegno del Comune di Pieve di Soligo e del Consorzio BIM-PIAVE di Treviso, Fondazione Francesco Fabbri raccoglie e sviluppa il","og_url":"https:\/\/www.fondazionefrancescofabbri.it\/it\/about\/governance\/","og_site_name":"Fondazione Francesco Fabbri","article_modified_time":"2024-09-12T08:21:58+00:00","twitter_card":"summary_large_image","twitter_misc":{"Tempo di lettura stimato":"6 minuti"},"schema":{"@context":"https:\/\/schema.org","@graph":[{"@type":"WebPage","@id":"https:\/\/www.fondazionefrancescofabbri.it\/it\/about\/governance\/","url":"https:\/\/www.fondazionefrancescofabbri.it\/it\/about\/governance\/","name":"Governance - Fondazione Francesco Fabbri","isPartOf":{"@id":"https:\/\/www.fondazionefrancescofabbri.it\/en\/#website"},"datePublished":"2016-03-15T12:01:30+00:00","dateModified":"2024-09-12T08:21:58+00:00","breadcrumb":{"@id":"https:\/\/www.fondazionefrancescofabbri.it\/it\/about\/governance\/#breadcrumb"},"inLanguage":"it-IT","potentialAction":[{"@type":"ReadAction","target":["https:\/\/www.fondazionefrancescofabbri.it\/it\/about\/governance\/"]}]},{"@type":"BreadcrumbList","@id":"https:\/\/www.fondazionefrancescofabbri.it\/it\/about\/governance\/#breadcrumb","itemListElement":[{"@type":"ListItem","position":1,"name":"Home","item":"https:\/\/www.fondazionefrancescofabbri.it\/it\/"},{"@type":"ListItem","position":2,"name":"About","item":"https:\/\/www.fondazionefrancescofabbri.it\/it\/about\/"},{"@type":"ListItem","position":3,"name":"Governance"}]},{"@type":"WebSite","@id":"https:\/\/www.fondazionefrancescofabbri.it\/en\/#website","url":"https:\/\/www.fondazionefrancescofabbri.it\/en\/","name":"Fondazione Francesco Fabbri","description":"Just another WordPress site","potentialAction":[{"@type":"SearchAction","target":{"@type":"EntryPoint","urlTemplate":"https:\/\/www.fondazionefrancescofabbri.it\/en\/?s={search_term_string}"},"query-input":"required name=search_term_string"}],"inLanguage":"it-IT"}]}},"_links":{"self":[{"href":"https:\/\/www.fondazionefrancescofabbri.it\/it\/wp-json\/wp\/v2\/pages\/84"}],"collection":[{"href":"https:\/\/www.fondazionefrancescofabbri.it\/it\/wp-json\/wp\/v2\/pages"}],"about":[{"href":"https:\/\/www.fondazionefrancescofabbri.it\/it\/wp-json\/wp\/v2\/types\/page"}],"author":[{"embeddable":true,"href":"https:\/\/www.fondazionefrancescofabbri.it\/it\/wp-json\/wp\/v2\/users\/4"}],"replies":[{"embeddable":true,"href":"https:\/\/www.fondazionefrancescofabbri.it\/it\/wp-json\/wp\/v2\/comments?post=84"}],"version-history":[{"count":76,"href":"https:\/\/www.fondazionefrancescofabbri.it\/it\/wp-json\/wp\/v2\/pages\/84\/revisions"}],"predecessor-version":[{"id":3864,"href":"https:\/\/www.fondazionefrancescofabbri.it\/it\/wp-json\/wp\/v2\/pages\/84\/revisions\/3864"}],"up":[{"embeddable":true,"href":"https:\/\/www.fondazionefrancescofabbri.it\/it\/wp-json\/wp\/v2\/pages\/15"}],"wp:attachment":[{"href":"https:\/\/www.fondazionefrancescofabbri.it\/it\/wp-json\/wp\/v2\/media?parent=84"}],"curies":[{"name":"wp","href":"https:\/\/api.w.org\/{rel}","templated":true}]}}