{"id":999,"date":"2016-09-30T07:56:02","date_gmt":"2016-09-30T07:56:02","guid":{"rendered":"http:\/\/www.fondazionefrancescofabbri.it\/it\/?page_id=999"},"modified":"2016-09-30T07:56:02","modified_gmt":"2016-09-30T07:56:02","slug":"quirino-biscaro","status":"publish","type":"page","link":"https:\/\/www.fondazionefrancescofabbri.it\/it\/about\/governance\/quirino-biscaro\/","title":{"rendered":"Quirino Biscaro"},"content":{"rendered":"<section class=\"wpb-content-wrapper\"><p>[vc_row][vc_column width=&#8221;1\/4&#8243;][vc_single_image image=&#8221;1003&#8243; img_size=&#8221;full&#8221;][\/vc_column][vc_column width=&#8221;3\/4&#8243;][vc_column_text]Economista ed econometrico, dal 1999 al 2013 \u00e8 stato professore di Politica Economica e Politica Industriale, ora insegna Economia Aziendale e Geopolitica. Dal 1989 \u00e8 consulente di organizzazioni pubbliche (nazionali ed estere) e di organizzazioni di categoria sui temi dell&#8217;economia territoriale, settoriale e aziendale. Dal 2003 \u00e8 vicepresidente dell&#8217;International Trade Academic Center of Advisory. Dal 2005 \u00e8 membro della School of Economics, Language and Entrepreneurship dell&#8217;Universit\u00e0 di Venezia. Dal 2015 \u00e8 membro del forum internazionale ResearchGate (<em>http:\/\/www.researchgate.net\/profile\/Quirino_Biscaro<\/em>). Dal 2016 \u00e8 membro del Social Science Research Network (<em>http:\/\/ssrn.com\/author=569770<\/em>).[\/vc_column_text][\/vc_column][\/vc_row]<\/p>\n<\/section>","protected":false},"excerpt":{"rendered":"<p>[vc_row][vc_column width=&#8221;1\/4&#8243;][vc_single_image image=&#8221;1003&#8243; img_size=&#8221;full&#8221;][\/vc_column][vc_column width=&#8221;3\/4&#8243;][vc_column_text]Economista ed econometrico, dal 1999 al 2013 \u00e8 stato professore di Politica Economica e Politica Industriale, ora insegna Economia Aziendale e Geopolitica. Dal 1989 \u00e8 consulente <\/p>\n","protected":false},"author":3,"featured_media":0,"parent":84,"menu_order":0,"comment_status":"closed","ping_status":"closed","template":"duecolonne.php","meta":[],"acf":[],"yoast_head":"<!-- This site is optimized with the Yoast SEO plugin v20.8 - https:\/\/yoast.com\/wordpress\/plugins\/seo\/ -->\n<title>Quirino Biscaro - Governance Fondazione Francesco Fabbri<\/title>\n<meta name=\"description\" content=\"Economista ed econometrico, dal 1999 al 2013 \u00e8 stato professore di Politica Economica e Politica Industriale, ora insegna Economia Aziendale e Geopolitica.\" \/>\n<meta name=\"robots\" content=\"index, follow, max-snippet:-1, max-image-preview:large, max-video-preview:-1\" \/>\n<link rel=\"canonical\" href=\"https:\/\/www.fondazionefrancescofabbri.it\/it\/about\/governance\/quirino-biscaro\/\" \/>\n<meta property=\"og:locale\" content=\"it_IT\" \/>\n<meta property=\"og:type\" content=\"article\" \/>\n<meta property=\"og:title\" content=\"Quirino Biscaro - Governance Fondazione Francesco Fabbri\" \/>\n<meta property=\"og:description\" content=\"Economista ed econometrico, dal 1999 al 2013 \u00e8 stato professore di Politica Economica e Politica Industriale, ora insegna Economia Aziendale e Geopolitica.\" \/>\n<meta property=\"og:url\" content=\"https:\/\/www.fondazionefrancescofabbri.it\/it\/about\/governance\/quirino-biscaro\/\" \/>\n<meta property=\"og:site_name\" content=\"Fondazione Francesco Fabbri\" \/>\n<meta name=\"twitter:card\" content=\"summary_large_image\" \/>\n<meta name=\"twitter:label1\" content=\"Tempo di lettura stimato\" \/>\n\t<meta name=\"twitter:data1\" content=\"1 minuto\" \/>\n<script type=\"application\/ld+json\" class=\"yoast-schema-graph\">{\"@context\":\"https:\/\/schema.org\",\"@graph\":[{\"@type\":\"WebPage\",\"@id\":\"https:\/\/www.fondazionefrancescofabbri.it\/it\/about\/governance\/quirino-biscaro\/\",\"url\":\"https:\/\/www.fondazionefrancescofabbri.it\/it\/about\/governance\/quirino-biscaro\/\",\"name\":\"Quirino Biscaro - Governance Fondazione Francesco Fabbri\",\"isPartOf\":{\"@id\":\"https:\/\/www.fondazionefrancescofabbri.it\/en\/#website\"},\"datePublished\":\"2016-09-30T07:56:02+00:00\",\"dateModified\":\"2016-09-30T07:56:02+00:00\",\"description\":\"Economista ed econometrico, dal 1999 al 2013 \u00e8 stato professore di Politica Economica e Politica Industriale, ora insegna Economia Aziendale e Geopolitica.\",\"breadcrumb\":{\"@id\":\"https:\/\/www.fondazionefrancescofabbri.it\/it\/about\/governance\/quirino-biscaro\/#breadcrumb\"},\"inLanguage\":\"it-IT\",\"potentialAction\":[{\"@type\":\"ReadAction\",\"target\":[\"https:\/\/www.fondazionefrancescofabbri.it\/it\/about\/governance\/quirino-biscaro\/\"]}]},{\"@type\":\"BreadcrumbList\",\"@id\":\"https:\/\/www.fondazionefrancescofabbri.it\/it\/about\/governance\/quirino-biscaro\/#breadcrumb\",\"itemListElement\":[{\"@type\":\"ListItem\",\"position\":1,\"name\":\"Home\",\"item\":\"https:\/\/www.fondazionefrancescofabbri.it\/it\/\"},{\"@type\":\"ListItem\",\"position\":2,\"name\":\"About\",\"item\":\"https:\/\/www.fondazionefrancescofabbri.it\/it\/about\/\"},{\"@type\":\"ListItem\",\"position\":3,\"name\":\"Governance\",\"item\":\"https:\/\/www.fondazionefrancescofabbri.it\/it\/about\/governance\/\"},{\"@type\":\"ListItem\",\"position\":4,\"name\":\"Quirino Biscaro\"}]},{\"@type\":\"WebSite\",\"@id\":\"https:\/\/www.fondazionefrancescofabbri.it\/en\/#website\",\"url\":\"https:\/\/www.fondazionefrancescofabbri.it\/en\/\",\"name\":\"Fondazione Francesco Fabbri\",\"description\":\"Just another WordPress site\",\"potentialAction\":[{\"@type\":\"SearchAction\",\"target\":{\"@type\":\"EntryPoint\",\"urlTemplate\":\"https:\/\/www.fondazionefrancescofabbri.it\/en\/?s={search_term_string}\"},\"query-input\":\"required name=search_term_string\"}],\"inLanguage\":\"it-IT\"}]}<\/script>\n<!-- \/ Yoast SEO plugin. -->","yoast_head_json":{"title":"Quirino Biscaro - Governance Fondazione Francesco Fabbri","description":"Economista ed econometrico, dal 1999 al 2013 \u00e8 stato professore di Politica Economica e Politica Industriale, ora insegna Economia Aziendale e Geopolitica.","robots":{"index":"index","follow":"follow","max-snippet":"max-snippet:-1","max-image-preview":"max-image-preview:large","max-video-preview":"max-video-preview:-1"},"canonical":"https:\/\/www.fondazionefrancescofabbri.it\/it\/about\/governance\/quirino-biscaro\/","og_locale":"it_IT","og_type":"article","og_title":"Quirino Biscaro - Governance Fondazione Francesco Fabbri","og_description":"Economista ed econometrico, dal 1999 al 2013 \u00e8 stato professore di Politica Economica e Politica Industriale, ora insegna Economia Aziendale e Geopolitica.","og_url":"https:\/\/www.fondazionefrancescofabbri.it\/it\/about\/governance\/quirino-biscaro\/","og_site_name":"Fondazione Francesco Fabbri","twitter_card":"summary_large_image","twitter_misc":{"Tempo di lettura stimato":"1 minuto"},"schema":{"@context":"https:\/\/schema.org","@graph":[{"@type":"WebPage","@id":"https:\/\/www.fondazionefrancescofabbri.it\/it\/about\/governance\/quirino-biscaro\/","url":"https:\/\/www.fondazionefrancescofabbri.it\/it\/about\/governance\/quirino-biscaro\/","name":"Quirino Biscaro - Governance Fondazione Francesco Fabbri","isPartOf":{"@id":"https:\/\/www.fondazionefrancescofabbri.it\/en\/#website"},"datePublished":"2016-09-30T07:56:02+00:00","dateModified":"2016-09-30T07:56:02+00:00","description":"Economista ed econometrico, dal 1999 al 2013 \u00e8 stato professore di Politica Economica e Politica Industriale, ora insegna Economia Aziendale e Geopolitica.","breadcrumb":{"@id":"https:\/\/www.fondazionefrancescofabbri.it\/it\/about\/governance\/quirino-biscaro\/#breadcrumb"},"inLanguage":"it-IT","potentialAction":[{"@type":"ReadAction","target":["https:\/\/www.fondazionefrancescofabbri.it\/it\/about\/governance\/quirino-biscaro\/"]}]},{"@type":"BreadcrumbList","@id":"https:\/\/www.fondazionefrancescofabbri.it\/it\/about\/governance\/quirino-biscaro\/#breadcrumb","itemListElement":[{"@type":"ListItem","position":1,"name":"Home","item":"https:\/\/www.fondazionefrancescofabbri.it\/it\/"},{"@type":"ListItem","position":2,"name":"About","item":"https:\/\/www.fondazionefrancescofabbri.it\/it\/about\/"},{"@type":"ListItem","position":3,"name":"Governance","item":"https:\/\/www.fondazionefrancescofabbri.it\/it\/about\/governance\/"},{"@type":"ListItem","position":4,"name":"Quirino Biscaro"}]},{"@type":"WebSite","@id":"https:\/\/www.fondazionefrancescofabbri.it\/en\/#website","url":"https:\/\/www.fondazionefrancescofabbri.it\/en\/","name":"Fondazione Francesco Fabbri","description":"Just another WordPress site","potentialAction":[{"@type":"SearchAction","target":{"@type":"EntryPoint","urlTemplate":"https:\/\/www.fondazionefrancescofabbri.it\/en\/?s={search_term_string}"},"query-input":"required name=search_term_string"}],"inLanguage":"it-IT"}]}},"_links":{"self":[{"href":"https:\/\/www.fondazionefrancescofabbri.it\/it\/wp-json\/wp\/v2\/pages\/999"}],"collection":[{"href":"https:\/\/www.fondazionefrancescofabbri.it\/it\/wp-json\/wp\/v2\/pages"}],"about":[{"href":"https:\/\/www.fondazionefrancescofabbri.it\/it\/wp-json\/wp\/v2\/types\/page"}],"author":[{"embeddable":true,"href":"https:\/\/www.fondazionefrancescofabbri.it\/it\/wp-json\/wp\/v2\/users\/3"}],"replies":[{"embeddable":true,"href":"https:\/\/www.fondazionefrancescofabbri.it\/it\/wp-json\/wp\/v2\/comments?post=999"}],"version-history":[{"count":1,"href":"https:\/\/www.fondazionefrancescofabbri.it\/it\/wp-json\/wp\/v2\/pages\/999\/revisions"}],"predecessor-version":[{"id":1005,"href":"https:\/\/www.fondazionefrancescofabbri.it\/it\/wp-json\/wp\/v2\/pages\/999\/revisions\/1005"}],"up":[{"embeddable":true,"href":"https:\/\/www.fondazionefrancescofabbri.it\/it\/wp-json\/wp\/v2\/pages\/84"}],"wp:attachment":[{"href":"https:\/\/www.fondazionefrancescofabbri.it\/it\/wp-json\/wp\/v2\/media?parent=999"}],"curies":[{"name":"wp","href":"https:\/\/api.w.org\/{rel}","templated":true}]}}